{"id":2059,"date":"2024-05-08T14:04:03","date_gmt":"2024-05-08T12:04:03","guid":{"rendered":"https:\/\/www.komre.de\/?page_id=2059"},"modified":"2024-05-08T14:10:21","modified_gmt":"2024-05-08T12:10:21","slug":"werkstudent-bzw-praktikant-social-media-community-manager-w-m-d","status":"publish","type":"page","link":"https:\/\/komre.de\/index.php\/werkstudent-bzw-praktikant-social-media-community-manager-w-m-d\/","title":{"rendered":"Werkstudent bzw. Praktikant Social Media \/ Community-Manager (w\/m\/d)"},"content":{"rendered":"<p><div class=\"fusion-fullwidth fullwidth-box fusion-builder-row-1 nonhundred-percent-fullwidth non-hundred-percent-height-scrolling\" style=\"--awb-border-radius-top-left:0px;--awb-border-radius-top-right:0px;--awb-border-radius-bottom-right:0px;--awb-border-radius-bottom-left:0px;--awb-flex-wrap:wrap;\" ><div class=\"fusion-builder-row fusion-row\"><div class=\"fusion-layout-column fusion_builder_column fusion-builder-column-0 fusion_builder_column_1_1 1_1 fusion-one-full fusion-column-first fusion-column-last\" style=\"--awb-bg-size:cover;\"><div class=\"fusion-column-wrapper fusion-column-has-shadow fusion-flex-column-wrapper-legacy\"><div class=\"fusion-text fusion-text-1\"><h2 style=\"text-align: center;\">Werkstudent bzw. Praktikant Social Media \/ Community-Manager (w\/m\/d)<\/h2>\n<h3 style=\"text-align: center;\">im Bereich ziviler Katastrophenschutz<\/h3>\n<\/div><div class=\"fusion-sep-clear\"><\/div><div class=\"fusion-separator\" style=\"margin-left: auto;margin-right: auto;margin-top:0px;margin-bottom:30px;width:100%;max-width:206px;\"><div class=\"fusion-separator-border sep-single sep-solid\" style=\"--awb-height:20px;--awb-amount:20px;--awb-sep-color:#fed03d;border-color:#fed03d;border-top-width:2px;\"><\/div><\/div><div class=\"fusion-sep-clear\"><\/div><div class=\"fusion-clearfix\"><\/div><\/div><\/div><div class=\"fusion-layout-column fusion_builder_column fusion-builder-column-1 fusion_builder_column_1_2 1_2 fusion-one-half fusion-column-first\" style=\"--awb-bg-size:cover;width:50%;width:calc(50% - ( ( 4% ) * 0.5 ) );margin-right: 4%;\"><div class=\"fusion-column-wrapper fusion-column-has-shadow fusion-flex-column-wrapper-legacy\"><div class=\"fusion-text fusion-text-2\"><p><strong>Zukunft sichern durch Innovation \u2013 Undenkbares denken lernen<\/strong><\/p>\n<p><strong>\u00dcber uns:<\/strong><\/p>\n<p>Die KomRe AG ist Innovationsf\u00fchrer bei L\u00f6sungen f\u00fcr den Katastrophenschutz. Wir entwickeln technische Kommunikations-Systeme der Daseinsvorsorge und f\u00fcr das Krisenmanagement von Kommunen. Damit gew\u00e4hrleisten wir das \u201e\u00dcberleben\u201c von Kommunen in Katastrophen. Zukunftssicherung durch innovativen Katastrophenschutz \u2013 KomRe bietet Beratung und technische Systeme, die durch kontinuierliche zivile Sicherheitsforschung weiterentwickelt werden.<\/p>\n<p>Sie bezeichnen sich selbst als Social Media-Profi? Dann gehen Sie mit uns den n\u00e4chsten Schritt &amp; unterst\u00fctzen uns bei der Pflege und dem Wachstum unserer Online-Pr\u00e4senz!<\/p>\n<p><strong>Das sind Ihre Aufgaben:<\/strong><\/p>\n<ul>\n<li>Aktive Betreuung unserer Onlinepr\u00e4senz und Aufbau von Social-Media-Kan\u00e4len<\/li>\n<li>Erstellung von ansprechenden Inhalten f\u00fcr verschiedene Plattformen<\/li>\n<li>Aufbau einer deutschlandweiten Experten-Community zum Katastrophenschutz<\/li>\n<li>Entwicklung und Umsetzung von Strategien zur Steigerung des Engagements und der Reichweite<\/li>\n<li>Analyse von Social-Media-Daten und Ableitung von Optimierungsma\u00dfnahmen<\/li>\n<li>Unterst\u00fctzung bei der Planung und Durchf\u00fchrung von Online-Veranstaltungen und Kampagnen<\/li>\n<\/ul>\n<p><strong>Das bringen Sie daf\u00fcr mit:<\/strong><\/p>\n<ul>\n<li>Immatrikulierter Student (m\/w\/d) in einem relevanten Studiengang wie Kommunikationswissenschaften, Marketing oder einem \u00e4hnlichen Fachgebiet<\/li>\n<li>Erste Erfahrungen im Bereich Social Media und Community Management von Vorteil<\/li>\n<li>Kreativit\u00e4t und ein Gesp\u00fcr f\u00fcr ansprechende Inhalte<\/li>\n<li>Gute Kenntnisse in der Nutzung von Social-Media-Plattformen<\/li>\n<li>Analytisches Denkverm\u00f6gen und die F\u00e4higkeit, Daten zu interpretieren<\/li>\n<li>Selbstst\u00e4ndige und zuverl\u00e4ssige Arbeitsweise<\/li>\n<li>Ausgezeichnete Kommunikationsf\u00e4higkeiten in Deutsch und idealerweise Englisch<\/li>\n<\/ul>\n<p><strong>Darauf d\u00fcrfen Sie sich freuen:<\/strong><\/p>\n<ul>\n<li>Sinnstiftende und spannende Aufgaben in einem zukunftsorientierten Umfeld zur Sicherung unserer Gesellschaft<\/li>\n<li>Gro\u00dfer Entscheidungsspielraum &#8211; Sie arbeiten eigenverantwortlich und direkt mit dem Vorstand zusammen<\/li>\n<li>Wir leben eine offene, partnerschaftliche Unternehmenskultur<\/li>\n<li>Die M\u00f6glichkeit eigene Ideen einzubringen<\/li>\n<li>Flexible Arbeitszeiten, die sich gut mit dem Studium vereinbaren lassen<\/li>\n<li>Eine attraktive Verg\u00fctung und die Chance auf langfristige Zusammenarbeit<\/li>\n<li>Spa\u00df bei der Arbeit und dabei, einen nachhaltigen messbaren Beitrag zu leisten<\/li>\n<\/ul>\n<hr \/>\n<p><strong>Kontakt<\/strong><\/p>\n<p>Ihre Bewerbung k\u00f6nnen Sie uns gerne \u00fcber unser Online-Formular oder per Mail zukommen lassen. Nach der Pr\u00fcfung Ihrer Bewerbung folgt ein zweistufiger Prozess bestehend aus Telefon-\/ Videospr\u00e4chen und \u2013 je nach Situation \u2013 Vor-Ort-Terminen, in denen Sie Ihre zuk\u00fcnftigen Vorgesetze und die Abteilungsleitung kennenlernen. Bei positivem Verlauf halten Sie innerhalb eines Monats Ihren Arbeitsvertrag in der Hand.<\/p>\n<p><strong>Wir freuen uns auf Sie!<\/strong><\/p>\n<p>Bewerben Sie sich per E-Mail an bewerbung@komre.de<\/p>\n<p><strong>KomRe AG<\/strong><br \/>\nTempliner Str. 16, 10119 Berlin, Deutschland<\/p>\n<\/div><div class=\"fusion-clearfix\"><\/div><\/div><\/div><div class=\"fusion-layout-column fusion_builder_column fusion-builder-column-2 fusion_builder_column_1_2 1_2 fusion-one-half fusion-column-last\" style=\"--awb-padding-top:65px;--awb-bg-size:cover;width:50%;width:calc(50% - ( ( 4% ) * 0.5 ) );\"><div class=\"fusion-column-wrapper fusion-column-has-shadow fusion-flex-column-wrapper-legacy\"><div class=\"fusion-image-element in-legacy-container\" style=\"--awb-caption-title-font-family:var(--h2_typography-font-family);--awb-caption-title-font-weight:var(--h2_typography-font-weight);--awb-caption-title-font-style:var(--h2_typography-font-style);--awb-caption-title-size:var(--h2_typography-font-size);--awb-caption-title-transform:var(--h2_typography-text-transform);--awb-caption-title-line-height:var(--h2_typography-line-height);--awb-caption-title-letter-spacing:var(--h2_typography-letter-spacing);\"><span class=\" fusion-imageframe imageframe-none imageframe-1 hover-type-none\"><img decoding=\"async\" width=\"3000\" height=\"2000\" title=\"rawpixel-665368-unsplash\" src=\"https:\/\/www.komre.de\/wp-content\/uploads\/2019\/01\/rawpixel-665368-unsplash.jpg\" alt class=\"img-responsive wp-image-1409\"\/><\/span><\/div><div class=\"fusion-clearfix\"><\/div><\/div><\/div><\/div><\/div><div id=\"Gratis Demo\" class=\"fusion-container-anchor\"><div class=\"fusion-fullwidth fullwidth-box fusion-builder-row-2 nonhundred-percent-fullwidth non-hundred-percent-height-scrolling\" style=\"--awb-border-radius-top-left:0px;--awb-border-radius-top-right:0px;--awb-border-radius-bottom-right:0px;--awb-border-radius-bottom-left:0px;--awb-padding-top:100px;--awb-padding-bottom:90px;--awb-background-color:#f5f5f5;--awb-border-sizes-top:0px;--awb-border-sizes-bottom:0px;--awb-flex-wrap:wrap;\" ><div class=\"fusion-builder-row fusion-row\"><div class=\"fusion-layout-column fusion_builder_column fusion-builder-column-3 fusion_builder_column_1_6 1_6 fusion-one-sixth fusion-column-first fusion-no-small-visibility\" style=\"--awb-bg-size:cover;width:13.3333%; margin-right: 4%;\"><div class=\"fusion-column-wrapper fusion-flex-column-wrapper-legacy\"><div class=\"fusion-sep-clear\"><\/div><div class=\"fusion-separator fusion-full-width-sep\" style=\"margin-left: auto;margin-right: auto;width:100%;\"><\/div><div class=\"fusion-sep-clear\"><\/div><div class=\"fusion-clearfix\"><\/div><\/div><\/div><div class=\"fusion-layout-column fusion_builder_column fusion-builder-column-4 fusion_builder_column_2_3 2_3 fusion-two-third\" style=\"--awb-bg-color:rgba(255,255,255,0.9);--awb-bg-color-hover:rgba(255,255,255,0.9);--awb-bg-size:cover;--awb-margin-top:20px;--awb-margin-bottom:20px;width:65.3333%; margin-right: 4%;\"><div class=\"fusion-column-wrapper fusion-flex-column-wrapper-legacy\"><div class=\"fusion-reading-box-container reading-box-container-1\" style=\"--awb-title-color:#333333;--awb-margin-top:0px;--awb-margin-bottom:0px;\"><div class=\"reading-box reading-box-center\" style=\"background-color:#fed03d;border-width:0px;border-color:#f6f6f6;border-style:solid;\"><h2>Interesse geweckt? Dann kontaktieren Sie uns: <\/h2><\/div><\/div><div class=\"fusion-builder-row fusion-builder-row-inner fusion-row\"><div class=\"fusion-layout-column fusion_builder_column_inner fusion-builder-nested-column-0 fusion_builder_column_inner_1_1 1_1 fusion-one-full fusion-column-first fusion-column-last\" style=\"--awb-padding-top:5%;--awb-padding-right:6%;--awb-padding-bottom:6%;--awb-padding-left:6%;--awb-bg-size:cover;\"><div class=\"fusion-column-wrapper fusion-flex-column-wrapper-legacy\"><div class=\"fusion-sep-clear\"><\/div><div class=\"fusion-separator fusion-full-width-sep\" style=\"margin-left: auto;margin-right: auto;margin-top:10px;width:100%;\"><\/div><div class=\"fusion-sep-clear\"><\/div>\n<div class=\"wpcf7 no-js\" id=\"wpcf7-f2062-o1\" lang=\"en-US\" dir=\"ltr\" data-wpcf7-id=\"2062\">\n<div class=\"screen-reader-response\"><p role=\"status\" aria-live=\"polite\" aria-atomic=\"true\"><\/p> <ul><\/ul><\/div>\n<form action=\"\/index.php\/wp-json\/wp\/v2\/pages\/2059#wpcf7-f2062-o1\" method=\"post\" class=\"wpcf7-form init\" aria-label=\"Contact form\" enctype=\"multipart\/form-data\" novalidate=\"novalidate\" data-status=\"init\">\n<fieldset class=\"hidden-fields-container\"><input type=\"hidden\" name=\"_wpcf7\" value=\"2062\" \/><input type=\"hidden\" name=\"_wpcf7_version\" value=\"6.1.5\" \/><input type=\"hidden\" name=\"_wpcf7_locale\" value=\"en_US\" \/><input type=\"hidden\" name=\"_wpcf7_unit_tag\" value=\"wpcf7-f2062-o1\" \/><input type=\"hidden\" name=\"_wpcf7_container_post\" value=\"0\" \/><input type=\"hidden\" name=\"_wpcf7_posted_data_hash\" value=\"\" \/><input type=\"hidden\" name=\"_wpcf7_recaptcha_response\" value=\"\" \/>\n<\/fieldset>\n<p><span class=\"wpcf7-form-control-wrap\" data-name=\"Name\"><input size=\"40\" maxlength=\"400\" class=\"wpcf7-form-control wpcf7-text wpcf7-validates-as-required\" aria-required=\"true\" aria-invalid=\"false\" placeholder=\"Name *\" value=\"\" type=\"text\" name=\"Name\" \/><\/span>\n<\/p>\n<p><span class=\"wpcf7-form-control-wrap\" data-name=\"E-Mail\"><input size=\"40\" maxlength=\"400\" class=\"wpcf7-form-control wpcf7-email wpcf7-validates-as-required wpcf7-text wpcf7-validates-as-email\" aria-required=\"true\" aria-invalid=\"false\" placeholder=\"E-Mail *\" value=\"\" type=\"email\" name=\"E-Mail\" \/><\/span>\n<\/p>\n<p><span class=\"wpcf7-form-control-wrap\" data-name=\"Telefonnummer\"><input size=\"40\" maxlength=\"400\" class=\"wpcf7-form-control wpcf7-text\" aria-invalid=\"false\" placeholder=\"Telefonnummer\" value=\"\" type=\"text\" name=\"Telefonnummer\" \/><\/span>\n<\/p>\n<p><span class=\"wpcf7-form-control-wrap\" data-name=\"Betreff\"><input size=\"40\" maxlength=\"400\" class=\"wpcf7-form-control wpcf7-text wpcf7-validates-as-required\" aria-required=\"true\" aria-invalid=\"false\" placeholder=\"Betreff *\" value=\"\" type=\"text\" name=\"Betreff\" \/><\/span>\n<\/p>\n<p><span class=\"wpcf7-form-control-wrap\" data-name=\"Nachricht\"><textarea cols=\"40\" rows=\"10\" maxlength=\"2000\" class=\"wpcf7-form-control wpcf7-textarea wpcf7-validates-as-required\" aria-required=\"true\" aria-invalid=\"false\" placeholder=\"Ihre Nachricht *\" name=\"Nachricht\"><\/textarea><\/span>\n<\/p>\n<p><input class=\"wpcf7-form-control wpcf7-submit has-spinner\" type=\"submit\" value=\"ABSENDEN\" \/>\n<\/p>\n<p><span class=\"wpcf7-form-control-wrap\" data-name=\"file-121\"><input size=\"40\" class=\"wpcf7-form-control wpcf7-file\" accept=\".pdf,.jpeg,.jpg,.png\" aria-invalid=\"false\" type=\"file\" name=\"file-121\" \/><\/span>\n<\/p><div class=\"fusion-alert alert custom alert-custom fusion-alert-center wpcf7-response-output fusion-alert-capitalize awb-alert-native-link-color alert-dismissable awb-alert-close-boxed\" style=\"--awb-border-top-left-radius:0px;--awb-border-top-right-radius:0px;--awb-border-bottom-left-radius:0px;--awb-border-bottom-right-radius:0px;\" role=\"alert\"><div class=\"fusion-alert-content-wrapper\"><span class=\"fusion-alert-content\"><\/span><\/div><button type=\"button\" class=\"close toggle-alert\" data-dismiss=\"alert\" aria-label=\"Close\">&times;<\/button><\/div>\n<\/form>\n<\/div>\n<div class=\"fusion-clearfix\"><\/div><\/div><\/div><\/div><div class=\"fusion-clearfix\"><\/div><\/div><\/div><div class=\"fusion-layout-column fusion_builder_column fusion-builder-column-5 fusion_builder_column_1_6 1_6 fusion-one-sixth fusion-column-last fusion-no-small-visibility\" style=\"--awb-bg-size:cover;width:13.3333%;\"><div class=\"fusion-column-wrapper fusion-flex-column-wrapper-legacy\"><div class=\"fusion-sep-clear\"><\/div><div class=\"fusion-separator fusion-full-width-sep\" style=\"margin-left: auto;margin-right: auto;width:100%;\"><\/div><div class=\"fusion-sep-clear\"><\/div><div class=\"fusion-clearfix\"><\/div><\/div><\/div><\/div><\/div><\/div><div class=\"fusion-fullwidth fullwidth-box fusion-builder-row-3 hundred-percent-fullwidth non-hundred-percent-height-scrolling\" style=\"--awb-border-radius-top-left:0px;--awb-border-radius-top-right:0px;--awb-border-radius-bottom-right:0px;--awb-border-radius-bottom-left:0px;--awb-border-sizes-top:0px;--awb-border-sizes-bottom:0px;--awb-flex-wrap:wrap;\" ><div class=\"fusion-builder-row fusion-row\"><div class=\"fusion-layout-column fusion_builder_column fusion-builder-column-6 fusion_builder_column_1_1 1_1 fusion-one-full fusion-column-first fusion-column-last fusion-column-no-min-height\" style=\"--awb-bg-size:cover;\"><div class=\"fusion-column-wrapper fusion-flex-column-wrapper-legacy\"><div class=\"shortcode-map fusion-google-map fusion-maps-embed-type\"><iframe width=\"100%\" height=\"400px\" frameborder=\"0\" style=\"border:0\" src=\"https:\/\/www.google.com\/maps\/embed\/v1\/place?key=AIzaSyAg2Oct1uaDBMwW-tMW17nvn0Pje9tC4iw&language=de&q=Templiner+Stra\u00dfe+16,+10119+Berlin&maptype=roadmap&zoom=14\" allowfullscreen><\/iframe><\/div><div class=\"fusion-clearfix\"><\/div><\/div><\/div><\/div><\/div><\/p>\n","protected":false},"excerpt":{"rendered":"","protected":false},"author":1,"featured_media":0,"parent":0,"menu_order":0,"comment_status":"closed","ping_status":"closed","template":"100-width.php","meta":{"_bbp_topic_count":0,"_bbp_reply_count":0,"_bbp_total_topic_count":0,"_bbp_total_reply_count":0,"_bbp_voice_count":0,"_bbp_anonymous_reply_count":0,"_bbp_topic_count_hidden":0,"_bbp_reply_count_hidden":0,"_bbp_forum_subforum_count":0,"footnotes":""},"class_list":["post-2059","page","type-page","status-publish","hentry"],"yoast_head":"<!-- This site is optimized with the Yoast SEO plugin v27.6 - https:\/\/yoast.com\/product\/yoast-seo-wordpress\/ -->\n<title>Werkstudent bzw. Praktikant Social Media \/ Community-Manager (w\/m\/d) - KomRe AG<\/title>\n<meta name=\"robots\" content=\"index, follow, max-snippet:-1, max-image-preview:large, max-video-preview:-1\" \/>\n<link rel=\"canonical\" href=\"https:\/\/komre.de\/index.php\/werkstudent-bzw-praktikant-social-media-community-manager-w-m-d\/\" \/>\n<meta property=\"og:locale\" content=\"de_DE\" \/>\n<meta property=\"og:type\" content=\"article\" \/>\n<meta property=\"og:title\" content=\"Werkstudent bzw. Praktikant Social Media \/ Community-Manager (w\/m\/d) - KomRe AG\" \/>\n<meta property=\"og:url\" content=\"https:\/\/komre.de\/index.php\/werkstudent-bzw-praktikant-social-media-community-manager-w-m-d\/\" \/>\n<meta property=\"og:site_name\" content=\"KomRe AG\" \/>\n<meta property=\"article:modified_time\" content=\"2024-05-08T12:10:21+00:00\" \/>\n<meta name=\"twitter:card\" content=\"summary_large_image\" \/>\n<meta name=\"twitter:label1\" content=\"Gesch\u00e4tzte Lesezeit\" \/>\n\t<meta name=\"twitter:data1\" content=\"5\u00a0Minuten\" \/>\n<script type=\"application\/ld+json\" class=\"yoast-schema-graph\">{\"@context\":\"https:\\\/\\\/schema.org\",\"@graph\":[{\"@type\":\"WebPage\",\"@id\":\"https:\\\/\\\/komre.de\\\/index.php\\\/werkstudent-bzw-praktikant-social-media-community-manager-w-m-d\\\/\",\"url\":\"https:\\\/\\\/komre.de\\\/index.php\\\/werkstudent-bzw-praktikant-social-media-community-manager-w-m-d\\\/\",\"name\":\"Werkstudent bzw. Praktikant Social Media \\\/ Community-Manager (w\\\/m\\\/d) - KomRe AG\",\"isPartOf\":{\"@id\":\"https:\\\/\\\/komre.de\\\/#website\"},\"datePublished\":\"2024-05-08T12:04:03+00:00\",\"dateModified\":\"2024-05-08T12:10:21+00:00\",\"breadcrumb\":{\"@id\":\"https:\\\/\\\/komre.de\\\/index.php\\\/werkstudent-bzw-praktikant-social-media-community-manager-w-m-d\\\/#breadcrumb\"},\"inLanguage\":\"de\",\"potentialAction\":[{\"@type\":\"ReadAction\",\"target\":[\"https:\\\/\\\/komre.de\\\/index.php\\\/werkstudent-bzw-praktikant-social-media-community-manager-w-m-d\\\/\"]}]},{\"@type\":\"BreadcrumbList\",\"@id\":\"https:\\\/\\\/komre.de\\\/index.php\\\/werkstudent-bzw-praktikant-social-media-community-manager-w-m-d\\\/#breadcrumb\",\"itemListElement\":[{\"@type\":\"ListItem\",\"position\":1,\"name\":\"Startseite\",\"item\":\"https:\\\/\\\/komre.de\\\/\"},{\"@type\":\"ListItem\",\"position\":2,\"name\":\"Werkstudent bzw. Praktikant Social Media \\\/ Community-Manager (w\\\/m\\\/d)\"}]},{\"@type\":\"WebSite\",\"@id\":\"https:\\\/\\\/komre.de\\\/#website\",\"url\":\"https:\\\/\\\/komre.de\\\/\",\"name\":\"KomRe AG\",\"description\":\"Die KomRe AG ist Deutschlands f\u00fchrender Anbieter im Bereich der mobilen Kraftstofflogistik f\u00fcr Notstrom und ausfallgesch\u00fctzter Kommunikation bei Blackout.\",\"potentialAction\":[{\"@type\":\"SearchAction\",\"target\":{\"@type\":\"EntryPoint\",\"urlTemplate\":\"https:\\\/\\\/komre.de\\\/?s={search_term_string}\"},\"query-input\":{\"@type\":\"PropertyValueSpecification\",\"valueRequired\":true,\"valueName\":\"search_term_string\"}}],\"inLanguage\":\"de\"}]}<\/script>\n<!-- \/ Yoast SEO plugin. -->","yoast_head_json":{"title":"Werkstudent bzw. Praktikant Social Media \/ Community-Manager (w\/m\/d) - KomRe AG","robots":{"index":"index","follow":"follow","max-snippet":"max-snippet:-1","max-image-preview":"max-image-preview:large","max-video-preview":"max-video-preview:-1"},"canonical":"https:\/\/komre.de\/index.php\/werkstudent-bzw-praktikant-social-media-community-manager-w-m-d\/","og_locale":"de_DE","og_type":"article","og_title":"Werkstudent bzw. Praktikant Social Media \/ Community-Manager (w\/m\/d) - KomRe AG","og_url":"https:\/\/komre.de\/index.php\/werkstudent-bzw-praktikant-social-media-community-manager-w-m-d\/","og_site_name":"KomRe AG","article_modified_time":"2024-05-08T12:10:21+00:00","twitter_card":"summary_large_image","twitter_misc":{"Gesch\u00e4tzte Lesezeit":"5\u00a0Minuten"},"schema":{"@context":"https:\/\/schema.org","@graph":[{"@type":"WebPage","@id":"https:\/\/komre.de\/index.php\/werkstudent-bzw-praktikant-social-media-community-manager-w-m-d\/","url":"https:\/\/komre.de\/index.php\/werkstudent-bzw-praktikant-social-media-community-manager-w-m-d\/","name":"Werkstudent bzw. Praktikant Social Media \/ Community-Manager (w\/m\/d) - KomRe AG","isPartOf":{"@id":"https:\/\/komre.de\/#website"},"datePublished":"2024-05-08T12:04:03+00:00","dateModified":"2024-05-08T12:10:21+00:00","breadcrumb":{"@id":"https:\/\/komre.de\/index.php\/werkstudent-bzw-praktikant-social-media-community-manager-w-m-d\/#breadcrumb"},"inLanguage":"de","potentialAction":[{"@type":"ReadAction","target":["https:\/\/komre.de\/index.php\/werkstudent-bzw-praktikant-social-media-community-manager-w-m-d\/"]}]},{"@type":"BreadcrumbList","@id":"https:\/\/komre.de\/index.php\/werkstudent-bzw-praktikant-social-media-community-manager-w-m-d\/#breadcrumb","itemListElement":[{"@type":"ListItem","position":1,"name":"Startseite","item":"https:\/\/komre.de\/"},{"@type":"ListItem","position":2,"name":"Werkstudent bzw. Praktikant Social Media \/ Community-Manager (w\/m\/d)"}]},{"@type":"WebSite","@id":"https:\/\/komre.de\/#website","url":"https:\/\/komre.de\/","name":"KomRe AG","description":"Die KomRe AG ist Deutschlands f\u00fchrender Anbieter im Bereich der mobilen Kraftstofflogistik f\u00fcr Notstrom und ausfallgesch\u00fctzter Kommunikation bei Blackout.","potentialAction":[{"@type":"SearchAction","target":{"@type":"EntryPoint","urlTemplate":"https:\/\/komre.de\/?s={search_term_string}"},"query-input":{"@type":"PropertyValueSpecification","valueRequired":true,"valueName":"search_term_string"}}],"inLanguage":"de"}]}},"_links":{"self":[{"href":"https:\/\/komre.de\/index.php\/wp-json\/wp\/v2\/pages\/2059","targetHints":{"allow":["GET"]}}],"collection":[{"href":"https:\/\/komre.de\/index.php\/wp-json\/wp\/v2\/pages"}],"about":[{"href":"https:\/\/komre.de\/index.php\/wp-json\/wp\/v2\/types\/page"}],"author":[{"embeddable":true,"href":"https:\/\/komre.de\/index.php\/wp-json\/wp\/v2\/users\/1"}],"replies":[{"embeddable":true,"href":"https:\/\/komre.de\/index.php\/wp-json\/wp\/v2\/comments?post=2059"}],"version-history":[{"count":3,"href":"https:\/\/komre.de\/index.php\/wp-json\/wp\/v2\/pages\/2059\/revisions"}],"predecessor-version":[{"id":2063,"href":"https:\/\/komre.de\/index.php\/wp-json\/wp\/v2\/pages\/2059\/revisions\/2063"}],"wp:attachment":[{"href":"https:\/\/komre.de\/index.php\/wp-json\/wp\/v2\/media?parent=2059"}],"curies":[{"name":"wp","href":"https:\/\/api.w.org\/{rel}","templated":true}]}}