{"id":2046,"date":"2024-05-08T11:57:57","date_gmt":"2024-05-08T09:57:57","guid":{"rendered":"https:\/\/www.komre.de\/?page_id=2046"},"modified":"2026-02-16T19:13:16","modified_gmt":"2026-02-16T18:13:16","slug":"elektroniker-m-w-d","status":"publish","type":"page","link":"https:\/\/komre.de\/index.php\/elektroniker-m-w-d\/","title":{"rendered":"Elektroniker (m\/w\/d)"},"content":{"rendered":"<p><div class=\"fusion-fullwidth fullwidth-box fusion-builder-row-1 nonhundred-percent-fullwidth non-hundred-percent-height-scrolling\" style=\"--awb-border-radius-top-left:0px;--awb-border-radius-top-right:0px;--awb-border-radius-bottom-right:0px;--awb-border-radius-bottom-left:0px;--awb-flex-wrap:wrap;\" ><div class=\"fusion-builder-row fusion-row\"><div class=\"fusion-layout-column fusion_builder_column fusion-builder-column-0 fusion_builder_column_1_1 1_1 fusion-one-full fusion-column-first fusion-column-last\" style=\"--awb-bg-size:cover;\"><div class=\"fusion-column-wrapper fusion-column-has-shadow fusion-flex-column-wrapper-legacy\"><div class=\"fusion-text fusion-text-1\"><h2 style=\"text-align: center;\">Elektroniker (m\/w\/d)<\/h2>\n<h3 style=\"text-align: center;\">Im Bereich ziviler Katastrophenschutz<\/h3>\n<\/div><div class=\"fusion-sep-clear\"><\/div><div class=\"fusion-separator\" style=\"margin-left: auto;margin-right: auto;margin-top:0px;margin-bottom:30px;width:100%;max-width:206px;\"><div class=\"fusion-separator-border sep-single sep-solid\" style=\"--awb-height:20px;--awb-amount:20px;--awb-sep-color:#fed03d;border-color:#fed03d;border-top-width:2px;\"><\/div><\/div><div class=\"fusion-sep-clear\"><\/div><div class=\"fusion-clearfix\"><\/div><\/div><\/div><div class=\"fusion-layout-column fusion_builder_column fusion-builder-column-1 fusion_builder_column_1_2 1_2 fusion-one-half fusion-column-first\" style=\"--awb-bg-size:cover;width:50%;width:calc(50% - ( ( 4% ) * 0.5 ) );margin-right: 4%;\"><div class=\"fusion-column-wrapper fusion-column-has-shadow fusion-flex-column-wrapper-legacy\"><div class=\"fusion-text fusion-text-2\"><p><strong>Zukunft sichern durch Innovation \u2013 Undenkbares denken lernen<\/strong><\/p>\n<p><strong>\u00dcber uns:<\/strong><\/p>\n<p>Die KomRe AG ist Innovationsf\u00fchrer bei L\u00f6sungen f\u00fcr den Katastrophenschutz. Wir entwickeln technische Kommunikations-Systeme der Daseinsvorsorge und f\u00fcr das Krisenmanagement von Kommunen. Damit gew\u00e4hrleisten wir das \u201e\u00dcberleben\u201c von Kommunen in Katastrophen. Zukunftssicherung durch innovativen Katastrophenschutz \u2013 KomRe bietet Beratung und technische Systeme, die durch kontinuierliche zivile Sicherheitsforschung weiterentwickelt werden.<\/p>\n<p>Sie m\u00f6chten sinnvolle Arbeit leisten und Funksysteme begeistern Sie? Werden Sie Teil unseres Technik-Teams! Als Elektroniker*in stellen Sie sicher, dass unsere Systeme reibungslos laufen, und unterst\u00fctzen uns bei Installationen, Montagen und Kleinserienfertigung.<\/p>\n<p><strong>Das sind Ihre Aufgaben:<\/strong><\/p>\n<ul>\n<li>Montage und Installation unserer technischen Produkte und Systeme (z. B. Antennen, KriKom-Koffer, Schaltschr\u00e4nke, Repeater) nach Vorgaben und technischer Dokumentation.<\/li>\n<li>Eigenst\u00e4ndige Organisation, Durchf\u00fchrung und Dokumentation von Inbetriebnahme, Inspektion, Wartung und Instandhaltung unserer technischen Systeme bei unseren Kunden<\/li>\n<li>Analyse und Behebung technischer St\u00f6rungen sowie Durchf\u00fchrung erforderlicher Funktionspr\u00fcfungen und Qualit\u00e4tskontrollen<\/li>\n<li>Verwaltung, Pflege und Beschaffung von Werkzeugen, Ersatzteilen und Materialbest\u00e4nden<\/li>\n<li>Unterst\u00fctzung bei der technischen Umsetzung und Inbetriebnahme von Kundenprojekten und Sicherheitsforschungsprojekten<\/li>\n<li>Installation, Ausrichtung und Einmessung von Antennenanlagen sowie Aufbau und Anpassung zugeh\u00f6riger Kabel- und Systemkomponenten<\/li>\n<li>Einsatz von Mess-, Pr\u00fcf- und Diagnoseger\u00e4ten zur Sicherstellung der Signalqualit\u00e4t, Betriebssicherheit und normgerechten Installation<\/li>\n<li>Selbstst\u00e4ndiger Bau von Prototypen sowie Herstellung von Kleinserien<\/li>\n<li>Planung, Konstruktion und Realisierung von Komponenten mithilfe von 3D-Druckern<\/li>\n<\/ul>\n<p><strong>Das bringen Sie daf\u00fcr mit:<\/strong><\/p>\n<ul>\n<li>Begeisterung f\u00fcr die Arbeit im Team und in Eigenverantwortung<\/li>\n<li>Abgeschlossene Ausbildung, Fachabschluss und\/oder Erfahrung in Elektrotechnik, Mechatronik oder Nachrichtentechnik.<\/li>\n<li>Klare Kommunikationsf\u00e4higkeiten, die es erm\u00f6glichen, unseren Kunden die Technik zu vermitteln.<\/li>\n<li>Kenntnisse in Schaltschrankbau, Steuerungstechnik, Linux oder SPS sind von Vorteil.<\/li>\n<li>Selbstst\u00e4ndige, organisierte und analytische Arbeitsweise.<\/li>\n<li>Handwerkliches Geschick, technisches Verst\u00e4ndnis und sorgf\u00e4ltige Arbeitsweise.<\/li>\n<li>Freude an Kundenkontakt sowie Bereitschaft zu deutschlandweiten Eins\u00e4tzen.<\/li>\n<li>Schwindelfreiheit f\u00fcr Antennenmontage.<\/li>\n<li>F\u00fchrerschein Klasse B.<\/li>\n<\/ul>\n<p><strong>Darauf d\u00fcrfen Sie sich freuen:<\/strong><\/p>\n<ul>\n<li><strong>Sinnstiftende und spannende Aufgaben<\/strong> in einem zukunftsorientierten Umfeld zur Sicherung unserer Gesellschaft<\/li>\n<li><strong>Flexible Arbeitszeiten<\/strong> &#8211; sowohl in Teilzeit als auch Vollzeit &#8211; f\u00fcr eine ausgewogene Work-Life-Balance<\/li>\n<li>30 Tage Urlaub, Zusch\u00fcsse zur Altersvorsorge und zum Kindergarten.<\/li>\n<li>Attraktive vertragliche Bedingungen mit markt\u00fcblichen Konditionen. F\u00fcr diese Stelle ist, abh\u00e4ngig von Qualifikation und Erfahrung, eine Gehaltsspanne von 45K bis 55K brutto pro Jahr vorgesehen. (bei einer 5-Tage-Woche in Vollzeit)<\/li>\n<li>Interessante und herausfordernde Aufgaben in einem vision\u00e4ren und zukunftsorientierten Umfeld<\/li>\n<li>Arbeitgeberzuschuss zur betrieblichen Altersvorsorge, Kindergartenzuschuss, Weiterbildungsm\u00f6glichkeiten<\/li>\n<\/ul>\n<hr \/>\n<p><strong>Kontakt<\/strong><\/p>\n<p>Ihre Bewerbung k\u00f6nnen Sie uns gerne \u00fcber unser Online-Formular oder per Mail zukommen lassen. Nach der Pr\u00fcfung Ihrer Bewerbung folgt ein zweistufiger Prozess bestehend aus Telefon-\/ Videospr\u00e4chen und \u2013 je nach Situation \u2013 Vor-Ort-Terminen, in denen Sie Ihre zuk\u00fcnftigen Vorgesetze und die Abteilungsleitung kennenlernen. Bei positivem Verlauf halten Sie innerhalb eines Monats Ihren Arbeitsvertrag in der Hand.<\/p>\n<p><strong>Wir freuen uns auf Sie!<\/strong><\/p>\n<p>Bewerben Sie sich per E-Mail an bewerbung@komre.de<\/p>\n<p><strong>KomRe AG<\/strong><br \/>\nTempliner Str. 16, 10119 Berlin, Deutschland<\/p>\n<\/div><div class=\"fusion-clearfix\"><\/div><\/div><\/div><div class=\"fusion-layout-column fusion_builder_column fusion-builder-column-2 fusion_builder_column_1_2 1_2 fusion-one-half fusion-column-last\" style=\"--awb-padding-top:65px;--awb-bg-size:cover;width:50%;width:calc(50% - ( ( 4% ) * 0.5 ) );\"><div class=\"fusion-column-wrapper fusion-column-has-shadow fusion-flex-column-wrapper-legacy\"><div class=\"fusion-image-element in-legacy-container\" style=\"--awb-caption-title-font-family:var(--h2_typography-font-family);--awb-caption-title-font-weight:var(--h2_typography-font-weight);--awb-caption-title-font-style:var(--h2_typography-font-style);--awb-caption-title-size:var(--h2_typography-font-size);--awb-caption-title-transform:var(--h2_typography-text-transform);--awb-caption-title-line-height:var(--h2_typography-line-height);--awb-caption-title-letter-spacing:var(--h2_typography-letter-spacing);\"><span class=\" fusion-imageframe imageframe-none imageframe-1 hover-type-none\"><img decoding=\"async\" width=\"200\" height=\"300\" title=\"Elektroniker_KomRe_2x\" src=\"https:\/\/komre.de\/wp-content\/uploads\/2026\/02\/Elektroniker_KomRe_2x-200x300.jpg\" alt class=\"img-responsive wp-image-2097\" srcset=\"https:\/\/komre.de\/wp-content\/uploads\/2026\/02\/Elektroniker_KomRe_2x-200x300.jpg 200w, https:\/\/komre.de\/wp-content\/uploads\/2026\/02\/Elektroniker_KomRe_2x-400x600.jpg 400w, https:\/\/komre.de\/wp-content\/uploads\/2026\/02\/Elektroniker_KomRe_2x-600x900.jpg 600w, https:\/\/komre.de\/wp-content\/uploads\/2026\/02\/Elektroniker_KomRe_2x-800x1200.jpg 800w, https:\/\/komre.de\/wp-content\/uploads\/2026\/02\/Elektroniker_KomRe_2x-1200x1800.jpg 1200w, https:\/\/komre.de\/wp-content\/uploads\/2026\/02\/Elektroniker_KomRe_2x-scaled.jpg 1707w\" sizes=\"(max-width: 800px) 100vw, 600px\" \/><\/span><\/div><div class=\"fusion-clearfix\"><\/div><\/div><\/div><\/div><\/div><div id=\"Gratis Demo\" class=\"fusion-container-anchor\"><div class=\"fusion-fullwidth fullwidth-box fusion-builder-row-2 nonhundred-percent-fullwidth non-hundred-percent-height-scrolling\" style=\"--awb-border-sizes-top:0px;--awb-border-sizes-bottom:0px;--awb-border-sizes-left:0px;--awb-border-sizes-right:0px;--awb-border-radius-top-left:0px;--awb-border-radius-top-right:0px;--awb-border-radius-bottom-right:0px;--awb-border-radius-bottom-left:0px;--awb-padding-top:100px;--awb-padding-bottom:90px;--awb-background-color:#f5f5f5;--awb-flex-wrap:wrap;\" ><div class=\"fusion-builder-row fusion-row\"><div class=\"fusion-layout-column fusion_builder_column fusion-builder-column-3 fusion_builder_column_1_6 1_6 fusion-one-sixth fusion-column-first fusion-no-small-visibility\" style=\"--awb-bg-size:cover;width:13.3333%; margin-right: 4%;\"><div class=\"fusion-column-wrapper fusion-flex-column-wrapper-legacy\"><div class=\"fusion-sep-clear\"><\/div><div class=\"fusion-separator fusion-full-width-sep\" style=\"margin-left: auto;margin-right: auto;width:100%;\"><\/div><div class=\"fusion-sep-clear\"><\/div><div class=\"fusion-clearfix\"><\/div><\/div><\/div><div class=\"fusion-layout-column fusion_builder_column fusion-builder-column-4 fusion_builder_column_2_3 2_3 fusion-two-third\" style=\"--awb-bg-color:rgba(255,255,255,0.9);--awb-bg-color-hover:rgba(255,255,255,0.9);--awb-bg-size:cover;--awb-margin-top:20px;--awb-margin-bottom:20px;width:65.3333%; margin-right: 4%;\"><div class=\"fusion-column-wrapper fusion-flex-column-wrapper-legacy\"><div class=\"fusion-reading-box-container reading-box-container-1\" style=\"--awb-title-color:#333333;--awb-margin-top:0px;--awb-margin-bottom:0px;\"><div class=\"reading-box reading-box-center\" style=\"background-color:#fed03d;border-width:0px;border-color:#f6f6f6;border-style:solid;\"><h2>Interesse geweckt? Dann kontaktieren Sie uns: <\/h2><\/div><\/div><div class=\"fusion-builder-row fusion-builder-row-inner fusion-row\"><div class=\"fusion-layout-column fusion_builder_column_inner fusion-builder-nested-column-0 fusion_builder_column_inner_1_1 1_1 fusion-one-full fusion-column-first fusion-column-last\" style=\"--awb-padding-top:5%;--awb-padding-right:6%;--awb-padding-bottom:6%;--awb-padding-left:6%;--awb-bg-size:cover;\"><div class=\"fusion-column-wrapper fusion-flex-column-wrapper-legacy\"><div class=\"fusion-sep-clear\"><\/div><div class=\"fusion-separator fusion-full-width-sep\" style=\"margin-left: auto;margin-right: auto;margin-top:10px;width:100%;\"><\/div><div class=\"fusion-sep-clear\"><\/div>\n<div class=\"wpcf7 no-js\" id=\"wpcf7-f2049-o1\" lang=\"en-US\" dir=\"ltr\" data-wpcf7-id=\"2049\">\n<div class=\"screen-reader-response\"><p role=\"status\" aria-live=\"polite\" aria-atomic=\"true\"><\/p> <ul><\/ul><\/div>\n<form action=\"\/index.php\/wp-json\/wp\/v2\/pages\/2046#wpcf7-f2049-o1\" method=\"post\" class=\"wpcf7-form init\" aria-label=\"Contact form\" enctype=\"multipart\/form-data\" novalidate=\"novalidate\" data-status=\"init\">\n<fieldset class=\"hidden-fields-container\"><input type=\"hidden\" name=\"_wpcf7\" value=\"2049\" \/><input type=\"hidden\" name=\"_wpcf7_version\" value=\"6.1.5\" \/><input type=\"hidden\" name=\"_wpcf7_locale\" value=\"en_US\" \/><input type=\"hidden\" name=\"_wpcf7_unit_tag\" value=\"wpcf7-f2049-o1\" \/><input type=\"hidden\" name=\"_wpcf7_container_post\" value=\"0\" \/><input type=\"hidden\" name=\"_wpcf7_posted_data_hash\" value=\"\" \/><input type=\"hidden\" name=\"_wpcf7_recaptcha_response\" value=\"\" \/>\n<\/fieldset>\n<p><span class=\"wpcf7-form-control-wrap\" data-name=\"Name\"><input size=\"40\" maxlength=\"400\" class=\"wpcf7-form-control wpcf7-text wpcf7-validates-as-required\" aria-required=\"true\" aria-invalid=\"false\" placeholder=\"Name *\" value=\"\" type=\"text\" name=\"Name\" \/><\/span>\n<\/p>\n<p><span class=\"wpcf7-form-control-wrap\" data-name=\"E-Mail\"><input size=\"40\" maxlength=\"400\" class=\"wpcf7-form-control wpcf7-email wpcf7-validates-as-required wpcf7-text wpcf7-validates-as-email\" aria-required=\"true\" aria-invalid=\"false\" placeholder=\"E-Mail *\" value=\"\" type=\"email\" name=\"E-Mail\" \/><\/span>\n<\/p>\n<p><span class=\"wpcf7-form-control-wrap\" data-name=\"Telefonnummer\"><input size=\"40\" maxlength=\"400\" class=\"wpcf7-form-control wpcf7-text\" aria-invalid=\"false\" placeholder=\"Telefonnummer\" value=\"\" type=\"text\" name=\"Telefonnummer\" \/><\/span>\n<\/p>\n<p><span class=\"wpcf7-form-control-wrap\" data-name=\"Betreff\"><input size=\"40\" maxlength=\"400\" class=\"wpcf7-form-control wpcf7-text wpcf7-validates-as-required\" aria-required=\"true\" aria-invalid=\"false\" placeholder=\"Betreff *\" value=\"\" type=\"text\" name=\"Betreff\" \/><\/span>\n<\/p>\n<p><span class=\"wpcf7-form-control-wrap\" data-name=\"Nachricht\"><textarea cols=\"40\" rows=\"10\" maxlength=\"2000\" class=\"wpcf7-form-control wpcf7-textarea wpcf7-validates-as-required\" aria-required=\"true\" aria-invalid=\"false\" placeholder=\"Ihre Nachricht *\" name=\"Nachricht\"><\/textarea><\/span>\n<\/p>\n<p><input class=\"wpcf7-form-control wpcf7-submit has-spinner\" type=\"submit\" value=\"ABSENDEN\" \/>\n<\/p>\n<p><span class=\"wpcf7-form-control-wrap\" data-name=\"file-52\"><input size=\"40\" class=\"wpcf7-form-control wpcf7-file\" accept=\".pdf,.jpeg,.jpg,.png\" aria-invalid=\"false\" type=\"file\" name=\"file-52\" \/><\/span>\n<\/p><div class=\"fusion-alert alert custom alert-custom fusion-alert-center wpcf7-response-output fusion-alert-capitalize awb-alert-native-link-color alert-dismissable awb-alert-close-boxed\" style=\"--awb-border-top-left-radius:0px;--awb-border-top-right-radius:0px;--awb-border-bottom-left-radius:0px;--awb-border-bottom-right-radius:0px;\" role=\"alert\"><div class=\"fusion-alert-content-wrapper\"><span class=\"fusion-alert-content\"><\/span><\/div><button type=\"button\" class=\"close toggle-alert\" data-dismiss=\"alert\" aria-label=\"Close\">&times;<\/button><\/div>\n<\/form>\n<\/div>\n<div class=\"fusion-clearfix\"><\/div><\/div><\/div><\/div><div class=\"fusion-clearfix\"><\/div><\/div><\/div><div class=\"fusion-layout-column fusion_builder_column fusion-builder-column-5 fusion_builder_column_1_6 1_6 fusion-one-sixth fusion-column-last fusion-no-small-visibility\" style=\"--awb-bg-size:cover;width:13.3333%;\"><div class=\"fusion-column-wrapper fusion-flex-column-wrapper-legacy\"><div class=\"fusion-sep-clear\"><\/div><div class=\"fusion-separator fusion-full-width-sep\" style=\"margin-left: auto;margin-right: auto;width:100%;\"><\/div><div class=\"fusion-sep-clear\"><\/div><div class=\"fusion-clearfix\"><\/div><\/div><\/div><\/div><\/div><\/div><div class=\"fusion-fullwidth fullwidth-box fusion-builder-row-3 hundred-percent-fullwidth non-hundred-percent-height-scrolling\" style=\"--awb-border-sizes-top:0px;--awb-border-sizes-bottom:0px;--awb-border-sizes-left:0px;--awb-border-sizes-right:0px;--awb-border-radius-top-left:0px;--awb-border-radius-top-right:0px;--awb-border-radius-bottom-right:0px;--awb-border-radius-bottom-left:0px;--awb-flex-wrap:wrap;\" ><div class=\"fusion-builder-row fusion-row\"><div class=\"fusion-layout-column fusion_builder_column fusion-builder-column-6 fusion_builder_column_1_1 1_1 fusion-one-full fusion-column-first fusion-column-last fusion-column-no-min-height\" style=\"--awb-bg-size:cover;\"><div class=\"fusion-column-wrapper fusion-flex-column-wrapper-legacy\"><div class=\"shortcode-map fusion-google-map fusion-maps-embed-type\"><iframe width=\"100%\" height=\"400px\" frameborder=\"0\" style=\"border:0\" src=\"https:\/\/www.google.com\/maps\/embed\/v1\/place?key=AIzaSyAg2Oct1uaDBMwW-tMW17nvn0Pje9tC4iw&language=de&q=Templiner+Stra\u00dfe+16,+10119+Berlin&maptype=roadmap&zoom=14\" allowfullscreen><\/iframe><\/div><div class=\"fusion-clearfix\"><\/div><\/div><\/div><\/div><\/div><\/p>\n","protected":false},"excerpt":{"rendered":"","protected":false},"author":1,"featured_media":0,"parent":0,"menu_order":0,"comment_status":"closed","ping_status":"closed","template":"100-width.php","meta":{"_bbp_topic_count":0,"_bbp_reply_count":0,"_bbp_total_topic_count":0,"_bbp_total_reply_count":0,"_bbp_voice_count":0,"_bbp_anonymous_reply_count":0,"_bbp_topic_count_hidden":0,"_bbp_reply_count_hidden":0,"_bbp_forum_subforum_count":0,"footnotes":""},"class_list":["post-2046","page","type-page","status-publish","hentry"],"yoast_head":"<!-- This site is optimized with the Yoast SEO plugin v27.4 - https:\/\/yoast.com\/product\/yoast-seo-wordpress\/ -->\n<title>Elektroniker (m\/w\/d) - KomRe AG<\/title>\n<meta name=\"robots\" content=\"index, follow, max-snippet:-1, max-image-preview:large, max-video-preview:-1\" \/>\n<link rel=\"canonical\" href=\"https:\/\/komre.de\/index.php\/elektroniker-m-w-d\/\" \/>\n<meta property=\"og:locale\" content=\"de_DE\" \/>\n<meta property=\"og:type\" content=\"article\" \/>\n<meta property=\"og:title\" content=\"Elektroniker (m\/w\/d) - KomRe AG\" \/>\n<meta property=\"og:url\" content=\"https:\/\/komre.de\/index.php\/elektroniker-m-w-d\/\" \/>\n<meta property=\"og:site_name\" content=\"KomRe AG\" \/>\n<meta property=\"article:modified_time\" content=\"2026-02-16T18:13:16+00:00\" \/>\n<meta name=\"twitter:card\" content=\"summary_large_image\" \/>\n<meta name=\"twitter:label1\" content=\"Gesch\u00e4tzte Lesezeit\" \/>\n\t<meta name=\"twitter:data1\" content=\"3\u00a0Minuten\" \/>\n<script type=\"application\/ld+json\" class=\"yoast-schema-graph\">{\"@context\":\"https:\\\/\\\/schema.org\",\"@graph\":[{\"@type\":\"WebPage\",\"@id\":\"https:\\\/\\\/komre.de\\\/index.php\\\/elektroniker-m-w-d\\\/\",\"url\":\"https:\\\/\\\/komre.de\\\/index.php\\\/elektroniker-m-w-d\\\/\",\"name\":\"Elektroniker (m\\\/w\\\/d) - KomRe AG\",\"isPartOf\":{\"@id\":\"https:\\\/\\\/komre.de\\\/#website\"},\"datePublished\":\"2024-05-08T09:57:57+00:00\",\"dateModified\":\"2026-02-16T18:13:16+00:00\",\"breadcrumb\":{\"@id\":\"https:\\\/\\\/komre.de\\\/index.php\\\/elektroniker-m-w-d\\\/#breadcrumb\"},\"inLanguage\":\"de\",\"potentialAction\":[{\"@type\":\"ReadAction\",\"target\":[\"https:\\\/\\\/komre.de\\\/index.php\\\/elektroniker-m-w-d\\\/\"]}]},{\"@type\":\"BreadcrumbList\",\"@id\":\"https:\\\/\\\/komre.de\\\/index.php\\\/elektroniker-m-w-d\\\/#breadcrumb\",\"itemListElement\":[{\"@type\":\"ListItem\",\"position\":1,\"name\":\"Startseite\",\"item\":\"https:\\\/\\\/komre.de\\\/\"},{\"@type\":\"ListItem\",\"position\":2,\"name\":\"Elektroniker (m\\\/w\\\/d)\"}]},{\"@type\":\"WebSite\",\"@id\":\"https:\\\/\\\/komre.de\\\/#website\",\"url\":\"https:\\\/\\\/komre.de\\\/\",\"name\":\"KomRe AG\",\"description\":\"Die KomRe AG ist Deutschlands f\u00fchrender Anbieter im Bereich der mobilen Kraftstofflogistik f\u00fcr Notstrom und ausfallgesch\u00fctzter Kommunikation bei Blackout.\",\"potentialAction\":[{\"@type\":\"SearchAction\",\"target\":{\"@type\":\"EntryPoint\",\"urlTemplate\":\"https:\\\/\\\/komre.de\\\/?s={search_term_string}\"},\"query-input\":{\"@type\":\"PropertyValueSpecification\",\"valueRequired\":true,\"valueName\":\"search_term_string\"}}],\"inLanguage\":\"de\"}]}<\/script>\n<!-- \/ Yoast SEO plugin. -->","yoast_head_json":{"title":"Elektroniker (m\/w\/d) - KomRe AG","robots":{"index":"index","follow":"follow","max-snippet":"max-snippet:-1","max-image-preview":"max-image-preview:large","max-video-preview":"max-video-preview:-1"},"canonical":"https:\/\/komre.de\/index.php\/elektroniker-m-w-d\/","og_locale":"de_DE","og_type":"article","og_title":"Elektroniker (m\/w\/d) - KomRe AG","og_url":"https:\/\/komre.de\/index.php\/elektroniker-m-w-d\/","og_site_name":"KomRe AG","article_modified_time":"2026-02-16T18:13:16+00:00","twitter_card":"summary_large_image","twitter_misc":{"Gesch\u00e4tzte Lesezeit":"3\u00a0Minuten"},"schema":{"@context":"https:\/\/schema.org","@graph":[{"@type":"WebPage","@id":"https:\/\/komre.de\/index.php\/elektroniker-m-w-d\/","url":"https:\/\/komre.de\/index.php\/elektroniker-m-w-d\/","name":"Elektroniker (m\/w\/d) - KomRe AG","isPartOf":{"@id":"https:\/\/komre.de\/#website"},"datePublished":"2024-05-08T09:57:57+00:00","dateModified":"2026-02-16T18:13:16+00:00","breadcrumb":{"@id":"https:\/\/komre.de\/index.php\/elektroniker-m-w-d\/#breadcrumb"},"inLanguage":"de","potentialAction":[{"@type":"ReadAction","target":["https:\/\/komre.de\/index.php\/elektroniker-m-w-d\/"]}]},{"@type":"BreadcrumbList","@id":"https:\/\/komre.de\/index.php\/elektroniker-m-w-d\/#breadcrumb","itemListElement":[{"@type":"ListItem","position":1,"name":"Startseite","item":"https:\/\/komre.de\/"},{"@type":"ListItem","position":2,"name":"Elektroniker (m\/w\/d)"}]},{"@type":"WebSite","@id":"https:\/\/komre.de\/#website","url":"https:\/\/komre.de\/","name":"KomRe AG","description":"Die KomRe AG ist Deutschlands f\u00fchrender Anbieter im Bereich der mobilen Kraftstofflogistik f\u00fcr Notstrom und ausfallgesch\u00fctzter Kommunikation bei Blackout.","potentialAction":[{"@type":"SearchAction","target":{"@type":"EntryPoint","urlTemplate":"https:\/\/komre.de\/?s={search_term_string}"},"query-input":{"@type":"PropertyValueSpecification","valueRequired":true,"valueName":"search_term_string"}}],"inLanguage":"de"}]}},"_links":{"self":[{"href":"https:\/\/komre.de\/index.php\/wp-json\/wp\/v2\/pages\/2046","targetHints":{"allow":["GET"]}}],"collection":[{"href":"https:\/\/komre.de\/index.php\/wp-json\/wp\/v2\/pages"}],"about":[{"href":"https:\/\/komre.de\/index.php\/wp-json\/wp\/v2\/types\/page"}],"author":[{"embeddable":true,"href":"https:\/\/komre.de\/index.php\/wp-json\/wp\/v2\/users\/1"}],"replies":[{"embeddable":true,"href":"https:\/\/komre.de\/index.php\/wp-json\/wp\/v2\/comments?post=2046"}],"version-history":[{"count":12,"href":"https:\/\/komre.de\/index.php\/wp-json\/wp\/v2\/pages\/2046\/revisions"}],"predecessor-version":[{"id":2098,"href":"https:\/\/komre.de\/index.php\/wp-json\/wp\/v2\/pages\/2046\/revisions\/2098"}],"wp:attachment":[{"href":"https:\/\/komre.de\/index.php\/wp-json\/wp\/v2\/media?parent=2046"}],"curies":[{"name":"wp","href":"https:\/\/api.w.org\/{rel}","templated":true}]}}