{"id":1998,"date":"2022-08-03T12:25:03","date_gmt":"2022-08-03T10:25:03","guid":{"rendered":"https:\/\/www.komre.de\/?page_id=1998"},"modified":"2023-06-06T12:17:35","modified_gmt":"2023-06-06T10:17:35","slug":"berater-w-m-d-public-sector-risikomanagement","status":"publish","type":"page","link":"https:\/\/komre.de\/index.php\/berater-w-m-d-public-sector-risikomanagement\/","title":{"rendered":"Berater (w \/ m \/ d) Public Sector (Risikomanagement)"},"content":{"rendered":"<p><div class=\"fusion-fullwidth fullwidth-box fusion-builder-row-1 nonhundred-percent-fullwidth non-hundred-percent-height-scrolling\" style=\"--awb-border-radius-top-left:0px;--awb-border-radius-top-right:0px;--awb-border-radius-bottom-right:0px;--awb-border-radius-bottom-left:0px;--awb-flex-wrap:wrap;\" ><div class=\"fusion-builder-row fusion-row\"><div class=\"fusion-layout-column fusion_builder_column fusion-builder-column-0 fusion_builder_column_1_1 1_1 fusion-one-full fusion-column-first fusion-column-last\" style=\"--awb-bg-size:cover;\"><div class=\"fusion-column-wrapper fusion-column-has-shadow fusion-flex-column-wrapper-legacy\"><div class=\"fusion-text fusion-text-1\"><h2 class=\"listing__job-title at-header-company-jobTitle sc-gipzik eTBkky\" style=\"text-align: center;\">Berater (w \/ m \/ d) Public Sector (Risikomanagement)<\/h2>\n<\/div><div class=\"fusion-sep-clear\"><\/div><div class=\"fusion-separator\" style=\"margin-left: auto;margin-right: auto;margin-top:0px;margin-bottom:30px;width:100%;max-width:206px;\"><div class=\"fusion-separator-border sep-single sep-solid\" style=\"--awb-height:20px;--awb-amount:20px;--awb-sep-color:#fed03d;border-color:#fed03d;border-top-width:2px;\"><\/div><\/div><div class=\"fusion-sep-clear\"><\/div><div class=\"fusion-clearfix\"><\/div><\/div><\/div><div class=\"fusion-layout-column fusion_builder_column fusion-builder-column-1 fusion_builder_column_1_2 1_2 fusion-one-half fusion-column-first\" style=\"--awb-bg-size:cover;width:50%;width:calc(50% - ( ( 4% ) * 0.5 ) );margin-right: 4%;\"><div class=\"fusion-column-wrapper fusion-column-has-shadow fusion-flex-column-wrapper-legacy\"><div class=\"fusion-text fusion-text-2\"><div class=\"listing-content-provider-15rwlz2\">\n<div class=\"sc-iyvyFf bmAMWk\">\n<div class=\"listing-content-provider-1y3m2cb at-section-text-introduction\">\n<div class=\"listing-content-provider-1qyalmp listingContentBrandingColor at-section-text-introduction-content\">\n<div class=\"listing-content-provider-kyg8or\">\n<div>\n<p><strong>Zukunftssicherung durch Innovation \u2013 Undenkbares denken lernen<\/strong><\/p>\n<p><strong>Die KomRe\u00a0AG <\/strong>ist Markt- und Innovationsf\u00fchrer bei L\u00f6sungen f\u00fcr den Katastrophenschutz. Wir entwickeln Notfallkonzepte und Sonderschutzpl\u00e4ne f\u00fcr Kommunen sowie technische Systeme f\u00fcr die Aufrechterhaltung der Daseinsvorsorge bei Katastrophen. Damit gew\u00e4hrleisten wir das \u00dcberleben von Kommunen auch bei Blackouts. Zukunftssicherung durch innovativen Katastrophenschutz \u2013 KomRe bietet Beratung und technische Systeme, die durch kontinuierliche zivile Sicherheitsforschung weiterentwickelt werden. Mit uns bleiben Kommunen und kritische Infrastrukturen auch bei langfristigem Stromausfall stabil und in der Lage, die Versorgung und den Schutz der Bev\u00f6lkerung zu sichern.<\/p>\n<p>Sie sehen Ihre St\u00e4rke in der Organisation sowie Kunden- und L\u00f6sungsorientierung und m\u00f6chten in der vielf\u00e4ltigen Beratung von Kommunen und Akteuren des Katastrophenschutzes mitwirken? Dann gehen Sie mit uns den n\u00e4chsten Schritt!<\/p>\n<p>Bei uns arbeiten Sie inmitten von Profis, denen es wichtig ist, mit Qualit\u00e4t zu \u00fcberzeugen. Offener Wissensaustausch, gegenseitige Unterst\u00fctzung und eine freundliche, inspirierende Atmosph\u00e4re: Darauf legen wir viel Wert.<\/p>\n<\/div>\n<\/div>\n<h4 class=\"listing-content-provider-1ctihqg listingHeaderColor\">Aufgaben<\/h4>\n<div class=\"listing-content-provider-12wxmgx listingContentBrandingColor at-section-text-description-content\">\n<div class=\"listing-content-provider-kyg8or\">\n<div>\n<ul>\n<li>Beratung von Kommunen und Betreibern kritischer Infrastrukturen bei der Krisen- und Notfallvorsorge und die Begleitung in agilen Projekten auf dem Weg zu sicheren Kommunen<\/li>\n<li>Analyse der kritischen Ressourcen und Gesch\u00e4ftsprozesse unserer Kunden und Ermittlung der konkreten \u00c4nderungs- und Optimierungsbedarfe<\/li>\n<li>Empathische Ber\u00fccksichtigung von Kundenw\u00fcnschen in schwierigen Projektsituationen<\/li>\n<li>\u00dcbersetzung von Anforderungen und Prozessen in eine fundierte Krisen- und Notfallstrategie sowie entsprechende Notfallmanagementsysteme<\/li>\n<li>Pr\u00e4sentation von individuellen und innovativen L\u00f6sungen f\u00fcr die Sicherheit in Kommunen und die F\u00e4higkeit, \u00fcber den Tellerrand zu schauen<\/li>\n<li>Unterst\u00fctzung unseres Vertriebs im Rahmen der strategischen Weiterentwicklung des Bereichs sowie im Rahmen von \u00f6ffentlichen Ausschreibungen<\/li>\n<\/ul>\n<h4 class=\"listing-content-provider-1ctihqg listingHeaderColor\">Qualifikation<\/h4>\n<div class=\"listing-content-provider-12wxmgx listingContentBrandingColor at-section-text-profile-content\">\n<div class=\"listing-content-provider-kyg8or\">\n<div>\n<ul>\n<li>Abgeschlossenes Studium<\/li>\n<li>Erfahrung in der Marktforschung oder im Risikomanagement bzw. Sicherheitsmanagement (Stabsarbeit, Feuerwehr, Katastrophenschutz) w\u00fcnschenswert<\/li>\n<li>Projektmanagement und Beratungserfahrung, vorzugsweise im \u00f6ffentlichen Bereich<\/li>\n<li>Kenntnisse \u00fcber Prozesse in der \u00f6ffentlichen Verwaltung und Wissen \u00fcber aktuelle Ver\u00e4nderungen von Vorteil<\/li>\n<li>Politisches Geschick und sicheres Auftreten<\/li>\n<li>L\u00f6sungs- und Umsetzungsorientierung, Entscheidungsfreudigkeit, unternehmerisches Denken und strategisches Handeln<\/li>\n<li>Starke Kommunikations- und Pr\u00e4sentationsf\u00e4higkeiten in einer komplexen Stakeholder-Umgebung<\/li>\n<li>Sehr gute Deutschkenntnisse in Wort und Schrift<\/li>\n<li>Projektbezogene Reisebereitschaft (maximal 1-2 Tage \/ Woche)<\/li>\n<\/ul>\n<h4 class=\"listing-content-provider-1ctihqg listingHeaderColor\">Benefits<\/h4>\n<div class=\"listing-content-provider-12wxmgx listingContentBrandingColor at-section-text-weoffer-content\">\n<div class=\"listing-content-provider-kyg8or\">\n<div>\n<ul>\n<li>Gro\u00dfer Entscheidungsfreiraum &#8211; Sie arbeiten direkt mit dem Vorstand zusammen<\/li>\n<li>Wir leben eine offene, partnerschaftliche Unternehmenskultur<\/li>\n<li>Eine gro\u00dfe Aufgabenvielfalt durch die st\u00e4ndige Weiterentwicklung unserer Sicherheitsl\u00f6sungen und flexibles, eigenverantwortliches Arbeiten in einem kreativen und hilfsbereiten Team mitten in Berlin<\/li>\n<li>Interessante und herausfordernde Aufgaben in einem vision\u00e4ren und zukunftsorientierten Umfeld<\/li>\n<li>Spa\u00df bei der Arbeit und dabei, einen nachhaltigen messbaren Beitrag f\u00fcr die Gesellschaft zu leisten<\/li>\n<li>Flexible Arbeitszeiten f\u00fcr eine ausgewogene Work-Life-Balance<\/li>\n<li>Auch das ist f\u00fcr uns selbstverst\u00e4ndlich:\u00a028-30 Tage Urlaub, Arbeitgeberzuschuss zur betrieblichen Altersvorsorge, Kindergartenzuschuss<\/li>\n<\/ul>\n<h4 class=\"listing-content-provider-1ctihqg listingHeaderColor\">Kontakt<\/h4>\n<p>Ihre Bewerbung oder Ihren CV k\u00f6nnen Sie uns gerne \u00fcber unser Online-Formular oder per Mail zukommen lassen. Nach der Pr\u00fcfung Ihrer Bewerbung folgt ein zweistufiger Prozess bestehend aus Telefon-\/ Videospr\u00e4chen und \u2013 je nach Situation \u2013 Vor-Ort-Terminen, in denen Sie Ihre zuk\u00fcnftigen Vorgesetzen und die Abteilungsleitung kennenlernen. I. d. R. halten Sie bei positivem Verlauf innerhalb eines Monats Ihren Arbeitsvertrag in der Hand.<br \/>\nBewerben Sie sich\u00a0per E-Mail an\u00a0<a href=\"mailto:bewerbung@komre.de\">bewerbung@komre.de<\/a><\/p>\n<p>Gestalten Sie unsere zukunftsweisenden L\u00f6sungen mit und tragen durch Ihren Einsatz dazu bei, unsere Gesellschaft etwas sicherer zu machen. Wir freuen uns auf Sie!<\/p>\n<\/div>\n<\/div>\n<\/div>\n<\/div>\n<\/div>\n<\/div>\n<\/div>\n<\/div>\n<\/div>\n<\/div>\n<\/div>\n<\/div>\n<\/div>\n<\/div><div class=\"fusion-clearfix\"><\/div><\/div><\/div><div class=\"fusion-layout-column fusion_builder_column fusion-builder-column-2 fusion_builder_column_1_2 1_2 fusion-one-half fusion-column-last\" style=\"--awb-padding-top:65px;--awb-bg-size:cover;width:50%;width:calc(50% - ( ( 4% ) * 0.5 ) );\"><div class=\"fusion-column-wrapper fusion-column-has-shadow fusion-flex-column-wrapper-legacy\"><div class=\"fusion-image-element in-legacy-container\" style=\"--awb-caption-title-font-family:var(--h2_typography-font-family);--awb-caption-title-font-weight:var(--h2_typography-font-weight);--awb-caption-title-font-style:var(--h2_typography-font-style);--awb-caption-title-size:var(--h2_typography-font-size);--awb-caption-title-transform:var(--h2_typography-text-transform);--awb-caption-title-line-height:var(--h2_typography-line-height);--awb-caption-title-letter-spacing:var(--h2_typography-letter-spacing);\"><span class=\" fusion-imageframe imageframe-none imageframe-1 hover-type-none\"><img decoding=\"async\" width=\"832\" height=\"334\" title=\"crisis\" src=\"https:\/\/www.komre.de\/wp-content\/uploads\/2022\/08\/crisis.jpg\" alt class=\"img-responsive wp-image-2003\"\/><\/span><\/div><div class=\"fusion-clearfix\"><\/div><\/div><\/div><\/div><\/div><div id=\"Gratis Demo\" class=\"fusion-container-anchor\"><div class=\"fusion-fullwidth fullwidth-box fusion-builder-row-2 nonhundred-percent-fullwidth non-hundred-percent-height-scrolling\" style=\"--awb-border-radius-top-left:0px;--awb-border-radius-top-right:0px;--awb-border-radius-bottom-right:0px;--awb-border-radius-bottom-left:0px;--awb-padding-top:100px;--awb-padding-bottom:90px;--awb-background-color:#f5f5f5;--awb-border-sizes-top:0px;--awb-border-sizes-bottom:0px;--awb-flex-wrap:wrap;\" ><div class=\"fusion-builder-row fusion-row\"><div class=\"fusion-layout-column fusion_builder_column fusion-builder-column-3 fusion_builder_column_1_6 1_6 fusion-one-sixth fusion-column-first fusion-no-small-visibility\" style=\"--awb-bg-size:cover;width:13.3333%; margin-right: 4%;\"><div class=\"fusion-column-wrapper fusion-flex-column-wrapper-legacy\"><div class=\"fusion-sep-clear\"><\/div><div class=\"fusion-separator fusion-full-width-sep\" style=\"margin-left: auto;margin-right: auto;width:100%;\"><\/div><div class=\"fusion-sep-clear\"><\/div><div class=\"fusion-clearfix\"><\/div><\/div><\/div><div class=\"fusion-layout-column fusion_builder_column fusion-builder-column-4 fusion_builder_column_2_3 2_3 fusion-two-third\" style=\"--awb-bg-color:rgba(255,255,255,0.9);--awb-bg-color-hover:rgba(255,255,255,0.9);--awb-bg-size:cover;--awb-margin-top:20px;--awb-margin-bottom:20px;width:65.3333%; margin-right: 4%;\"><div class=\"fusion-column-wrapper fusion-flex-column-wrapper-legacy\"><div class=\"fusion-reading-box-container reading-box-container-1\" style=\"--awb-title-color:#333333;--awb-margin-top:0px;--awb-margin-bottom:0px;\"><div class=\"reading-box reading-box-center\" style=\"background-color:#fed03d;border-width:0px;border-color:#f6f6f6;border-style:solid;\"><h2>Interesse geweckt? Dann kontaktieren Sie uns: <\/h2><\/div><\/div><div class=\"fusion-builder-row fusion-builder-row-inner fusion-row\"><div class=\"fusion-layout-column fusion_builder_column_inner fusion-builder-nested-column-0 fusion_builder_column_inner_1_1 1_1 fusion-one-full fusion-column-first fusion-column-last\" style=\"--awb-padding-top:5%;--awb-padding-right:6%;--awb-padding-bottom:6%;--awb-padding-left:6%;--awb-bg-size:cover;\"><div class=\"fusion-column-wrapper fusion-flex-column-wrapper-legacy\"><div class=\"fusion-sep-clear\"><\/div><div class=\"fusion-separator fusion-full-width-sep\" style=\"margin-left: auto;margin-right: auto;margin-top:10px;width:100%;\"><\/div><div class=\"fusion-sep-clear\"><\/div>\n<div class=\"wpcf7 no-js\" id=\"wpcf7-f1888-o1\" lang=\"en-US\" dir=\"ltr\" data-wpcf7-id=\"1888\">\n<div class=\"screen-reader-response\"><p role=\"status\" aria-live=\"polite\" aria-atomic=\"true\"><\/p> <ul><\/ul><\/div>\n<form action=\"\/index.php\/wp-json\/wp\/v2\/pages\/1998#wpcf7-f1888-o1\" method=\"post\" class=\"wpcf7-form init\" aria-label=\"Contact form\" enctype=\"multipart\/form-data\" novalidate=\"novalidate\" data-status=\"init\">\n<fieldset class=\"hidden-fields-container\"><input type=\"hidden\" name=\"_wpcf7\" value=\"1888\" \/><input type=\"hidden\" name=\"_wpcf7_version\" value=\"6.1.5\" \/><input type=\"hidden\" name=\"_wpcf7_locale\" value=\"en_US\" \/><input type=\"hidden\" name=\"_wpcf7_unit_tag\" value=\"wpcf7-f1888-o1\" \/><input type=\"hidden\" name=\"_wpcf7_container_post\" value=\"0\" \/><input type=\"hidden\" name=\"_wpcf7_posted_data_hash\" value=\"\" \/><input type=\"hidden\" name=\"_wpcf7_recaptcha_response\" value=\"\" \/>\n<\/fieldset>\n<p><span class=\"wpcf7-form-control-wrap\" data-name=\"Name\"><input size=\"40\" maxlength=\"400\" class=\"wpcf7-form-control wpcf7-text wpcf7-validates-as-required\" aria-required=\"true\" aria-invalid=\"false\" placeholder=\"Name *\" value=\"\" type=\"text\" name=\"Name\" \/><\/span>\n<\/p>\n<p><span class=\"wpcf7-form-control-wrap\" data-name=\"E-Mail\"><input size=\"40\" maxlength=\"400\" class=\"wpcf7-form-control wpcf7-email wpcf7-validates-as-required wpcf7-text wpcf7-validates-as-email\" aria-required=\"true\" aria-invalid=\"false\" placeholder=\"E-Mail *\" value=\"\" type=\"email\" name=\"E-Mail\" \/><\/span>\n<\/p>\n<p><span class=\"wpcf7-form-control-wrap\" data-name=\"Telefonnummer\"><input size=\"40\" maxlength=\"400\" class=\"wpcf7-form-control wpcf7-text\" aria-invalid=\"false\" placeholder=\"Telefonnummer\" value=\"\" type=\"text\" name=\"Telefonnummer\" \/><\/span>\n<\/p>\n<p><span class=\"wpcf7-form-control-wrap\" data-name=\"Betreff\"><input size=\"40\" maxlength=\"400\" class=\"wpcf7-form-control wpcf7-text wpcf7-validates-as-required\" aria-required=\"true\" aria-invalid=\"false\" placeholder=\"Betreff *\" value=\"\" type=\"text\" name=\"Betreff\" \/><\/span>\n<\/p>\n<p><span class=\"wpcf7-form-control-wrap\" data-name=\"Nachricht\"><textarea cols=\"40\" rows=\"10\" maxlength=\"2000\" class=\"wpcf7-form-control wpcf7-textarea wpcf7-validates-as-required\" aria-required=\"true\" aria-invalid=\"false\" placeholder=\"Ihre Nachricht *\" name=\"Nachricht\"><\/textarea><\/span>\n<\/p>\n<p><input class=\"wpcf7-form-control wpcf7-submit has-spinner\" type=\"submit\" value=\"ABSENDEN\" \/>\n<\/p>\n<p><span class=\"wpcf7-form-control-wrap\" data-name=\"file-638\"><input size=\"40\" class=\"wpcf7-form-control wpcf7-file\" accept=\".png,.jpeg,.pdf\" aria-invalid=\"false\" type=\"file\" name=\"file-638\" \/><\/span>\n<\/p><div class=\"fusion-alert alert custom alert-custom fusion-alert-center wpcf7-response-output fusion-alert-capitalize awb-alert-native-link-color alert-dismissable awb-alert-close-boxed\" style=\"--awb-border-top-left-radius:0px;--awb-border-top-right-radius:0px;--awb-border-bottom-left-radius:0px;--awb-border-bottom-right-radius:0px;\" role=\"alert\"><div class=\"fusion-alert-content-wrapper\"><span class=\"fusion-alert-content\"><\/span><\/div><button type=\"button\" class=\"close toggle-alert\" data-dismiss=\"alert\" aria-label=\"Close\">&times;<\/button><\/div>\n<\/form>\n<\/div>\n<div class=\"fusion-clearfix\"><\/div><\/div><\/div><\/div><div class=\"fusion-clearfix\"><\/div><\/div><\/div><div class=\"fusion-layout-column fusion_builder_column fusion-builder-column-5 fusion_builder_column_1_6 1_6 fusion-one-sixth fusion-column-last fusion-no-small-visibility\" style=\"--awb-bg-size:cover;width:13.3333%;\"><div class=\"fusion-column-wrapper fusion-flex-column-wrapper-legacy\"><div class=\"fusion-sep-clear\"><\/div><div class=\"fusion-separator fusion-full-width-sep\" style=\"margin-left: auto;margin-right: auto;width:100%;\"><\/div><div class=\"fusion-sep-clear\"><\/div><div class=\"fusion-clearfix\"><\/div><\/div><\/div><\/div><\/div><\/div><div class=\"fusion-fullwidth fullwidth-box fusion-builder-row-3 hundred-percent-fullwidth non-hundred-percent-height-scrolling\" style=\"--awb-border-radius-top-left:0px;--awb-border-radius-top-right:0px;--awb-border-radius-bottom-right:0px;--awb-border-radius-bottom-left:0px;--awb-border-sizes-top:0px;--awb-border-sizes-bottom:0px;--awb-flex-wrap:wrap;\" ><div class=\"fusion-builder-row fusion-row\"><div class=\"fusion-layout-column fusion_builder_column fusion-builder-column-6 fusion_builder_column_1_1 1_1 fusion-one-full fusion-column-first fusion-column-last fusion-column-no-min-height\" style=\"--awb-bg-size:cover;\"><div class=\"fusion-column-wrapper fusion-flex-column-wrapper-legacy\"><div class=\"shortcode-map fusion-google-map fusion-maps-embed-type\"><iframe width=\"100%\" height=\"400px\" frameborder=\"0\" style=\"border:0\" src=\"https:\/\/www.google.com\/maps\/embed\/v1\/place?key=AIzaSyAg2Oct1uaDBMwW-tMW17nvn0Pje9tC4iw&language=de&q=Templiner+Stra\u00dfe+16,+10119+Berlin&maptype=roadmap&zoom=14\" allowfullscreen><\/iframe><\/div><div class=\"fusion-clearfix\"><\/div><\/div><\/div><\/div><\/div><\/p>\n","protected":false},"excerpt":{"rendered":"","protected":false},"author":1,"featured_media":0,"parent":0,"menu_order":0,"comment_status":"closed","ping_status":"closed","template":"100-width.php","meta":{"_bbp_topic_count":0,"_bbp_reply_count":0,"_bbp_total_topic_count":0,"_bbp_total_reply_count":0,"_bbp_voice_count":0,"_bbp_anonymous_reply_count":0,"_bbp_topic_count_hidden":0,"_bbp_reply_count_hidden":0,"_bbp_forum_subforum_count":0,"footnotes":""},"class_list":["post-1998","page","type-page","status-publish","hentry"],"yoast_head":"<!-- This site is optimized with the Yoast SEO plugin v27.4 - https:\/\/yoast.com\/product\/yoast-seo-wordpress\/ -->\n<title>Berater (w \/ m \/ d) Public Sector (Risikomanagement) - KomRe AG<\/title>\n<meta name=\"robots\" content=\"index, follow, max-snippet:-1, max-image-preview:large, max-video-preview:-1\" \/>\n<link rel=\"canonical\" href=\"https:\/\/komre.de\/index.php\/berater-w-m-d-public-sector-risikomanagement\/\" \/>\n<meta property=\"og:locale\" content=\"de_DE\" \/>\n<meta property=\"og:type\" content=\"article\" \/>\n<meta property=\"og:title\" content=\"Berater (w \/ m \/ d) Public Sector (Risikomanagement) - KomRe AG\" \/>\n<meta property=\"og:url\" content=\"https:\/\/komre.de\/index.php\/berater-w-m-d-public-sector-risikomanagement\/\" \/>\n<meta property=\"og:site_name\" content=\"KomRe AG\" \/>\n<meta property=\"article:modified_time\" content=\"2023-06-06T10:17:35+00:00\" \/>\n<meta name=\"twitter:card\" content=\"summary_large_image\" \/>\n<meta name=\"twitter:label1\" content=\"Gesch\u00e4tzte Lesezeit\" \/>\n\t<meta name=\"twitter:data1\" content=\"5\u00a0Minuten\" \/>\n<script type=\"application\/ld+json\" class=\"yoast-schema-graph\">{\"@context\":\"https:\\\/\\\/schema.org\",\"@graph\":[{\"@type\":\"WebPage\",\"@id\":\"https:\\\/\\\/komre.de\\\/index.php\\\/berater-w-m-d-public-sector-risikomanagement\\\/\",\"url\":\"https:\\\/\\\/komre.de\\\/index.php\\\/berater-w-m-d-public-sector-risikomanagement\\\/\",\"name\":\"Berater (w \\\/ m \\\/ d) Public Sector (Risikomanagement) - KomRe AG\",\"isPartOf\":{\"@id\":\"https:\\\/\\\/komre.de\\\/#website\"},\"datePublished\":\"2022-08-03T10:25:03+00:00\",\"dateModified\":\"2023-06-06T10:17:35+00:00\",\"breadcrumb\":{\"@id\":\"https:\\\/\\\/komre.de\\\/index.php\\\/berater-w-m-d-public-sector-risikomanagement\\\/#breadcrumb\"},\"inLanguage\":\"de\",\"potentialAction\":[{\"@type\":\"ReadAction\",\"target\":[\"https:\\\/\\\/komre.de\\\/index.php\\\/berater-w-m-d-public-sector-risikomanagement\\\/\"]}]},{\"@type\":\"BreadcrumbList\",\"@id\":\"https:\\\/\\\/komre.de\\\/index.php\\\/berater-w-m-d-public-sector-risikomanagement\\\/#breadcrumb\",\"itemListElement\":[{\"@type\":\"ListItem\",\"position\":1,\"name\":\"Startseite\",\"item\":\"https:\\\/\\\/komre.de\\\/\"},{\"@type\":\"ListItem\",\"position\":2,\"name\":\"Berater (w \\\/ m \\\/ d) Public Sector (Risikomanagement)\"}]},{\"@type\":\"WebSite\",\"@id\":\"https:\\\/\\\/komre.de\\\/#website\",\"url\":\"https:\\\/\\\/komre.de\\\/\",\"name\":\"KomRe AG\",\"description\":\"Die KomRe AG ist Deutschlands f\u00fchrender Anbieter im Bereich der mobilen Kraftstofflogistik f\u00fcr Notstrom und ausfallgesch\u00fctzter Kommunikation bei Blackout.\",\"potentialAction\":[{\"@type\":\"SearchAction\",\"target\":{\"@type\":\"EntryPoint\",\"urlTemplate\":\"https:\\\/\\\/komre.de\\\/?s={search_term_string}\"},\"query-input\":{\"@type\":\"PropertyValueSpecification\",\"valueRequired\":true,\"valueName\":\"search_term_string\"}}],\"inLanguage\":\"de\"}]}<\/script>\n<!-- \/ Yoast SEO plugin. -->","yoast_head_json":{"title":"Berater (w \/ m \/ d) Public Sector (Risikomanagement) - KomRe AG","robots":{"index":"index","follow":"follow","max-snippet":"max-snippet:-1","max-image-preview":"max-image-preview:large","max-video-preview":"max-video-preview:-1"},"canonical":"https:\/\/komre.de\/index.php\/berater-w-m-d-public-sector-risikomanagement\/","og_locale":"de_DE","og_type":"article","og_title":"Berater (w \/ m \/ d) Public Sector (Risikomanagement) - KomRe AG","og_url":"https:\/\/komre.de\/index.php\/berater-w-m-d-public-sector-risikomanagement\/","og_site_name":"KomRe AG","article_modified_time":"2023-06-06T10:17:35+00:00","twitter_card":"summary_large_image","twitter_misc":{"Gesch\u00e4tzte Lesezeit":"5\u00a0Minuten"},"schema":{"@context":"https:\/\/schema.org","@graph":[{"@type":"WebPage","@id":"https:\/\/komre.de\/index.php\/berater-w-m-d-public-sector-risikomanagement\/","url":"https:\/\/komre.de\/index.php\/berater-w-m-d-public-sector-risikomanagement\/","name":"Berater (w \/ m \/ d) Public Sector (Risikomanagement) - KomRe AG","isPartOf":{"@id":"https:\/\/komre.de\/#website"},"datePublished":"2022-08-03T10:25:03+00:00","dateModified":"2023-06-06T10:17:35+00:00","breadcrumb":{"@id":"https:\/\/komre.de\/index.php\/berater-w-m-d-public-sector-risikomanagement\/#breadcrumb"},"inLanguage":"de","potentialAction":[{"@type":"ReadAction","target":["https:\/\/komre.de\/index.php\/berater-w-m-d-public-sector-risikomanagement\/"]}]},{"@type":"BreadcrumbList","@id":"https:\/\/komre.de\/index.php\/berater-w-m-d-public-sector-risikomanagement\/#breadcrumb","itemListElement":[{"@type":"ListItem","position":1,"name":"Startseite","item":"https:\/\/komre.de\/"},{"@type":"ListItem","position":2,"name":"Berater (w \/ m \/ d) Public Sector (Risikomanagement)"}]},{"@type":"WebSite","@id":"https:\/\/komre.de\/#website","url":"https:\/\/komre.de\/","name":"KomRe AG","description":"Die KomRe AG ist Deutschlands f\u00fchrender Anbieter im Bereich der mobilen Kraftstofflogistik f\u00fcr Notstrom und ausfallgesch\u00fctzter Kommunikation bei Blackout.","potentialAction":[{"@type":"SearchAction","target":{"@type":"EntryPoint","urlTemplate":"https:\/\/komre.de\/?s={search_term_string}"},"query-input":{"@type":"PropertyValueSpecification","valueRequired":true,"valueName":"search_term_string"}}],"inLanguage":"de"}]}},"_links":{"self":[{"href":"https:\/\/komre.de\/index.php\/wp-json\/wp\/v2\/pages\/1998","targetHints":{"allow":["GET"]}}],"collection":[{"href":"https:\/\/komre.de\/index.php\/wp-json\/wp\/v2\/pages"}],"about":[{"href":"https:\/\/komre.de\/index.php\/wp-json\/wp\/v2\/types\/page"}],"author":[{"embeddable":true,"href":"https:\/\/komre.de\/index.php\/wp-json\/wp\/v2\/users\/1"}],"replies":[{"embeddable":true,"href":"https:\/\/komre.de\/index.php\/wp-json\/wp\/v2\/comments?post=1998"}],"version-history":[{"count":6,"href":"https:\/\/komre.de\/index.php\/wp-json\/wp\/v2\/pages\/1998\/revisions"}],"predecessor-version":[{"id":2018,"href":"https:\/\/komre.de\/index.php\/wp-json\/wp\/v2\/pages\/1998\/revisions\/2018"}],"wp:attachment":[{"href":"https:\/\/komre.de\/index.php\/wp-json\/wp\/v2\/media?parent=1998"}],"curies":[{"name":"wp","href":"https:\/\/api.w.org\/{rel}","templated":true}]}}