{"id":1990,"date":"2022-06-01T12:38:02","date_gmt":"2022-06-01T10:38:02","guid":{"rendered":"https:\/\/www.komre.de\/?page_id=1990"},"modified":"2025-05-19T11:41:59","modified_gmt":"2025-05-19T09:41:59","slug":"elektriker-elektroniker-m-w-d-fuer-nachrichtentechnik","status":"publish","type":"page","link":"https:\/\/komre.de\/index.php\/elektriker-elektroniker-m-w-d-fuer-nachrichtentechnik\/","title":{"rendered":"Vertrieb (m\/w\/d)"},"content":{"rendered":"<p><div class=\"fusion-fullwidth fullwidth-box fusion-builder-row-1 nonhundred-percent-fullwidth non-hundred-percent-height-scrolling\" style=\"--awb-border-radius-top-left:0px;--awb-border-radius-top-right:0px;--awb-border-radius-bottom-right:0px;--awb-border-radius-bottom-left:0px;--awb-flex-wrap:wrap;\" ><div class=\"fusion-builder-row fusion-row\"><div class=\"fusion-layout-column fusion_builder_column fusion-builder-column-0 fusion_builder_column_1_1 1_1 fusion-one-full fusion-column-first fusion-column-last\" style=\"--awb-bg-size:cover;\"><div class=\"fusion-column-wrapper fusion-column-has-shadow fusion-flex-column-wrapper-legacy\"><div class=\"fusion-text fusion-text-1\"><h2 class=\"listing__job-title at-header-company-jobTitle sc-jDwBTQ fiXdfY\" style=\"text-align: center;\">Vertrieb (m\/w\/d)<\/h2>\n<h3 style=\"text-align: center;\"><span class=\"fontstyle0\">im Bereich ziviler Katastrophenschutz<\/span><\/h3>\n<\/div><div class=\"fusion-sep-clear\"><\/div><div class=\"fusion-separator\" style=\"margin-left: auto;margin-right: auto;margin-top:0px;margin-bottom:30px;width:100%;max-width:206px;\"><div class=\"fusion-separator-border sep-single sep-solid\" style=\"--awb-height:20px;--awb-amount:20px;--awb-sep-color:#fed03d;border-color:#fed03d;border-top-width:2px;\"><\/div><\/div><div class=\"fusion-sep-clear\"><\/div><div class=\"fusion-clearfix\"><\/div><\/div><\/div><div class=\"fusion-layout-column fusion_builder_column fusion-builder-column-1 fusion_builder_column_1_2 1_2 fusion-one-half fusion-column-first\" style=\"--awb-bg-size:cover;width:50%;width:calc(50% - ( ( 4% ) * 0.5 ) );margin-right: 4%;\"><div class=\"fusion-column-wrapper fusion-column-has-shadow fusion-flex-column-wrapper-legacy\"><div class=\"fusion-text fusion-text-2\"><p><strong>Zukunft sichern durch Innovation \u2013 Undenkbares denken lernen<\/strong><\/p>\n<p><strong>\u00dcber uns:<\/strong><\/p>\n<p>Die KomRe AG ist Innovationsf\u00fchrer bei L\u00f6sungen f\u00fcr den Katastrophenschutz. Wir entwickeln technische Kommunikations-Systeme der Daseinsvorsorge und f\u00fcr das Krisenmanagement von Kommunen. Damit gew\u00e4hrleisten wir das \u201e\u00dcberleben\u201c von Kommunen in Katastrophen. Zukunftssicherung durch innovativen Katastrophenschutz \u2013 KomRe bietet Beratung und technische Systeme, die durch kontinuierliche zivile Sicherheitsforschung weiterentwickelt werden.<\/p>\n<p>Wir sorgen daf\u00fcr, dass St\u00e4dte und Landkreise mit unseren Systemen und Beratungsleistungen auf Krisen jeder Art vorbereitet sind. Wenn Sie Spa\u00df am direkten Kundenkontakt haben und dabei helfen m\u00f6chten, unsere zukunftsweisenden Produkte und L\u00f6sungen erfolgreich in den Markt zu bringen, dann freuen wir uns auf Sie als Verst\u00e4rkung im <strong>Vertrieb<\/strong>!<\/p>\n<p><strong>Ihre Aufgaben:<\/strong><\/p>\n<ul>\n<li>Identifikation von Gesch\u00e4ftsm\u00f6glichkeiten und aktive Mitwirkung bei der Lead-Generierung (Franchise, Messen, Webinare, digitale Kan\u00e4le)<\/li>\n<li>Beratung und Vertrieb unserer Produkte im Bereich Krisenkommunikation und Resilienz an Kommunen, Unternehmen und Beh\u00f6rden sowie \u00fcber Franchise<\/li>\n<li>Telefonische, schriftliche und pers\u00f6nliche Betreuung unserer Leads und m\u00f6glicher Franchisepartner: von der ersten Anfrage \u00fcber die Angebotserstellung bis zur Nachverfolgung<\/li>\n<li>Enge Zusammenarbeit mit dem Vorstand: Abstimmung von Kundenanforderungen, Unterst\u00fctzung bei Ausschreibungen, Organisation von Pr\u00e4sentationen und Demos<\/li>\n<li>Pflege und Aktualisierung unseres CRM-Systems (Zoho), Erstellen von Tools zur Vertriebssteuerung<\/li>\n<li>Vor- und Nachbereitung von Kundenterminen, inkl. Koordination von Terminen und Ressourcen<\/li>\n<\/ul>\n<p><strong>Ihr Profil:<\/strong><\/p>\n<ul>\n<li>Abgeschlossene kaufm\u00e4nnische Ausbildung oder ein wirtschaftswissenschaftliches Studium, idealerweise mit Schwerpunkt Vertrieb\/Marketing<\/li>\n<li>Erfahrung im Vertrieb oder in der Kundenbetreuung, gern im technischen oder beh\u00f6rdlichen Umfeld, mind. 3-5 Jahre<\/li>\n<li>Affinit\u00e4t zu technischen L\u00f6sungen und die Bereitschaft, sich in Themen wie Krisenkommunikation, Resilienz-Beratung und Katastrophenschutz einzuarbeiten<\/li>\n<li>Kommunikationsst\u00e4rke und Freude am direkten Kundenkontakt, souver\u00e4nes Auftreten am Telefon und per E-Mail<\/li>\n<li>Strukturierte, selbstst\u00e4ndige Arbeitsweise und Organisationsgeschick<\/li>\n<li>Sehr gute Deutschkenntnisse in Wort und Schrift<\/li>\n<\/ul>\n<p><strong>Darauf d\u00fcrfen Sie sich freuen:<\/strong><\/p>\n<ul>\n<li><strong>Sinnstiftende und spannende Aufgaben<\/strong> in einem zukunftsorientierten Umfeld zur Sicherung unserer Gesellschaft<\/li>\n<li><strong>Gro\u00dfer Gestaltungsspielraum<\/strong> und die M\u00f6glichkeit, unsere innovativen Produkte weiter am Markt zu etablieren<\/li>\n<li><strong>Offene, partnerschaftliche Unternehmenskultur<\/strong> und Zusammenarbeit auf Augenh\u00f6he<\/li>\n<li><strong>Flexible Arbeitszeiten<\/strong> und die M\u00f6glichkeit, teilweise remote zu arbeiten.<\/li>\n<li><strong>Attraktive Verg\u00fctung<\/strong>, 30 Tage Urlaub, Arbeitgeberzuschuss zur betrieblichen Altersvorsorge, Kindergartenzuschuss, Weiterbildungsangebote<\/li>\n<li><strong>Interessante und herausfordernde Aufgaben<\/strong> in einem vision\u00e4ren und zukunftsorientierten Umfeld<\/li>\n<\/ul>\n<p><strong>Kontakt<\/strong><\/p>\n<p>Ihre Bewerbung k\u00f6nnen Sie uns gerne \u00fcber unser Online-Formular oder per Mail zukommen lassen. Nach der Pr\u00fcfung Ihrer Bewerbung folgt ein zweistufiger Prozess bestehend aus Telefon-\/ Videospr\u00e4chen und \u2013 je nach Situation \u2013 Vor-Ort-Terminen, in denen Sie Ihre zuk\u00fcnftigen Vorgesetze und die Abteilungsleitung kennenlernen. Bei positivem Verlauf halten Sie innerhalb eines Monats Ihren Arbeitsvertrag in der Hand.<\/p>\n<p><strong>Wir freuen uns auf Sie!<\/strong><\/p>\n<p>Bewerben Sie sich per E-Mail an <a href=\"mailto:bewerbung@komre.de\">bewerbung@komre.de<\/a><\/p>\n<p><strong>KomRe AG<\/strong><br \/>\nTempliner Str. 16, 10119 Berlin, Deutschland<\/p>\n<p><strong>Gestalten Sie mit uns die Zukunft der Krisenkommunikation und Resilienz-Beratung, damit unsere Gesellschaft f\u00fcr jede Herausforderung gewappnet ist.<br \/>\n<\/strong>Wir freuen uns auf Ihre Bewerbung!<\/p>\n<p><strong>\u00dcbrigens:<\/strong><\/p>\n<ul>\n<li>Sprache: Deutsch ist unsere Arbeitssprache, denn wir arbeiten eng mit Beh\u00f6rden zusammen, deshalb sind f\u00f6rmlichere Umgangsformen und gute Deutschkenntnisse in Wort und Schrift oft unabdingbar.<\/li>\n<li>Freiberufler: Gerne k\u00f6nnt Ihr uns Euer Portfolio zukommen lassen, aber wir antworten nur, wenn wir tats\u00e4chlich Bedarf haben, derzeit haben wir keinen Bedarf an Outsourcing-L\u00f6sungen.<\/li>\n<\/ul>\n<\/div><div class=\"fusion-clearfix\"><\/div><\/div><\/div><div class=\"fusion-layout-column fusion_builder_column fusion-builder-column-2 fusion_builder_column_1_2 1_2 fusion-one-half fusion-column-last\" style=\"--awb-padding-top:65px;--awb-bg-size:cover;width:50%;width:calc(50% - ( ( 4% ) * 0.5 ) );\"><div class=\"fusion-column-wrapper fusion-column-has-shadow fusion-flex-column-wrapper-legacy\"><div class=\"fusion-image-element in-legacy-container\" style=\"--awb-caption-title-font-family:var(--h2_typography-font-family);--awb-caption-title-font-weight:var(--h2_typography-font-weight);--awb-caption-title-font-style:var(--h2_typography-font-style);--awb-caption-title-size:var(--h2_typography-font-size);--awb-caption-title-transform:var(--h2_typography-text-transform);--awb-caption-title-line-height:var(--h2_typography-line-height);--awb-caption-title-letter-spacing:var(--h2_typography-letter-spacing);\"><span class=\" fusion-imageframe imageframe-none imageframe-1 hover-type-none\"><img decoding=\"async\" width=\"5966\" height=\"3376\" title=\"Business people discussion advisor concept\" src=\"https:\/\/www.komre.de\/wp-content\/uploads\/2020\/05\/AdobeStock_276831767_Beraterin.jpeg\" alt class=\"img-responsive wp-image-1860\"\/><\/span><\/div><div class=\"fusion-clearfix\"><\/div><\/div><\/div>\n<\/div><\/div><div class=\"fusion-fullwidth fullwidth-box fusion-builder-row-2 hundred-percent-fullwidth non-hundred-percent-height-scrolling\" style=\"--awb-border-radius-top-left:0px;--awb-border-radius-top-right:0px;--awb-border-radius-bottom-right:0px;--awb-border-radius-bottom-left:0px;--awb-border-sizes-top:0px;--awb-border-sizes-bottom:0px;--awb-flex-wrap:wrap;\" ><div class=\"fusion-builder-row fusion-row\"><div class=\"fusion-layout-column fusion_builder_column fusion-builder-column-3 fusion_builder_column_1_1 1_1 fusion-one-full fusion-column-first fusion-column-last fusion-column-no-min-height\" style=\"--awb-bg-size:cover;\"><div class=\"fusion-column-wrapper fusion-flex-column-wrapper-legacy\"><div class=\"shortcode-map fusion-google-map fusion-maps-embed-type\"><iframe width=\"100%\" height=\"400px\" frameborder=\"0\" style=\"border:0\" src=\"https:\/\/www.google.com\/maps\/embed\/v1\/place?key=AIzaSyAg2Oct1uaDBMwW-tMW17nvn0Pje9tC4iw&language=de&q=Templiner+Stra\u00dfe+16,+10119+Berlin&maptype=roadmap&zoom=14\" allowfullscreen><\/iframe><\/div><div class=\"fusion-clearfix\"><\/div><\/div><\/div><\/div><\/div><\/p>\n","protected":false},"excerpt":{"rendered":"","protected":false},"author":1,"featured_media":0,"parent":0,"menu_order":0,"comment_status":"closed","ping_status":"closed","template":"100-width.php","meta":{"_bbp_topic_count":0,"_bbp_reply_count":0,"_bbp_total_topic_count":0,"_bbp_total_reply_count":0,"_bbp_voice_count":0,"_bbp_anonymous_reply_count":0,"_bbp_topic_count_hidden":0,"_bbp_reply_count_hidden":0,"_bbp_forum_subforum_count":0,"footnotes":""},"class_list":["post-1990","page","type-page","status-publish","hentry"],"yoast_head":"<!-- This site is optimized with the Yoast SEO plugin v27.6 - https:\/\/yoast.com\/product\/yoast-seo-wordpress\/ -->\n<title>Vertrieb (m\/w\/d) - KomRe AG<\/title>\n<meta name=\"robots\" content=\"index, follow, max-snippet:-1, max-image-preview:large, max-video-preview:-1\" \/>\n<link rel=\"canonical\" href=\"https:\/\/komre.de\/index.php\/elektriker-elektroniker-m-w-d-fuer-nachrichtentechnik\/\" \/>\n<meta property=\"og:locale\" content=\"de_DE\" \/>\n<meta property=\"og:type\" content=\"article\" \/>\n<meta property=\"og:title\" content=\"Vertrieb (m\/w\/d) - KomRe AG\" \/>\n<meta property=\"og:url\" content=\"https:\/\/komre.de\/index.php\/elektriker-elektroniker-m-w-d-fuer-nachrichtentechnik\/\" \/>\n<meta property=\"og:site_name\" content=\"KomRe AG\" \/>\n<meta property=\"article:modified_time\" content=\"2025-05-19T09:41:59+00:00\" \/>\n<meta name=\"twitter:card\" content=\"summary_large_image\" \/>\n<meta name=\"twitter:label1\" content=\"Gesch\u00e4tzte Lesezeit\" \/>\n\t<meta name=\"twitter:data1\" content=\"6\u00a0Minuten\" \/>\n<script type=\"application\/ld+json\" class=\"yoast-schema-graph\">{\"@context\":\"https:\\\/\\\/schema.org\",\"@graph\":[{\"@type\":\"WebPage\",\"@id\":\"https:\\\/\\\/komre.de\\\/index.php\\\/elektriker-elektroniker-m-w-d-fuer-nachrichtentechnik\\\/\",\"url\":\"https:\\\/\\\/komre.de\\\/index.php\\\/elektriker-elektroniker-m-w-d-fuer-nachrichtentechnik\\\/\",\"name\":\"Vertrieb (m\\\/w\\\/d) - KomRe AG\",\"isPartOf\":{\"@id\":\"https:\\\/\\\/komre.de\\\/#website\"},\"datePublished\":\"2022-06-01T10:38:02+00:00\",\"dateModified\":\"2025-05-19T09:41:59+00:00\",\"breadcrumb\":{\"@id\":\"https:\\\/\\\/komre.de\\\/index.php\\\/elektriker-elektroniker-m-w-d-fuer-nachrichtentechnik\\\/#breadcrumb\"},\"inLanguage\":\"de\",\"potentialAction\":[{\"@type\":\"ReadAction\",\"target\":[\"https:\\\/\\\/komre.de\\\/index.php\\\/elektriker-elektroniker-m-w-d-fuer-nachrichtentechnik\\\/\"]}]},{\"@type\":\"BreadcrumbList\",\"@id\":\"https:\\\/\\\/komre.de\\\/index.php\\\/elektriker-elektroniker-m-w-d-fuer-nachrichtentechnik\\\/#breadcrumb\",\"itemListElement\":[{\"@type\":\"ListItem\",\"position\":1,\"name\":\"Startseite\",\"item\":\"https:\\\/\\\/komre.de\\\/\"},{\"@type\":\"ListItem\",\"position\":2,\"name\":\"Vertrieb (m\\\/w\\\/d)\"}]},{\"@type\":\"WebSite\",\"@id\":\"https:\\\/\\\/komre.de\\\/#website\",\"url\":\"https:\\\/\\\/komre.de\\\/\",\"name\":\"KomRe AG\",\"description\":\"Die KomRe AG ist Deutschlands f\u00fchrender Anbieter im Bereich der mobilen Kraftstofflogistik f\u00fcr Notstrom und ausfallgesch\u00fctzter Kommunikation bei Blackout.\",\"potentialAction\":[{\"@type\":\"SearchAction\",\"target\":{\"@type\":\"EntryPoint\",\"urlTemplate\":\"https:\\\/\\\/komre.de\\\/?s={search_term_string}\"},\"query-input\":{\"@type\":\"PropertyValueSpecification\",\"valueRequired\":true,\"valueName\":\"search_term_string\"}}],\"inLanguage\":\"de\"}]}<\/script>\n<!-- \/ Yoast SEO plugin. -->","yoast_head_json":{"title":"Vertrieb (m\/w\/d) - KomRe AG","robots":{"index":"index","follow":"follow","max-snippet":"max-snippet:-1","max-image-preview":"max-image-preview:large","max-video-preview":"max-video-preview:-1"},"canonical":"https:\/\/komre.de\/index.php\/elektriker-elektroniker-m-w-d-fuer-nachrichtentechnik\/","og_locale":"de_DE","og_type":"article","og_title":"Vertrieb (m\/w\/d) - KomRe AG","og_url":"https:\/\/komre.de\/index.php\/elektriker-elektroniker-m-w-d-fuer-nachrichtentechnik\/","og_site_name":"KomRe AG","article_modified_time":"2025-05-19T09:41:59+00:00","twitter_card":"summary_large_image","twitter_misc":{"Gesch\u00e4tzte Lesezeit":"6\u00a0Minuten"},"schema":{"@context":"https:\/\/schema.org","@graph":[{"@type":"WebPage","@id":"https:\/\/komre.de\/index.php\/elektriker-elektroniker-m-w-d-fuer-nachrichtentechnik\/","url":"https:\/\/komre.de\/index.php\/elektriker-elektroniker-m-w-d-fuer-nachrichtentechnik\/","name":"Vertrieb (m\/w\/d) - KomRe AG","isPartOf":{"@id":"https:\/\/komre.de\/#website"},"datePublished":"2022-06-01T10:38:02+00:00","dateModified":"2025-05-19T09:41:59+00:00","breadcrumb":{"@id":"https:\/\/komre.de\/index.php\/elektriker-elektroniker-m-w-d-fuer-nachrichtentechnik\/#breadcrumb"},"inLanguage":"de","potentialAction":[{"@type":"ReadAction","target":["https:\/\/komre.de\/index.php\/elektriker-elektroniker-m-w-d-fuer-nachrichtentechnik\/"]}]},{"@type":"BreadcrumbList","@id":"https:\/\/komre.de\/index.php\/elektriker-elektroniker-m-w-d-fuer-nachrichtentechnik\/#breadcrumb","itemListElement":[{"@type":"ListItem","position":1,"name":"Startseite","item":"https:\/\/komre.de\/"},{"@type":"ListItem","position":2,"name":"Vertrieb (m\/w\/d)"}]},{"@type":"WebSite","@id":"https:\/\/komre.de\/#website","url":"https:\/\/komre.de\/","name":"KomRe AG","description":"Die KomRe AG ist Deutschlands f\u00fchrender Anbieter im Bereich der mobilen Kraftstofflogistik f\u00fcr Notstrom und ausfallgesch\u00fctzter Kommunikation bei Blackout.","potentialAction":[{"@type":"SearchAction","target":{"@type":"EntryPoint","urlTemplate":"https:\/\/komre.de\/?s={search_term_string}"},"query-input":{"@type":"PropertyValueSpecification","valueRequired":true,"valueName":"search_term_string"}}],"inLanguage":"de"}]}},"_links":{"self":[{"href":"https:\/\/komre.de\/index.php\/wp-json\/wp\/v2\/pages\/1990","targetHints":{"allow":["GET"]}}],"collection":[{"href":"https:\/\/komre.de\/index.php\/wp-json\/wp\/v2\/pages"}],"about":[{"href":"https:\/\/komre.de\/index.php\/wp-json\/wp\/v2\/types\/page"}],"author":[{"embeddable":true,"href":"https:\/\/komre.de\/index.php\/wp-json\/wp\/v2\/users\/1"}],"replies":[{"embeddable":true,"href":"https:\/\/komre.de\/index.php\/wp-json\/wp\/v2\/comments?post=1990"}],"version-history":[{"count":7,"href":"https:\/\/komre.de\/index.php\/wp-json\/wp\/v2\/pages\/1990\/revisions"}],"predecessor-version":[{"id":2087,"href":"https:\/\/komre.de\/index.php\/wp-json\/wp\/v2\/pages\/1990\/revisions\/2087"}],"wp:attachment":[{"href":"https:\/\/komre.de\/index.php\/wp-json\/wp\/v2\/media?parent=1990"}],"curies":[{"name":"wp","href":"https:\/\/api.w.org\/{rel}","templated":true}]}}