{"id":1973,"date":"2022-05-30T15:10:46","date_gmt":"2022-05-30T13:10:46","guid":{"rendered":"https:\/\/www.komre.de\/?page_id=1973"},"modified":"2023-12-04T18:06:12","modified_gmt":"2023-12-04T17:06:12","slug":"teamassistenz-m-w-d-der-geschaeftsfuehrung","status":"publish","type":"page","link":"https:\/\/komre.de\/index.php\/teamassistenz-m-w-d-der-geschaeftsfuehrung\/","title":{"rendered":"Teamassistenz (m\/w\/d) der Gesch\u00e4ftsf\u00fchrung"},"content":{"rendered":"<p><div class=\"fusion-fullwidth fullwidth-box fusion-builder-row-1 nonhundred-percent-fullwidth non-hundred-percent-height-scrolling\" style=\"--awb-border-radius-top-left:0px;--awb-border-radius-top-right:0px;--awb-border-radius-bottom-right:0px;--awb-border-radius-bottom-left:0px;--awb-flex-wrap:wrap;\" ><div class=\"fusion-builder-row fusion-row\"><div class=\"fusion-layout-column fusion_builder_column fusion-builder-column-0 fusion_builder_column_1_1 1_1 fusion-one-full fusion-column-first fusion-column-last\" style=\"--awb-bg-size:cover;\"><div class=\"fusion-column-wrapper fusion-column-has-shadow fusion-flex-column-wrapper-legacy\"><div class=\"fusion-text fusion-text-1\"><h2 style=\"text-align: center;\"><strong>Office Manager*in \/ Teamassistenz (m\/w\/d)<\/strong><\/h2>\n<\/div><div class=\"fusion-sep-clear\"><\/div><div class=\"fusion-separator\" style=\"margin-left: auto;margin-right: auto;margin-top:0px;margin-bottom:30px;width:100%;max-width:206px;\"><div class=\"fusion-separator-border sep-single sep-solid\" style=\"--awb-height:20px;--awb-amount:20px;--awb-sep-color:#fed03d;border-color:#fed03d;border-top-width:2px;\"><\/div><\/div><div class=\"fusion-sep-clear\"><\/div><div class=\"fusion-clearfix\"><\/div><\/div><\/div><div class=\"fusion-layout-column fusion_builder_column fusion-builder-column-1 fusion_builder_column_1_2 1_2 fusion-one-half fusion-column-first\" style=\"--awb-bg-size:cover;width:50%;width:calc(50% - ( ( 4% ) * 0.5 ) );margin-right: 4%;\"><div class=\"fusion-column-wrapper fusion-column-has-shadow fusion-flex-column-wrapper-legacy\"><div class=\"fusion-text fusion-text-2\"><section class=\"at-section-text-introduction sc-htpNat eCdXFe\">\n<div class=\"sc-dfVpRl eecLzz\">\n<div class=\"sc-gxMtzJ emadjw sc-dqBHgY cGyUFs\">\n<div class=\"at-section-text-introduction-content listingContentBrandingColor sc-gzOgki dKVQyF\">\n<p><strong>Zukunftssicherung durch Innovation \u2013 Undenkbares denken lernen<\/strong><\/p>\n<p><strong>\u00dcber uns:<\/strong><\/p>\n<p>Die KomRe AG ist Innovationsf\u00fchrer bei L\u00f6sungen f\u00fcr den Katastrophenschutz. Wir entwickeln Notfallkonzepte und Sonderschutzpl\u00e4ne f\u00fcr Kommunen sowie technische Systeme der Daseinsvorsorge bei l\u00e4ngerfristigen Stromausf\u00e4llen. Damit gew\u00e4hrleisten wir das \u00dcberleben von Kommunen bei Blackouts. Zukunftssicherung durch innovativen Katastrophenschutz \u2013 KomRe bietet Beratung und technische Systeme, die durch kontinuierliche zivile Sicherheitsforschung weiterentwickelt werden.<\/p>\n<p>Sie bezeichnen sich selbst als Organisationstalent und wollen dieses in einem abwechslungsreichen Job ausleben? Dann gehen Sie mit uns den n\u00e4chsten Schritt!<\/p>\n<p>Sie arbeiten eigenverantwortlich und sind die \u201crechte Hand\u201d vom Vorstand. Sie sorgen gemeinsam f\u00fcr das Wohlergehen des Teams und der externen Partner. Sie sind die zentrale Person in allen administrativen und organisatorischen Belangen.<\/p>\n<\/div>\n<\/div>\n<\/div>\n<\/section>\n<p><strong>Das sind Ihre Aufgaben<\/strong><\/p>\n<ul>\n<li>Unser gesamtes Team profitiert von Ihrer administrativen und organisatorischen Unterst\u00fctzung &#8211; Sie erhalten Einblick in alle Gesch\u00e4ftsbereiche.<\/li>\n<li>Sie sorgen &#8211; auch als Quereinsteiger*in &#8211; daf\u00fcr, dass das B\u00fcro reibungslos l\u00e4uft.<\/li>\n<li>Sie bearbeiten den Posteingang (E-Mails, Briefe, Pakete, Rechnungen etc.), nehmen Anrufe entgegen und k\u00fcmmern sich um die entsprechende Weiterleitung.<\/li>\n<li>Sie haben die Reise- und Terminplanung sowie Reisekostenabrechnung voll im Griff.<\/li>\n<li>Im Bereich der Personalsachbearbeitung sind Urlaubsantr\u00e4ge und Krankmeldungen sowohl Teil des Tagesgesch\u00e4fts als auch Bestandteil der monatlichen Meldungen f\u00fcr die Lohnabrechnungen.<\/li>\n<li>Sie unterst\u00fctzen unser Rechnungswesen durch vorbereitende Erfassung von Belegen sowie die Abteilungen beim On- und Offboarding der Kolleg*innen.<\/li>\n<li>Sie \u00fcbernehmen die Kommunikation mit externen Dienstleistern (z.B. IT-Service, Kurierdienste) und koordinieren die Bestellungen und Eink\u00e4ufe f\u00fcr das Office.<\/li>\n<\/ul>\n<p><strong>Das bringen Sie mit<\/strong><\/p>\n<ul>\n<li>Erfolgreich abgeschlossene kaufm\u00e4nnische Ausbildung oder Hochschulstudium mit Berufserfahrung<\/li>\n<li>Dienstleistungsorientierte Pers\u00f6nlichkeit mit einem herzlichen und verbindlichen Auftreten<\/li>\n<li>Strukturierte, ergebnisorientierte, selbstst\u00e4ndige und sorgf\u00e4ltige Arbeitsweise<\/li>\n<li>Sehr gute Anwenderkenntnisse in MS-Office, MS365, Teams<\/li>\n<li>Unternehmerisches Denken und die Bereitschaft, etwas bewegen zu wollen<\/li>\n<li>Analytische und kreative sowie l\u00f6sungs- und ergebnisorientierte Arbeitsweise<\/li>\n<li>Ausgezeichnete Deutsch-Kenntnisse in Wort und Schrift<\/li>\n<\/ul>\n<p><strong>Darauf d\u00fcrfen Sie sich freuen<\/strong><\/p>\n<ul>\n<li><strong>Sinnstiftende und interessante Aufgaben<\/strong> in einem zukunftsorientierten Umfeld zur Sicherung unserer Gesellschaft<\/li>\n<li><strong>Gro\u00dfer Entscheidungsspielraum<\/strong> &#8211; Sie arbeiten eigenverantwortlich und direkt mit dem Vorstand zusammen<\/li>\n<li>Wir leben eine offene, partnerschaftliche Form der Zusammenarbeit und pflegen eine freundliche &#8222;Duz&#8220;-Kultur<\/li>\n<li>Spa\u00df bei der Arbeit und dabei, einen nachhaltigen messbaren Beitrag zu leisten<\/li>\n<li><strong>Flexible Arbeitszeiten<\/strong> &#8211; sowohl in Teilzeit, als auch Vollzeit &#8211; f\u00fcr eine ausgewogene Work-Life-Balance<\/li>\n<li>Auch das ist f\u00fcr uns selbstverst\u00e4ndlich: 30 Tage Urlaub, Arbeitgeberzuschuss zur betrieblichen Altersvorsorge, Kindergartenzuschuss, Weiterbildungsm\u00f6glichkeiten<\/li>\n<\/ul>\n<h4>Kontakt<\/h4>\n<p>Ihre Bewerbung k\u00f6nnen Sie uns gerne \u00fcber unser Online-Formular oder per Mail zukommen lassen. Nach der Pr\u00fcfung Ihrer Bewerbung folgt ein zweistufiger Prozess bestehend aus Telefon-\/ Videospr\u00e4chen und \u2013 je nach Situation \u2013 Vor-Ort-Terminen, in denen Sie Ihre zuk\u00fcnftigen Vorgesetze und die Abteilungsleitung kennenlernen. Bei positivem Verlauf halten Sie innerhalb eines Monats Ihren Arbeitsvertrag in der Hand.<\/p>\n<p><strong>Wir freuen uns auf Sie!<\/strong><\/p>\n<p>Bewerben Sie sich per E-Mail an <a href=\"mailto:bewerbung@komre.de\">bewerbung@komre.de<\/a> oder per Kontaktformular.<\/p>\n<p><strong>KomRe AG<\/strong><br \/>\nTempliner Str. 16, 10119 Berlin, Deutschland<\/p>\n<p>Art der Stelle: Vollzeit, Teilzeit, Festanstellung<\/p>\n<\/div><div class=\"fusion-clearfix\"><\/div><\/div><\/div>\n<div class=\"fusion-layout-column fusion_builder_column fusion-builder-column-2 fusion_builder_column_1_2 1_2 fusion-one-half fusion-column-last\" style=\"--awb-padding-top:65px;--awb-bg-size:cover;width:50%;width:calc(50% - ( ( 4% ) * 0.5 ) );\"><div class=\"fusion-column-wrapper fusion-column-has-shadow fusion-flex-column-wrapper-legacy\"><div class=\"fusion-image-element in-legacy-container\" style=\"--awb-caption-title-font-family:var(--h2_typography-font-family);--awb-caption-title-font-weight:var(--h2_typography-font-weight);--awb-caption-title-font-style:var(--h2_typography-font-style);--awb-caption-title-size:var(--h2_typography-font-size);--awb-caption-title-transform:var(--h2_typography-text-transform);--awb-caption-title-line-height:var(--h2_typography-line-height);--awb-caption-title-letter-spacing:var(--h2_typography-letter-spacing);\"><span class=\" fusion-imageframe imageframe-none imageframe-1 hover-type-none\"><img decoding=\"async\" width=\"5966\" height=\"3376\" title=\"Business people discussion advisor concept\" src=\"https:\/\/www.komre.de\/wp-content\/uploads\/2020\/05\/AdobeStock_276831767_Beraterin.jpeg\" alt class=\"img-responsive wp-image-1860\"\/><\/span><\/div><div class=\"fusion-clearfix\"><\/div><\/div><\/div>\n<\/div><\/div><div id=\"Gratis Demo\" class=\"fusion-container-anchor\"><div class=\"fusion-fullwidth fullwidth-box fusion-builder-row-2 nonhundred-percent-fullwidth non-hundred-percent-height-scrolling\" style=\"--awb-border-radius-top-left:0px;--awb-border-radius-top-right:0px;--awb-border-radius-bottom-right:0px;--awb-border-radius-bottom-left:0px;--awb-padding-top:100px;--awb-padding-bottom:90px;--awb-background-color:#f5f5f5;--awb-border-sizes-top:0px;--awb-border-sizes-bottom:0px;--awb-flex-wrap:wrap;\" ><div class=\"fusion-builder-row fusion-row\"><div class=\"fusion-layout-column fusion_builder_column fusion-builder-column-3 fusion_builder_column_1_6 1_6 fusion-one-sixth fusion-column-first fusion-no-small-visibility\" style=\"--awb-bg-size:cover;width:13.3333%; margin-right: 4%;\"><div class=\"fusion-column-wrapper fusion-flex-column-wrapper-legacy\"><div class=\"fusion-sep-clear\"><\/div><div class=\"fusion-separator fusion-full-width-sep\" style=\"margin-left: auto;margin-right: auto;width:100%;\"><\/div><div class=\"fusion-sep-clear\"><\/div><div class=\"fusion-clearfix\"><\/div><\/div><\/div><div class=\"fusion-layout-column fusion_builder_column fusion-builder-column-4 fusion_builder_column_2_3 2_3 fusion-two-third\" style=\"--awb-bg-color:rgba(255,255,255,0.9);--awb-bg-color-hover:rgba(255,255,255,0.9);--awb-bg-size:cover;--awb-margin-top:20px;--awb-margin-bottom:20px;width:65.3333%; margin-right: 4%;\"><div class=\"fusion-column-wrapper fusion-flex-column-wrapper-legacy\"><div class=\"fusion-reading-box-container reading-box-container-1\" style=\"--awb-title-color:#333333;--awb-margin-top:0px;--awb-margin-bottom:0px;\"><div class=\"reading-box reading-box-center\" style=\"background-color:#fed03d;border-width:0px;border-color:#f6f6f6;border-style:solid;\"><h2>Interesse geweckt? Dann kontaktiere uns: <\/h2><\/div><\/div><div class=\"fusion-builder-row fusion-builder-row-inner fusion-row\"><div class=\"fusion-layout-column fusion_builder_column_inner fusion-builder-nested-column-0 fusion_builder_column_inner_1_1 1_1 fusion-one-full fusion-column-first fusion-column-last\" style=\"--awb-padding-top:5%;--awb-padding-right:6%;--awb-padding-bottom:6%;--awb-padding-left:6%;--awb-bg-size:cover;\"><div class=\"fusion-column-wrapper fusion-flex-column-wrapper-legacy\"><div class=\"fusion-sep-clear\"><\/div><div class=\"fusion-separator fusion-full-width-sep\" style=\"margin-left: auto;margin-right: auto;margin-top:10px;width:100%;\"><\/div><div class=\"fusion-sep-clear\"><\/div>\n<div class=\"wpcf7 no-js\" id=\"wpcf7-f1888-o1\" lang=\"en-US\" dir=\"ltr\" data-wpcf7-id=\"1888\">\n<div class=\"screen-reader-response\"><p role=\"status\" aria-live=\"polite\" aria-atomic=\"true\"><\/p> <ul><\/ul><\/div>\n<form action=\"\/index.php\/wp-json\/wp\/v2\/pages\/1973#wpcf7-f1888-o1\" method=\"post\" class=\"wpcf7-form init\" aria-label=\"Contact form\" enctype=\"multipart\/form-data\" novalidate=\"novalidate\" data-status=\"init\">\n<fieldset class=\"hidden-fields-container\"><input type=\"hidden\" name=\"_wpcf7\" value=\"1888\" \/><input type=\"hidden\" name=\"_wpcf7_version\" value=\"6.1.5\" \/><input type=\"hidden\" name=\"_wpcf7_locale\" value=\"en_US\" \/><input type=\"hidden\" name=\"_wpcf7_unit_tag\" value=\"wpcf7-f1888-o1\" \/><input type=\"hidden\" name=\"_wpcf7_container_post\" value=\"0\" \/><input type=\"hidden\" name=\"_wpcf7_posted_data_hash\" value=\"\" \/><input type=\"hidden\" name=\"_wpcf7_recaptcha_response\" value=\"\" \/>\n<\/fieldset>\n<p><span class=\"wpcf7-form-control-wrap\" data-name=\"Name\"><input size=\"40\" maxlength=\"400\" class=\"wpcf7-form-control wpcf7-text wpcf7-validates-as-required\" aria-required=\"true\" aria-invalid=\"false\" placeholder=\"Name *\" value=\"\" type=\"text\" name=\"Name\" \/><\/span>\n<\/p>\n<p><span class=\"wpcf7-form-control-wrap\" data-name=\"E-Mail\"><input size=\"40\" maxlength=\"400\" class=\"wpcf7-form-control wpcf7-email wpcf7-validates-as-required wpcf7-text wpcf7-validates-as-email\" aria-required=\"true\" aria-invalid=\"false\" placeholder=\"E-Mail *\" value=\"\" type=\"email\" name=\"E-Mail\" \/><\/span>\n<\/p>\n<p><span class=\"wpcf7-form-control-wrap\" data-name=\"Telefonnummer\"><input size=\"40\" maxlength=\"400\" class=\"wpcf7-form-control wpcf7-text\" aria-invalid=\"false\" placeholder=\"Telefonnummer\" value=\"\" type=\"text\" name=\"Telefonnummer\" \/><\/span>\n<\/p>\n<p><span class=\"wpcf7-form-control-wrap\" data-name=\"Betreff\"><input size=\"40\" maxlength=\"400\" class=\"wpcf7-form-control wpcf7-text wpcf7-validates-as-required\" aria-required=\"true\" aria-invalid=\"false\" placeholder=\"Betreff *\" value=\"\" type=\"text\" name=\"Betreff\" \/><\/span>\n<\/p>\n<p><span class=\"wpcf7-form-control-wrap\" data-name=\"Nachricht\"><textarea cols=\"40\" rows=\"10\" maxlength=\"2000\" class=\"wpcf7-form-control wpcf7-textarea wpcf7-validates-as-required\" aria-required=\"true\" aria-invalid=\"false\" placeholder=\"Ihre Nachricht *\" name=\"Nachricht\"><\/textarea><\/span>\n<\/p>\n<p><input class=\"wpcf7-form-control wpcf7-submit has-spinner\" type=\"submit\" value=\"ABSENDEN\" \/>\n<\/p>\n<p><span class=\"wpcf7-form-control-wrap\" data-name=\"file-638\"><input size=\"40\" class=\"wpcf7-form-control wpcf7-file\" accept=\".png,.jpeg,.pdf\" aria-invalid=\"false\" type=\"file\" name=\"file-638\" \/><\/span>\n<\/p><div class=\"fusion-alert alert custom alert-custom fusion-alert-center wpcf7-response-output fusion-alert-capitalize awb-alert-native-link-color alert-dismissable awb-alert-close-boxed\" style=\"--awb-border-top-left-radius:0px;--awb-border-top-right-radius:0px;--awb-border-bottom-left-radius:0px;--awb-border-bottom-right-radius:0px;\" role=\"alert\"><div class=\"fusion-alert-content-wrapper\"><span class=\"fusion-alert-content\"><\/span><\/div><button type=\"button\" class=\"close toggle-alert\" data-dismiss=\"alert\" aria-label=\"Close\">&times;<\/button><\/div>\n<\/form>\n<\/div>\n<div class=\"fusion-clearfix\"><\/div><\/div><\/div><\/div><div class=\"fusion-clearfix\"><\/div><\/div><\/div><div class=\"fusion-layout-column fusion_builder_column fusion-builder-column-5 fusion_builder_column_1_6 1_6 fusion-one-sixth fusion-column-last fusion-no-small-visibility\" style=\"--awb-bg-size:cover;width:13.3333%;\"><div class=\"fusion-column-wrapper fusion-flex-column-wrapper-legacy\"><div class=\"fusion-sep-clear\"><\/div><div class=\"fusion-separator fusion-full-width-sep\" style=\"margin-left: auto;margin-right: auto;width:100%;\"><\/div><div class=\"fusion-sep-clear\"><\/div><div class=\"fusion-clearfix\"><\/div><\/div><\/div><\/div><\/div><\/div>\n<div class=\"fusion-fullwidth fullwidth-box fusion-builder-row-3 hundred-percent-fullwidth non-hundred-percent-height-scrolling\" style=\"--awb-border-radius-top-left:0px;--awb-border-radius-top-right:0px;--awb-border-radius-bottom-right:0px;--awb-border-radius-bottom-left:0px;--awb-border-sizes-top:0px;--awb-border-sizes-bottom:0px;--awb-flex-wrap:wrap;\" ><div class=\"fusion-builder-row fusion-row\"><div class=\"fusion-layout-column fusion_builder_column fusion-builder-column-6 fusion_builder_column_1_1 1_1 fusion-one-full fusion-column-first fusion-column-last fusion-column-no-min-height\" style=\"--awb-bg-size:cover;\"><div class=\"fusion-column-wrapper fusion-flex-column-wrapper-legacy\"><div class=\"shortcode-map fusion-google-map fusion-maps-embed-type\"><iframe width=\"100%\" height=\"400px\" frameborder=\"0\" style=\"border:0\" src=\"https:\/\/www.google.com\/maps\/embed\/v1\/place?key=AIzaSyAg2Oct1uaDBMwW-tMW17nvn0Pje9tC4iw&language=de&q=Templiner+Stra\u00dfe+16,+10119+Berlin&maptype=roadmap&zoom=14\" allowfullscreen><\/iframe><\/div><div class=\"fusion-clearfix\"><\/div><\/div><\/div><\/div><\/div><\/p>\n","protected":false},"excerpt":{"rendered":"","protected":false},"author":1,"featured_media":0,"parent":0,"menu_order":0,"comment_status":"closed","ping_status":"closed","template":"100-width.php","meta":{"_bbp_topic_count":0,"_bbp_reply_count":0,"_bbp_total_topic_count":0,"_bbp_total_reply_count":0,"_bbp_voice_count":0,"_bbp_anonymous_reply_count":0,"_bbp_topic_count_hidden":0,"_bbp_reply_count_hidden":0,"_bbp_forum_subforum_count":0,"footnotes":""},"class_list":["post-1973","page","type-page","status-publish","hentry"],"yoast_head":"<!-- This site is optimized with the Yoast SEO plugin v27.5 - https:\/\/yoast.com\/product\/yoast-seo-wordpress\/ -->\n<title>Teamassistenz (m\/w\/d) der Gesch\u00e4ftsf\u00fchrung - KomRe AG<\/title>\n<meta name=\"robots\" content=\"index, follow, max-snippet:-1, max-image-preview:large, max-video-preview:-1\" \/>\n<link rel=\"canonical\" href=\"https:\/\/komre.de\/index.php\/teamassistenz-m-w-d-der-geschaeftsfuehrung\/\" \/>\n<meta property=\"og:locale\" content=\"de_DE\" \/>\n<meta property=\"og:type\" content=\"article\" \/>\n<meta property=\"og:title\" content=\"Teamassistenz (m\/w\/d) der Gesch\u00e4ftsf\u00fchrung - KomRe AG\" \/>\n<meta property=\"og:url\" content=\"https:\/\/komre.de\/index.php\/teamassistenz-m-w-d-der-geschaeftsfuehrung\/\" \/>\n<meta property=\"og:site_name\" content=\"KomRe AG\" \/>\n<meta property=\"article:modified_time\" content=\"2023-12-04T17:06:12+00:00\" \/>\n<meta name=\"twitter:card\" content=\"summary_large_image\" \/>\n<meta name=\"twitter:label1\" content=\"Gesch\u00e4tzte Lesezeit\" \/>\n\t<meta name=\"twitter:data1\" content=\"3\u00a0Minuten\" \/>\n<script type=\"application\/ld+json\" class=\"yoast-schema-graph\">{\"@context\":\"https:\\\/\\\/schema.org\",\"@graph\":[{\"@type\":\"WebPage\",\"@id\":\"https:\\\/\\\/komre.de\\\/index.php\\\/teamassistenz-m-w-d-der-geschaeftsfuehrung\\\/\",\"url\":\"https:\\\/\\\/komre.de\\\/index.php\\\/teamassistenz-m-w-d-der-geschaeftsfuehrung\\\/\",\"name\":\"Teamassistenz (m\\\/w\\\/d) der Gesch\u00e4ftsf\u00fchrung - KomRe AG\",\"isPartOf\":{\"@id\":\"https:\\\/\\\/komre.de\\\/#website\"},\"datePublished\":\"2022-05-30T13:10:46+00:00\",\"dateModified\":\"2023-12-04T17:06:12+00:00\",\"breadcrumb\":{\"@id\":\"https:\\\/\\\/komre.de\\\/index.php\\\/teamassistenz-m-w-d-der-geschaeftsfuehrung\\\/#breadcrumb\"},\"inLanguage\":\"de\",\"potentialAction\":[{\"@type\":\"ReadAction\",\"target\":[\"https:\\\/\\\/komre.de\\\/index.php\\\/teamassistenz-m-w-d-der-geschaeftsfuehrung\\\/\"]}]},{\"@type\":\"BreadcrumbList\",\"@id\":\"https:\\\/\\\/komre.de\\\/index.php\\\/teamassistenz-m-w-d-der-geschaeftsfuehrung\\\/#breadcrumb\",\"itemListElement\":[{\"@type\":\"ListItem\",\"position\":1,\"name\":\"Startseite\",\"item\":\"https:\\\/\\\/komre.de\\\/\"},{\"@type\":\"ListItem\",\"position\":2,\"name\":\"Teamassistenz (m\\\/w\\\/d) der Gesch\u00e4ftsf\u00fchrung\"}]},{\"@type\":\"WebSite\",\"@id\":\"https:\\\/\\\/komre.de\\\/#website\",\"url\":\"https:\\\/\\\/komre.de\\\/\",\"name\":\"KomRe AG\",\"description\":\"Die KomRe AG ist Deutschlands f\u00fchrender Anbieter im Bereich der mobilen Kraftstofflogistik f\u00fcr Notstrom und ausfallgesch\u00fctzter Kommunikation bei Blackout.\",\"potentialAction\":[{\"@type\":\"SearchAction\",\"target\":{\"@type\":\"EntryPoint\",\"urlTemplate\":\"https:\\\/\\\/komre.de\\\/?s={search_term_string}\"},\"query-input\":{\"@type\":\"PropertyValueSpecification\",\"valueRequired\":true,\"valueName\":\"search_term_string\"}}],\"inLanguage\":\"de\"}]}<\/script>\n<!-- \/ Yoast SEO plugin. -->","yoast_head_json":{"title":"Teamassistenz (m\/w\/d) der Gesch\u00e4ftsf\u00fchrung - KomRe AG","robots":{"index":"index","follow":"follow","max-snippet":"max-snippet:-1","max-image-preview":"max-image-preview:large","max-video-preview":"max-video-preview:-1"},"canonical":"https:\/\/komre.de\/index.php\/teamassistenz-m-w-d-der-geschaeftsfuehrung\/","og_locale":"de_DE","og_type":"article","og_title":"Teamassistenz (m\/w\/d) der Gesch\u00e4ftsf\u00fchrung - KomRe AG","og_url":"https:\/\/komre.de\/index.php\/teamassistenz-m-w-d-der-geschaeftsfuehrung\/","og_site_name":"KomRe AG","article_modified_time":"2023-12-04T17:06:12+00:00","twitter_card":"summary_large_image","twitter_misc":{"Gesch\u00e4tzte Lesezeit":"3\u00a0Minuten"},"schema":{"@context":"https:\/\/schema.org","@graph":[{"@type":"WebPage","@id":"https:\/\/komre.de\/index.php\/teamassistenz-m-w-d-der-geschaeftsfuehrung\/","url":"https:\/\/komre.de\/index.php\/teamassistenz-m-w-d-der-geschaeftsfuehrung\/","name":"Teamassistenz (m\/w\/d) der Gesch\u00e4ftsf\u00fchrung - KomRe AG","isPartOf":{"@id":"https:\/\/komre.de\/#website"},"datePublished":"2022-05-30T13:10:46+00:00","dateModified":"2023-12-04T17:06:12+00:00","breadcrumb":{"@id":"https:\/\/komre.de\/index.php\/teamassistenz-m-w-d-der-geschaeftsfuehrung\/#breadcrumb"},"inLanguage":"de","potentialAction":[{"@type":"ReadAction","target":["https:\/\/komre.de\/index.php\/teamassistenz-m-w-d-der-geschaeftsfuehrung\/"]}]},{"@type":"BreadcrumbList","@id":"https:\/\/komre.de\/index.php\/teamassistenz-m-w-d-der-geschaeftsfuehrung\/#breadcrumb","itemListElement":[{"@type":"ListItem","position":1,"name":"Startseite","item":"https:\/\/komre.de\/"},{"@type":"ListItem","position":2,"name":"Teamassistenz (m\/w\/d) der Gesch\u00e4ftsf\u00fchrung"}]},{"@type":"WebSite","@id":"https:\/\/komre.de\/#website","url":"https:\/\/komre.de\/","name":"KomRe AG","description":"Die KomRe AG ist Deutschlands f\u00fchrender Anbieter im Bereich der mobilen Kraftstofflogistik f\u00fcr Notstrom und ausfallgesch\u00fctzter Kommunikation bei Blackout.","potentialAction":[{"@type":"SearchAction","target":{"@type":"EntryPoint","urlTemplate":"https:\/\/komre.de\/?s={search_term_string}"},"query-input":{"@type":"PropertyValueSpecification","valueRequired":true,"valueName":"search_term_string"}}],"inLanguage":"de"}]}},"_links":{"self":[{"href":"https:\/\/komre.de\/index.php\/wp-json\/wp\/v2\/pages\/1973","targetHints":{"allow":["GET"]}}],"collection":[{"href":"https:\/\/komre.de\/index.php\/wp-json\/wp\/v2\/pages"}],"about":[{"href":"https:\/\/komre.de\/index.php\/wp-json\/wp\/v2\/types\/page"}],"author":[{"embeddable":true,"href":"https:\/\/komre.de\/index.php\/wp-json\/wp\/v2\/users\/1"}],"replies":[{"embeddable":true,"href":"https:\/\/komre.de\/index.php\/wp-json\/wp\/v2\/comments?post=1973"}],"version-history":[{"count":6,"href":"https:\/\/komre.de\/index.php\/wp-json\/wp\/v2\/pages\/1973\/revisions"}],"predecessor-version":[{"id":2041,"href":"https:\/\/komre.de\/index.php\/wp-json\/wp\/v2\/pages\/1973\/revisions\/2041"}],"wp:attachment":[{"href":"https:\/\/komre.de\/index.php\/wp-json\/wp\/v2\/media?parent=1973"}],"curies":[{"name":"wp","href":"https:\/\/api.w.org\/{rel}","templated":true}]}}