{"id":1876,"date":"2020-05-29T15:49:48","date_gmt":"2020-05-29T13:49:48","guid":{"rendered":"https:\/\/www.komre.de\/?page_id=1876"},"modified":"2022-06-01T12:19:38","modified_gmt":"2022-06-01T10:19:38","slug":"werkstudent-m-w-d-fuer-krisen-notfall-und-risikomanagement-2","status":"publish","type":"page","link":"https:\/\/komre.de\/index.php\/werkstudent-m-w-d-fuer-krisen-notfall-und-risikomanagement-2\/","title":{"rendered":"Werkstudent bzw. Praktikant (w\/m\/d) f\u00fcr Krisen-, Notfall-, Risikomanagement"},"content":{"rendered":"<p><div class=\"fusion-fullwidth fullwidth-box fusion-builder-row-1 nonhundred-percent-fullwidth non-hundred-percent-height-scrolling\" style=\"--awb-border-radius-top-left:0px;--awb-border-radius-top-right:0px;--awb-border-radius-bottom-right:0px;--awb-border-radius-bottom-left:0px;--awb-flex-wrap:wrap;\" ><div class=\"fusion-builder-row fusion-row\"><div class=\"fusion-layout-column fusion_builder_column fusion-builder-column-0 fusion_builder_column_1_1 1_1 fusion-one-full fusion-column-first fusion-column-last\" style=\"--awb-bg-size:cover;\"><div class=\"fusion-column-wrapper fusion-column-has-shadow fusion-flex-column-wrapper-legacy\"><div class=\"fusion-text fusion-text-1\"><h2 style=\"font-weight: 300; text-align: center;\">\u00a0<span class=\"fontstyle0\">Werkstudent bzw. Praktikant (w\/m\/d)<\/span><br \/>\nf\u00fcr Krisen-, Notfall-, Risikomanagement<\/h2>\n<h3 style=\"text-align: center;\"><span class=\"fontstyle0\">im Bereich ziviler Katastrophenschutz<\/span><\/h3>\n<\/div><div class=\"fusion-sep-clear\"><\/div><div class=\"fusion-separator\" style=\"margin-left: auto;margin-right: auto;margin-top:0px;margin-bottom:30px;width:100%;max-width:206px;\"><div class=\"fusion-separator-border sep-single sep-solid\" style=\"--awb-height:20px;--awb-amount:20px;--awb-sep-color:#fed03d;border-color:#fed03d;border-top-width:2px;\"><\/div><\/div><div class=\"fusion-sep-clear\"><\/div><div class=\"fusion-clearfix\"><\/div><\/div><\/div><div class=\"fusion-layout-column fusion_builder_column fusion-builder-column-1 fusion_builder_column_1_2 1_2 fusion-one-half fusion-column-first\" style=\"--awb-bg-size:cover;width:50%;width:calc(50% - ( ( 4% ) * 0.5 ) );margin-right: 4%;\"><div class=\"fusion-column-wrapper fusion-column-has-shadow fusion-flex-column-wrapper-legacy\"><div class=\"fusion-text fusion-text-2\"><div class=\"fusion-text\">\n<p><span class=\"fontstyle0\"><strong>\u00dcber KomRe:<\/strong><\/span><\/p>\n<p><span class=\"fontstyle2\">Wir sind ein sehr innovatives und kreatives Unternehmen, das f\u00fcr den Fall eines l\u00e4ngerfristigen Stromausfalls technische und organisatorische Systeme entwickelt, die eine ausreichende Notstromversorgung von kritischen Infrastrukturen sicherstellen. Die st\u00e4ndige Weiterentwicklung und Erforschung neuer Ideen sowie von Projekten f\u00fcr die zivile Versorgungssicherheit im Katastrophenfall werden dabei von unserem vielf\u00e4ltigen Produktportfolio <span class=\"fontstyle0\">(Technik und Beratung)<\/span> widergespiegelt.<br \/>\nMit uns bleiben Kritische Infrastrukturen auch bei langfristigem Stromausfall stabil und in der Lage, die Versorgung und den Schutz der Bev\u00f6lkerung zu sichern.<\/span><\/p>\n<p><strong><span class=\"fontstyle0\">Wir z\u00e4hlen auf Dich:<\/span><\/strong><\/p>\n<p><span class=\"fontstyle2\">Setze frische Impulse durch deine Unterst\u00fctzung bei<\/span><\/p>\n<ul>\n<li><span class=\"fontstyle2\">der Analyse und Erstellung von Sicherheitskonzepten<\/span><\/li>\n<li><span class=\"fontstyle2\">der Gestaltung und Schulung von Workshops f\u00fcr den kommunalen Katastrophenschutz<\/span><\/li>\n<li><span class=\"fontstyle2\">der Ausf\u00fchrung und Umsetzung von Sicherheitsforschungsprojekten<\/span><\/li>\n<li><span class=\"fontstyle2\">vielen weiteren spannenden Eins\u00e4tzen bei uns im Team<\/span><\/li>\n<\/ul>\n<p><strong><span class=\"fontstyle0\">Dein Profil:<\/span><\/strong><\/p>\n<ul>\n<li><span class=\"fontstyle2\"><span class=\"fontstyle0\">Bachelor (BA, ab 4. Semester oder weiter) im Bereich Krisen-, Notfall-, und Risikomanagement, Wirtschaftsinformatik, Sicherheitsmanagement, BWL oder einer vergleichbaren Fachrichtung<\/span><\/span><\/li>\n<li><span class=\"fontstyle2\"><span class=\"TextRun BCX2 SCXW101190813\" lang=\"DE-DE\" xml:lang=\"DE-DE\" data-contrast=\"auto\"><span class=\"NormalTextRun BCX2 SCXW101190813\" data-ccp-parastyle=\"heading 2\"><span class=\"fontstyle0\">Einblicke im Risikomanagement, im Umgang mit Forschungsarbeiten sowie mit der Auswertung von Daten und dem Umgang mit Datenbanken<\/span><\/span><\/span><\/span><\/li>\n<li><span class=\"fontstyle2\">sicheres Auftreten, Kundenorientierung und sehr gute Kommunikationsf\u00e4higkeit<\/span><\/li>\n<li><span class=\"fontstyle2\">engagierte, aktive und teamorientierte Denk- und Arbeitsweise<\/span><\/li>\n<li><span class=\"fontstyle2\">sicherer Umgang mit g\u00e4ngigen MS-Office Anwendungen, Deutsch auf muttersprachlichem Niveau<\/span><\/li>\n<li><span class=\"fontstyle2\"><span class=\"TextRun SCXW101190813 BCX2\" lang=\"DE-DE\" xml:lang=\"DE-DE\" data-contrast=\"auto\"><span class=\"NormalTextRun SCXW101190813 BCX2\" data-ccp-parastyle=\"heading 2\"><span class=\"fontstyle0\">gelegentliche Reisebereitschaft wochentags im deutschsprachigem Raum<\/span><br \/>\n<\/span><\/span><\/span><\/li>\n<\/ul>\n<p><strong><span class=\"fontstyle0\">Darauf kannst Du dich bei uns freuen:<\/span><\/strong><\/p>\n<ul>\n<li><span class=\"fontstyle2\">eine gro\u00dfe Aufgabenvielfalt durch die st\u00e4ndige Weiterentwicklung unserer Sicherheitsl\u00f6sungen und die Umsetzung individueller Projekte<\/span><\/li>\n<li><span class=\"fontstyle2\">flexibles, eigenverantwortliches Arbeiten in einem kreativen und hilfsbereiten Team <span class=\"fontstyle0\">mitten in Berlin<\/span><br \/>\n<\/span><\/li>\n<li><span class=\"fontstyle2\">interessante und herausfordernde Aufgaben in einem vision\u00e4ren und zukunftsorientiertem Umfeld<\/span><\/li>\n<li><span class=\"fontstyle2\">Spa\u00df bei der Arbeit und dabei, einen nachhaltigen messbaren Beitrag f\u00fcr die Gesellschaft zu leisten<br \/>\n<\/span><\/li>\n<li><span class=\"fontstyle0\">attraktive vertragliche Bedingungen mit markt\u00fcblichen Konditionen<\/span><\/li>\n<\/ul>\n<p><span class=\"fontstyle0\"><strong>Gestalte unsere zukunftsweisenden L\u00f6sungen mit und trage mit deinem Einsatz dazu bei, unsere Gesellschaft ein wenig sicherer zu machen \u2013 wir freuen uns auf Dich!<\/strong><br \/>\n<\/span><\/p>\n<p><strong><span class=\"fontstyle0\">Dein Kontakt:<br \/>\nThomas Leitert<br \/>\n<\/span><span class=\"fontstyle0\"><a href=\"mailto:bewerbung@komre.de\">bewerbung@komre.de<\/a><br \/>\n<\/span><span class=\"fontstyle0\">030-390087-0<br \/>\n<\/span><a href=\"https:\/\/www.komre.de\"><span class=\"fontstyle0\">www.komre.de<\/span><\/a><\/strong><\/p>\n<\/div>\n<\/div><div class=\"fusion-clearfix\"><\/div><\/div><\/div>\n<div class=\"fusion-layout-column fusion_builder_column fusion-builder-column-2 fusion_builder_column_1_2 1_2 fusion-one-half fusion-column-last\" style=\"--awb-padding-top:65px;--awb-bg-size:cover;width:50%;width:calc(50% - ( ( 4% ) * 0.5 ) );\"><div class=\"fusion-column-wrapper fusion-column-has-shadow fusion-flex-column-wrapper-legacy\"><div class=\"fusion-image-element in-legacy-container\" style=\"--awb-caption-title-font-family:var(--h2_typography-font-family);--awb-caption-title-font-weight:var(--h2_typography-font-weight);--awb-caption-title-font-style:var(--h2_typography-font-style);--awb-caption-title-size:var(--h2_typography-font-size);--awb-caption-title-transform:var(--h2_typography-text-transform);--awb-caption-title-line-height:var(--h2_typography-line-height);--awb-caption-title-letter-spacing:var(--h2_typography-letter-spacing);\"><span class=\" fusion-imageframe imageframe-none imageframe-1 hover-type-none\"><img decoding=\"async\" width=\"5966\" height=\"3376\" title=\"Business people discussion advisor concept\" src=\"https:\/\/www.komre.de\/wp-content\/uploads\/2020\/05\/AdobeStock_276831767_Beraterin.jpeg\" alt class=\"img-responsive wp-image-1860\"\/><\/span><\/div><div class=\"fusion-clearfix\"><\/div><\/div><\/div><\/div><\/div>\n<div id=\"Gratis Demo\" class=\"fusion-container-anchor\"><div class=\"fusion-fullwidth fullwidth-box fusion-builder-row-2 nonhundred-percent-fullwidth non-hundred-percent-height-scrolling\" style=\"--awb-border-radius-top-left:0px;--awb-border-radius-top-right:0px;--awb-border-radius-bottom-right:0px;--awb-border-radius-bottom-left:0px;--awb-padding-top:100px;--awb-padding-bottom:90px;--awb-background-color:#f5f5f5;--awb-border-sizes-top:0px;--awb-border-sizes-bottom:0px;--awb-flex-wrap:wrap;\" ><div class=\"fusion-builder-row fusion-row\"><div class=\"fusion-layout-column fusion_builder_column fusion-builder-column-3 fusion_builder_column_1_6 1_6 fusion-one-sixth fusion-column-first fusion-no-small-visibility\" style=\"--awb-bg-size:cover;width:13.3333%; margin-right: 4%;\"><div class=\"fusion-column-wrapper fusion-flex-column-wrapper-legacy\"><div class=\"fusion-sep-clear\"><\/div><div class=\"fusion-separator fusion-full-width-sep\" style=\"margin-left: auto;margin-right: auto;width:100%;\"><\/div><div class=\"fusion-sep-clear\"><\/div><div class=\"fusion-clearfix\"><\/div><\/div><\/div><div class=\"fusion-layout-column fusion_builder_column fusion-builder-column-4 fusion_builder_column_2_3 2_3 fusion-two-third\" style=\"--awb-bg-color:rgba(255,255,255,0.9);--awb-bg-color-hover:rgba(255,255,255,0.9);--awb-bg-size:cover;--awb-margin-top:20px;--awb-margin-bottom:20px;width:65.3333%; margin-right: 4%;\"><div class=\"fusion-column-wrapper fusion-flex-column-wrapper-legacy\"><div class=\"fusion-reading-box-container reading-box-container-1\" style=\"--awb-title-color:#333333;--awb-margin-top:0px;--awb-margin-bottom:0px;\"><div class=\"reading-box reading-box-center\" style=\"background-color:#fed03d;border-width:0px;border-color:#f6f6f6;border-style:solid;\"><h2>Interesse geweckt? Dann kontaktiere uns: <\/h2><\/div><\/div><div class=\"fusion-builder-row fusion-builder-row-inner fusion-row\"><div class=\"fusion-layout-column fusion_builder_column_inner fusion-builder-nested-column-0 fusion_builder_column_inner_1_1 1_1 fusion-one-full fusion-column-first fusion-column-last\" style=\"--awb-padding-top:5%;--awb-padding-right:6%;--awb-padding-bottom:6%;--awb-padding-left:6%;--awb-bg-size:cover;\"><div class=\"fusion-column-wrapper fusion-flex-column-wrapper-legacy\"><div class=\"fusion-sep-clear\"><\/div><div class=\"fusion-separator fusion-full-width-sep\" style=\"margin-left: auto;margin-right: auto;margin-top:10px;width:100%;\"><\/div><div class=\"fusion-sep-clear\"><\/div>\n<div class=\"wpcf7 no-js\" id=\"wpcf7-f1888-o1\" lang=\"en-US\" dir=\"ltr\" data-wpcf7-id=\"1888\">\n<div class=\"screen-reader-response\"><p role=\"status\" aria-live=\"polite\" aria-atomic=\"true\"><\/p> <ul><\/ul><\/div>\n<form action=\"\/index.php\/wp-json\/wp\/v2\/pages\/1876#wpcf7-f1888-o1\" method=\"post\" class=\"wpcf7-form init\" aria-label=\"Contact form\" enctype=\"multipart\/form-data\" novalidate=\"novalidate\" data-status=\"init\">\n<fieldset class=\"hidden-fields-container\"><input type=\"hidden\" name=\"_wpcf7\" value=\"1888\" \/><input type=\"hidden\" name=\"_wpcf7_version\" value=\"6.1.5\" \/><input type=\"hidden\" name=\"_wpcf7_locale\" value=\"en_US\" \/><input type=\"hidden\" name=\"_wpcf7_unit_tag\" value=\"wpcf7-f1888-o1\" \/><input type=\"hidden\" name=\"_wpcf7_container_post\" value=\"0\" \/><input type=\"hidden\" name=\"_wpcf7_posted_data_hash\" value=\"\" \/><input type=\"hidden\" name=\"_wpcf7_recaptcha_response\" value=\"\" \/>\n<\/fieldset>\n<p><span class=\"wpcf7-form-control-wrap\" data-name=\"Name\"><input size=\"40\" maxlength=\"400\" class=\"wpcf7-form-control wpcf7-text wpcf7-validates-as-required\" aria-required=\"true\" aria-invalid=\"false\" placeholder=\"Name *\" value=\"\" type=\"text\" name=\"Name\" \/><\/span>\n<\/p>\n<p><span class=\"wpcf7-form-control-wrap\" data-name=\"E-Mail\"><input size=\"40\" maxlength=\"400\" class=\"wpcf7-form-control wpcf7-email wpcf7-validates-as-required wpcf7-text wpcf7-validates-as-email\" aria-required=\"true\" aria-invalid=\"false\" placeholder=\"E-Mail *\" value=\"\" type=\"email\" name=\"E-Mail\" \/><\/span>\n<\/p>\n<p><span class=\"wpcf7-form-control-wrap\" data-name=\"Telefonnummer\"><input size=\"40\" maxlength=\"400\" class=\"wpcf7-form-control wpcf7-text\" aria-invalid=\"false\" placeholder=\"Telefonnummer\" value=\"\" type=\"text\" name=\"Telefonnummer\" \/><\/span>\n<\/p>\n<p><span class=\"wpcf7-form-control-wrap\" data-name=\"Betreff\"><input size=\"40\" maxlength=\"400\" class=\"wpcf7-form-control wpcf7-text wpcf7-validates-as-required\" aria-required=\"true\" aria-invalid=\"false\" placeholder=\"Betreff *\" value=\"\" type=\"text\" name=\"Betreff\" \/><\/span>\n<\/p>\n<p><span class=\"wpcf7-form-control-wrap\" data-name=\"Nachricht\"><textarea cols=\"40\" rows=\"10\" maxlength=\"2000\" class=\"wpcf7-form-control wpcf7-textarea wpcf7-validates-as-required\" aria-required=\"true\" aria-invalid=\"false\" placeholder=\"Ihre Nachricht *\" name=\"Nachricht\"><\/textarea><\/span>\n<\/p>\n<p><input class=\"wpcf7-form-control wpcf7-submit has-spinner\" type=\"submit\" value=\"ABSENDEN\" \/>\n<\/p>\n<p><span class=\"wpcf7-form-control-wrap\" data-name=\"file-638\"><input size=\"40\" class=\"wpcf7-form-control wpcf7-file\" accept=\".png,.jpeg,.pdf\" aria-invalid=\"false\" type=\"file\" name=\"file-638\" \/><\/span>\n<\/p><div class=\"fusion-alert alert custom alert-custom fusion-alert-center wpcf7-response-output fusion-alert-capitalize awb-alert-native-link-color alert-dismissable awb-alert-close-boxed\" style=\"--awb-border-top-left-radius:0px;--awb-border-top-right-radius:0px;--awb-border-bottom-left-radius:0px;--awb-border-bottom-right-radius:0px;\" role=\"alert\"><div class=\"fusion-alert-content-wrapper\"><span class=\"fusion-alert-content\"><\/span><\/div><button type=\"button\" class=\"close toggle-alert\" data-dismiss=\"alert\" aria-label=\"Close\">&times;<\/button><\/div>\n<\/form>\n<\/div>\n<div class=\"fusion-clearfix\"><\/div><\/div><\/div><\/div><div class=\"fusion-clearfix\"><\/div><\/div><\/div><div class=\"fusion-layout-column fusion_builder_column fusion-builder-column-5 fusion_builder_column_1_6 1_6 fusion-one-sixth fusion-column-last fusion-no-small-visibility\" style=\"--awb-bg-size:cover;width:13.3333%;\"><div class=\"fusion-column-wrapper fusion-flex-column-wrapper-legacy\"><div class=\"fusion-sep-clear\"><\/div><div class=\"fusion-separator fusion-full-width-sep\" style=\"margin-left: auto;margin-right: auto;width:100%;\"><\/div><div class=\"fusion-sep-clear\"><\/div><div class=\"fusion-clearfix\"><\/div><\/div><\/div><\/div><\/div><\/div>\n<div class=\"fusion-fullwidth fullwidth-box fusion-builder-row-3 hundred-percent-fullwidth non-hundred-percent-height-scrolling\" style=\"--awb-border-radius-top-left:0px;--awb-border-radius-top-right:0px;--awb-border-radius-bottom-right:0px;--awb-border-radius-bottom-left:0px;--awb-border-sizes-top:0px;--awb-border-sizes-bottom:0px;--awb-flex-wrap:wrap;\" ><div class=\"fusion-builder-row fusion-row\"><div class=\"fusion-layout-column fusion_builder_column fusion-builder-column-6 fusion_builder_column_1_1 1_1 fusion-one-full fusion-column-first fusion-column-last fusion-column-no-min-height\" style=\"--awb-bg-size:cover;\"><div class=\"fusion-column-wrapper fusion-flex-column-wrapper-legacy\"><div class=\"shortcode-map fusion-google-map fusion-maps-embed-type\"><iframe width=\"100%\" height=\"400px\" frameborder=\"0\" style=\"border:0\" src=\"https:\/\/www.google.com\/maps\/embed\/v1\/place?key=AIzaSyAg2Oct1uaDBMwW-tMW17nvn0Pje9tC4iw&language=de&q=Templiner+Stra\u00dfe+16,+10119+Berlin&maptype=roadmap&zoom=14\" allowfullscreen><\/iframe><\/div><div class=\"fusion-clearfix\"><\/div><\/div><\/div><\/div><\/div><\/p>\n","protected":false},"excerpt":{"rendered":"","protected":false},"author":1,"featured_media":0,"parent":0,"menu_order":0,"comment_status":"closed","ping_status":"closed","template":"100-width.php","meta":{"_bbp_topic_count":0,"_bbp_reply_count":0,"_bbp_total_topic_count":0,"_bbp_total_reply_count":0,"_bbp_voice_count":0,"_bbp_anonymous_reply_count":0,"_bbp_topic_count_hidden":0,"_bbp_reply_count_hidden":0,"_bbp_forum_subforum_count":0,"footnotes":""},"class_list":["post-1876","page","type-page","status-publish","hentry"],"yoast_head":"<!-- This site is optimized with the Yoast SEO plugin v27.4 - https:\/\/yoast.com\/product\/yoast-seo-wordpress\/ -->\n<title>Werkstudent bzw. Praktikant (w\/m\/d) f\u00fcr Krisen-, Notfall-, Risikomanagement - KomRe AG<\/title>\n<meta name=\"robots\" content=\"index, follow, max-snippet:-1, max-image-preview:large, max-video-preview:-1\" \/>\n<link rel=\"canonical\" href=\"https:\/\/komre.de\/index.php\/werkstudent-m-w-d-fuer-krisen-notfall-und-risikomanagement-2\/\" \/>\n<meta property=\"og:locale\" content=\"de_DE\" \/>\n<meta property=\"og:type\" content=\"article\" \/>\n<meta property=\"og:title\" content=\"Werkstudent bzw. Praktikant (w\/m\/d) f\u00fcr Krisen-, Notfall-, Risikomanagement - KomRe AG\" \/>\n<meta property=\"og:url\" content=\"https:\/\/komre.de\/index.php\/werkstudent-m-w-d-fuer-krisen-notfall-und-risikomanagement-2\/\" \/>\n<meta property=\"og:site_name\" content=\"KomRe AG\" \/>\n<meta property=\"article:modified_time\" content=\"2022-06-01T10:19:38+00:00\" \/>\n<meta name=\"twitter:card\" content=\"summary_large_image\" \/>\n<meta name=\"twitter:label1\" content=\"Gesch\u00e4tzte Lesezeit\" \/>\n\t<meta name=\"twitter:data1\" content=\"1\u00a0Minute\" \/>\n<script type=\"application\/ld+json\" class=\"yoast-schema-graph\">{\"@context\":\"https:\\\/\\\/schema.org\",\"@graph\":[{\"@type\":\"WebPage\",\"@id\":\"https:\\\/\\\/komre.de\\\/index.php\\\/werkstudent-m-w-d-fuer-krisen-notfall-und-risikomanagement-2\\\/\",\"url\":\"https:\\\/\\\/komre.de\\\/index.php\\\/werkstudent-m-w-d-fuer-krisen-notfall-und-risikomanagement-2\\\/\",\"name\":\"Werkstudent bzw. Praktikant (w\\\/m\\\/d) f\u00fcr Krisen-, Notfall-, Risikomanagement - KomRe AG\",\"isPartOf\":{\"@id\":\"https:\\\/\\\/komre.de\\\/#website\"},\"datePublished\":\"2020-05-29T13:49:48+00:00\",\"dateModified\":\"2022-06-01T10:19:38+00:00\",\"breadcrumb\":{\"@id\":\"https:\\\/\\\/komre.de\\\/index.php\\\/werkstudent-m-w-d-fuer-krisen-notfall-und-risikomanagement-2\\\/#breadcrumb\"},\"inLanguage\":\"de\",\"potentialAction\":[{\"@type\":\"ReadAction\",\"target\":[\"https:\\\/\\\/komre.de\\\/index.php\\\/werkstudent-m-w-d-fuer-krisen-notfall-und-risikomanagement-2\\\/\"]}]},{\"@type\":\"BreadcrumbList\",\"@id\":\"https:\\\/\\\/komre.de\\\/index.php\\\/werkstudent-m-w-d-fuer-krisen-notfall-und-risikomanagement-2\\\/#breadcrumb\",\"itemListElement\":[{\"@type\":\"ListItem\",\"position\":1,\"name\":\"Startseite\",\"item\":\"https:\\\/\\\/komre.de\\\/\"},{\"@type\":\"ListItem\",\"position\":2,\"name\":\"Werkstudent bzw. Praktikant (w\\\/m\\\/d) f\u00fcr Krisen-, Notfall-, Risikomanagement\"}]},{\"@type\":\"WebSite\",\"@id\":\"https:\\\/\\\/komre.de\\\/#website\",\"url\":\"https:\\\/\\\/komre.de\\\/\",\"name\":\"KomRe AG\",\"description\":\"Die KomRe AG ist Deutschlands f\u00fchrender Anbieter im Bereich der mobilen Kraftstofflogistik f\u00fcr Notstrom und ausfallgesch\u00fctzter Kommunikation bei Blackout.\",\"potentialAction\":[{\"@type\":\"SearchAction\",\"target\":{\"@type\":\"EntryPoint\",\"urlTemplate\":\"https:\\\/\\\/komre.de\\\/?s={search_term_string}\"},\"query-input\":{\"@type\":\"PropertyValueSpecification\",\"valueRequired\":true,\"valueName\":\"search_term_string\"}}],\"inLanguage\":\"de\"}]}<\/script>\n<!-- \/ Yoast SEO plugin. -->","yoast_head_json":{"title":"Werkstudent bzw. Praktikant (w\/m\/d) f\u00fcr Krisen-, Notfall-, Risikomanagement - KomRe AG","robots":{"index":"index","follow":"follow","max-snippet":"max-snippet:-1","max-image-preview":"max-image-preview:large","max-video-preview":"max-video-preview:-1"},"canonical":"https:\/\/komre.de\/index.php\/werkstudent-m-w-d-fuer-krisen-notfall-und-risikomanagement-2\/","og_locale":"de_DE","og_type":"article","og_title":"Werkstudent bzw. Praktikant (w\/m\/d) f\u00fcr Krisen-, Notfall-, Risikomanagement - KomRe AG","og_url":"https:\/\/komre.de\/index.php\/werkstudent-m-w-d-fuer-krisen-notfall-und-risikomanagement-2\/","og_site_name":"KomRe AG","article_modified_time":"2022-06-01T10:19:38+00:00","twitter_card":"summary_large_image","twitter_misc":{"Gesch\u00e4tzte Lesezeit":"1\u00a0Minute"},"schema":{"@context":"https:\/\/schema.org","@graph":[{"@type":"WebPage","@id":"https:\/\/komre.de\/index.php\/werkstudent-m-w-d-fuer-krisen-notfall-und-risikomanagement-2\/","url":"https:\/\/komre.de\/index.php\/werkstudent-m-w-d-fuer-krisen-notfall-und-risikomanagement-2\/","name":"Werkstudent bzw. Praktikant (w\/m\/d) f\u00fcr Krisen-, Notfall-, Risikomanagement - KomRe AG","isPartOf":{"@id":"https:\/\/komre.de\/#website"},"datePublished":"2020-05-29T13:49:48+00:00","dateModified":"2022-06-01T10:19:38+00:00","breadcrumb":{"@id":"https:\/\/komre.de\/index.php\/werkstudent-m-w-d-fuer-krisen-notfall-und-risikomanagement-2\/#breadcrumb"},"inLanguage":"de","potentialAction":[{"@type":"ReadAction","target":["https:\/\/komre.de\/index.php\/werkstudent-m-w-d-fuer-krisen-notfall-und-risikomanagement-2\/"]}]},{"@type":"BreadcrumbList","@id":"https:\/\/komre.de\/index.php\/werkstudent-m-w-d-fuer-krisen-notfall-und-risikomanagement-2\/#breadcrumb","itemListElement":[{"@type":"ListItem","position":1,"name":"Startseite","item":"https:\/\/komre.de\/"},{"@type":"ListItem","position":2,"name":"Werkstudent bzw. Praktikant (w\/m\/d) f\u00fcr Krisen-, Notfall-, Risikomanagement"}]},{"@type":"WebSite","@id":"https:\/\/komre.de\/#website","url":"https:\/\/komre.de\/","name":"KomRe AG","description":"Die KomRe AG ist Deutschlands f\u00fchrender Anbieter im Bereich der mobilen Kraftstofflogistik f\u00fcr Notstrom und ausfallgesch\u00fctzter Kommunikation bei Blackout.","potentialAction":[{"@type":"SearchAction","target":{"@type":"EntryPoint","urlTemplate":"https:\/\/komre.de\/?s={search_term_string}"},"query-input":{"@type":"PropertyValueSpecification","valueRequired":true,"valueName":"search_term_string"}}],"inLanguage":"de"}]}},"_links":{"self":[{"href":"https:\/\/komre.de\/index.php\/wp-json\/wp\/v2\/pages\/1876","targetHints":{"allow":["GET"]}}],"collection":[{"href":"https:\/\/komre.de\/index.php\/wp-json\/wp\/v2\/pages"}],"about":[{"href":"https:\/\/komre.de\/index.php\/wp-json\/wp\/v2\/types\/page"}],"author":[{"embeddable":true,"href":"https:\/\/komre.de\/index.php\/wp-json\/wp\/v2\/users\/1"}],"replies":[{"embeddable":true,"href":"https:\/\/komre.de\/index.php\/wp-json\/wp\/v2\/comments?post=1876"}],"version-history":[{"count":5,"href":"https:\/\/komre.de\/index.php\/wp-json\/wp\/v2\/pages\/1876\/revisions"}],"predecessor-version":[{"id":1949,"href":"https:\/\/komre.de\/index.php\/wp-json\/wp\/v2\/pages\/1876\/revisions\/1949"}],"wp:attachment":[{"href":"https:\/\/komre.de\/index.php\/wp-json\/wp\/v2\/media?parent=1876"}],"curies":[{"name":"wp","href":"https:\/\/api.w.org\/{rel}","templated":true}]}}