{"id":1731,"date":"2020-04-17T09:51:25","date_gmt":"2020-04-17T07:51:25","guid":{"rendered":"https:\/\/www.komre.de\/?page_id=1731"},"modified":"2020-06-02T13:46:18","modified_gmt":"2020-06-02T11:46:18","slug":"werkstudent-m-w-d-fuer-android-entwicklung","status":"publish","type":"page","link":"https:\/\/komre.de\/index.php\/werkstudent-m-w-d-fuer-android-entwicklung\/","title":{"rendered":"Werkstudent (m\/w\/d) f\u00fcr Android-Entwicklung"},"content":{"rendered":"<p><div class=\"fusion-fullwidth fullwidth-box fusion-builder-row-1 nonhundred-percent-fullwidth non-hundred-percent-height-scrolling\" style=\"--awb-border-radius-top-left:0px;--awb-border-radius-top-right:0px;--awb-border-radius-bottom-right:0px;--awb-border-radius-bottom-left:0px;--awb-flex-wrap:wrap;\" ><div class=\"fusion-builder-row fusion-row\"><div class=\"fusion-layout-column fusion_builder_column fusion-builder-column-0 fusion_builder_column_1_1 1_1 fusion-one-full fusion-column-first fusion-column-last\" style=\"--awb-bg-size:cover;\"><div class=\"fusion-column-wrapper fusion-column-has-shadow fusion-flex-column-wrapper-legacy\"><div class=\"fusion-text fusion-text-1\"><h2 style=\"font-weight: 300; text-align: center;\">Werkstudent (m\/w\/d) f\u00fcr Android-Entwicklung<\/h2>\n<\/div><div class=\"fusion-sep-clear\"><\/div><div class=\"fusion-separator\" style=\"margin-left: auto;margin-right: auto;margin-top:0px;margin-bottom:30px;width:100%;max-width:206px;\"><div class=\"fusion-separator-border sep-single sep-solid\" style=\"--awb-height:20px;--awb-amount:20px;--awb-sep-color:#fed03d;border-color:#fed03d;border-top-width:2px;\"><\/div><\/div><div class=\"fusion-sep-clear\"><\/div><div class=\"fusion-clearfix\"><\/div><\/div><\/div><div class=\"fusion-layout-column fusion_builder_column fusion-builder-column-1 fusion_builder_column_1_2 1_2 fusion-one-half fusion-column-first\" style=\"--awb-bg-size:cover;width:50%;width:calc(50% - ( ( 4% ) * 0.5 ) );margin-right: 4%;\"><div class=\"fusion-column-wrapper fusion-column-has-shadow fusion-flex-column-wrapper-legacy\"><div class=\"fusion-text fusion-text-2\"><p><span class=\"fontstyle0\"><strong>\u00dcber KomRe:<\/strong><\/span><\/p>\n<p><span class=\"fontstyle2\">Wir sind ein sehr innovatives und kreatives Unternehmen, das f\u00fcr den Fall eines l\u00e4ngerfristigen Stromausfalls technische und organisatorische Systeme entwickelt, die eine ausreichende Notstromversorgung von kritischen Infrastrukturen sicherstellen. Die st\u00e4ndige Weiterentwicklung und Erforschung neuer Ideen sowie von Projekten f\u00fcr die zivile Versorgungssicherheit im Katastrophenfall werden dabei von unserem vielf\u00e4ltigen Produktportfolio widergespiegelt.<br \/>\nMit uns bleiben Kritische Infrastrukturen auch bei langfristigem Stromausfall stabil und in der Lage, die Versorgung und den Schutz der Bev\u00f6lkerung zu sichern.<\/span><\/p>\n<p><strong><span class=\"fontstyle0\">Aufgaben:<\/span><\/strong><\/p>\n<ul>\n<li><span class=\"fontstyle2\">Analyse einer bereits vorhandenen Android-Applikation<br \/>\n<\/span><\/li>\n<li><span class=\"fontstyle2\">Neuentwicklung unter Ber\u00fccksichtigung g\u00e4ngiger Best Practices<br \/>\n<\/span><\/li>\n<li><span class=\"fontstyle2\">Implementierung neuer Features<br \/>\n<\/span><\/li>\n<li><span class=\"fontstyle2\">vielen weiteren spannenden Eins\u00e4tzen bei uns im Team<\/span><\/li>\n<\/ul>\n<p><strong><span class=\"fontstyle0\">Dein Profil:<\/span><\/strong><\/p>\n<ul>\n<li>aktuelle Erfahrung in der Android-Entwicklung in Form kleinerer abgeschlossener Projekte<\/li>\n<li><span class=\"fontstyle2\">Bachelor (BA) im Bereich Informatik \/ Medieninformatik<br \/>\n<\/span><\/li>\n<li><span class=\"fontstyle2\">Versionsverwaltung mit GIT<br \/>\n<\/span><\/li>\n<li><span class=\"fontstyle2\">engagierte, aktive und teamorientierte Denk- und Arbeitsweise<\/span><\/li>\n<li><span class=\"fontstyle2\">sicherer Umgang mit g\u00e4ngigen MS-Office Anwendungen<br \/>\n<\/span><\/li>\n<\/ul>\n<p><strong><span class=\"fontstyle0\">Darauf kannst Du dich bei uns freuen:<\/span><\/strong><\/p>\n<ul>\n<li><span class=\"fontstyle2\">eine gro\u00dfe Aufgabenvielfalt durch die st\u00e4ndige Weiterentwicklung unserer Sicherheitsl\u00f6sungen und die Umsetzung individueller Projekte<\/span><\/li>\n<li><span class=\"fontstyle2\">flexibles, eigenverantwortliches Arbeiten in einem kreativen und hilfsbereiten Team im Herzen von Berlin<\/span><\/li>\n<li><span class=\"fontstyle2\">interessante und herausfordernde Aufgaben in einem vision\u00e4ren und zukunftsorientiertem Umfeld<\/span><\/li>\n<li><span class=\"fontstyle2\">Spa\u00df bei der Arbeit und dabei, einen nachhaltigen messbaren Beitrag f\u00fcr die Gesellschaft zu leisten<br \/>\n<\/span><\/li>\n<\/ul>\n<p><span class=\"fontstyle0\"><strong>Gestalte unsere zukunftsweisenden L\u00f6sungen mit und trage mit deinem Einsatz dazu bei, unsere Gesellschaft ein wenig sicherer zu machen &#8211; wir freuen uns auf Dich!<\/strong><br \/>\n<\/span><\/p>\n<p><strong><span class=\"fontstyle0\">Dein Kontakt:<br \/>\nThomas Leitert<br \/>\n<\/span><span class=\"fontstyle0\"><a href=\"mailto:thomas.leitert@komre.de\">thomas.leitert@komre.de<\/a><br \/>\n<\/span><span class=\"fontstyle0\">030-390087-0<br \/>\n<\/span><a href=\"https:\/\/www.komre.de\"><span class=\"fontstyle0\">www.komre.de<\/span><\/a><\/strong><\/p>\n<\/div><div class=\"fusion-clearfix\"><\/div><\/div><\/div><div class=\"fusion-layout-column fusion_builder_column fusion-builder-column-2 fusion_builder_column_1_2 1_2 fusion-one-half fusion-column-last\" style=\"--awb-padding-top:65px;--awb-bg-size:cover;width:50%;width:calc(50% - ( ( 4% ) * 0.5 ) );\"><div class=\"fusion-column-wrapper fusion-column-has-shadow fusion-flex-column-wrapper-legacy\"><div class=\"fusion-image-element in-legacy-container\" style=\"--awb-caption-title-font-family:var(--h2_typography-font-family);--awb-caption-title-font-weight:var(--h2_typography-font-weight);--awb-caption-title-font-style:var(--h2_typography-font-style);--awb-caption-title-size:var(--h2_typography-font-size);--awb-caption-title-transform:var(--h2_typography-text-transform);--awb-caption-title-line-height:var(--h2_typography-line-height);--awb-caption-title-letter-spacing:var(--h2_typography-letter-spacing);\"><span class=\" fusion-imageframe imageframe-none imageframe-1 hover-type-none\"><img decoding=\"async\" width=\"4539\" height=\"3029\" title=\"Creative team working at the office\" src=\"https:\/\/www.komre.de\/wp-content\/uploads\/2020\/05\/AdobeStock_298264504_Werkstudenten-Team.jpeg\" alt class=\"img-responsive wp-image-1861\"\/><\/span><\/div><div class=\"fusion-clearfix\"><\/div><\/div><\/div><\/div><\/div>\n<div id=\"Gratis Demo\" class=\"fusion-container-anchor\"><div class=\"fusion-fullwidth fullwidth-box fusion-builder-row-2 nonhundred-percent-fullwidth non-hundred-percent-height-scrolling\" style=\"--awb-border-radius-top-left:0px;--awb-border-radius-top-right:0px;--awb-border-radius-bottom-right:0px;--awb-border-radius-bottom-left:0px;--awb-padding-top:100px;--awb-padding-bottom:90px;--awb-background-color:#f5f5f5;--awb-border-sizes-top:0px;--awb-border-sizes-bottom:0px;--awb-flex-wrap:wrap;\" ><div class=\"fusion-builder-row fusion-row\"><div class=\"fusion-layout-column fusion_builder_column fusion-builder-column-3 fusion_builder_column_1_6 1_6 fusion-one-sixth fusion-column-first fusion-no-small-visibility\" style=\"--awb-bg-size:cover;width:13.3333%; margin-right: 4%;\"><div class=\"fusion-column-wrapper fusion-flex-column-wrapper-legacy\"><div class=\"fusion-sep-clear\"><\/div><div class=\"fusion-separator fusion-full-width-sep\" style=\"margin-left: auto;margin-right: auto;width:100%;\"><\/div><div class=\"fusion-sep-clear\"><\/div><div class=\"fusion-clearfix\"><\/div><\/div><\/div><div class=\"fusion-layout-column fusion_builder_column fusion-builder-column-4 fusion_builder_column_2_3 2_3 fusion-two-third\" style=\"--awb-bg-color:rgba(255,255,255,0.9);--awb-bg-color-hover:rgba(255,255,255,0.9);--awb-bg-size:cover;--awb-margin-top:20px;--awb-margin-bottom:20px;width:65.3333%; margin-right: 4%;\"><div class=\"fusion-column-wrapper fusion-flex-column-wrapper-legacy\"><div class=\"fusion-reading-box-container reading-box-container-1\" style=\"--awb-title-color:#333333;--awb-margin-top:0px;--awb-margin-bottom:0px;\"><div class=\"reading-box reading-box-center\" style=\"background-color:#fed03d;border-width:0px;border-color:#f6f6f6;border-style:solid;\"><h2>Interesse geweckt? Dann kontaktiere uns: <\/h2><\/div><\/div><div class=\"fusion-builder-row fusion-builder-row-inner fusion-row\"><div class=\"fusion-layout-column fusion_builder_column_inner fusion-builder-nested-column-0 fusion_builder_column_inner_1_1 1_1 fusion-one-full fusion-column-first fusion-column-last\" style=\"--awb-padding-top:5%;--awb-padding-right:6%;--awb-padding-bottom:6%;--awb-padding-left:6%;--awb-bg-size:cover;\"><div class=\"fusion-column-wrapper fusion-flex-column-wrapper-legacy\"><div class=\"fusion-sep-clear\"><\/div><div class=\"fusion-separator fusion-full-width-sep\" style=\"margin-left: auto;margin-right: auto;margin-top:10px;width:100%;\"><\/div><div class=\"fusion-sep-clear\"><\/div>\n<div class=\"wpcf7 no-js\" id=\"wpcf7-f1889-o1\" lang=\"en-US\" dir=\"ltr\" data-wpcf7-id=\"1889\">\n<div class=\"screen-reader-response\"><p role=\"status\" aria-live=\"polite\" aria-atomic=\"true\"><\/p> <ul><\/ul><\/div>\n<form action=\"\/index.php\/wp-json\/wp\/v2\/pages\/1731#wpcf7-f1889-o1\" method=\"post\" class=\"wpcf7-form init\" aria-label=\"Contact form\" novalidate=\"novalidate\" data-status=\"init\">\n<fieldset class=\"hidden-fields-container\"><input type=\"hidden\" name=\"_wpcf7\" value=\"1889\" \/><input type=\"hidden\" name=\"_wpcf7_version\" value=\"6.1.5\" \/><input type=\"hidden\" name=\"_wpcf7_locale\" value=\"en_US\" \/><input type=\"hidden\" name=\"_wpcf7_unit_tag\" value=\"wpcf7-f1889-o1\" \/><input type=\"hidden\" name=\"_wpcf7_container_post\" value=\"0\" \/><input type=\"hidden\" name=\"_wpcf7_posted_data_hash\" value=\"\" \/><input type=\"hidden\" name=\"_wpcf7_recaptcha_response\" value=\"\" \/>\n<\/fieldset>\n<p><span class=\"wpcf7-form-control-wrap\" data-name=\"Name\"><input size=\"40\" maxlength=\"400\" class=\"wpcf7-form-control wpcf7-text wpcf7-validates-as-required\" aria-required=\"true\" aria-invalid=\"false\" placeholder=\"Name *\" value=\"\" type=\"text\" name=\"Name\" \/><\/span>\n<\/p>\n<p><span class=\"wpcf7-form-control-wrap\" data-name=\"E-Mail\"><input size=\"40\" maxlength=\"400\" class=\"wpcf7-form-control wpcf7-email wpcf7-validates-as-required wpcf7-text wpcf7-validates-as-email\" aria-required=\"true\" aria-invalid=\"false\" placeholder=\"E-Mail *\" value=\"\" type=\"email\" name=\"E-Mail\" \/><\/span>\n<\/p>\n<p><span class=\"wpcf7-form-control-wrap\" data-name=\"Telefonnummer\"><input size=\"40\" maxlength=\"400\" class=\"wpcf7-form-control wpcf7-text\" aria-invalid=\"false\" placeholder=\"Telefonnummer\" value=\"\" type=\"text\" name=\"Telefonnummer\" \/><\/span>\n<\/p>\n<p><span class=\"wpcf7-form-control-wrap\" data-name=\"Betreff\"><input size=\"40\" maxlength=\"400\" class=\"wpcf7-form-control wpcf7-text wpcf7-validates-as-required\" aria-required=\"true\" aria-invalid=\"false\" placeholder=\"Betreff *\" value=\"\" type=\"text\" name=\"Betreff\" \/><\/span>\n<\/p>\n<p><span class=\"wpcf7-form-control-wrap\" data-name=\"Nachricht\"><textarea cols=\"40\" rows=\"10\" maxlength=\"2000\" class=\"wpcf7-form-control wpcf7-textarea wpcf7-validates-as-required\" aria-required=\"true\" aria-invalid=\"false\" placeholder=\"Ihre Nachricht *\" name=\"Nachricht\"><\/textarea><\/span>\n<\/p>\n<p><input class=\"wpcf7-form-control wpcf7-submit has-spinner\" type=\"submit\" value=\"ABSENDEN\" \/>\n<\/p><div class=\"fusion-alert alert custom alert-custom fusion-alert-center wpcf7-response-output fusion-alert-capitalize awb-alert-native-link-color alert-dismissable awb-alert-close-boxed\" style=\"--awb-border-top-left-radius:0px;--awb-border-top-right-radius:0px;--awb-border-bottom-left-radius:0px;--awb-border-bottom-right-radius:0px;\" role=\"alert\"><div class=\"fusion-alert-content-wrapper\"><span class=\"fusion-alert-content\"><\/span><\/div><button type=\"button\" class=\"close toggle-alert\" data-dismiss=\"alert\" aria-label=\"Close\">&times;<\/button><\/div>\n<\/form>\n<\/div>\n<div class=\"fusion-clearfix\"><\/div><\/div><\/div><\/div><div class=\"fusion-clearfix\"><\/div><\/div><\/div><div class=\"fusion-layout-column fusion_builder_column fusion-builder-column-5 fusion_builder_column_1_6 1_6 fusion-one-sixth fusion-column-last fusion-no-small-visibility\" style=\"--awb-bg-size:cover;width:13.3333%;\"><div class=\"fusion-column-wrapper fusion-flex-column-wrapper-legacy\"><div class=\"fusion-sep-clear\"><\/div><div class=\"fusion-separator fusion-full-width-sep\" style=\"margin-left: auto;margin-right: auto;width:100%;\"><\/div><div class=\"fusion-sep-clear\"><\/div><div class=\"fusion-clearfix\"><\/div><\/div><\/div><\/div><\/div><\/div>\n<div class=\"fusion-fullwidth fullwidth-box fusion-builder-row-3 hundred-percent-fullwidth non-hundred-percent-height-scrolling\" style=\"--awb-border-radius-top-left:0px;--awb-border-radius-top-right:0px;--awb-border-radius-bottom-right:0px;--awb-border-radius-bottom-left:0px;--awb-border-sizes-top:0px;--awb-border-sizes-bottom:0px;--awb-flex-wrap:wrap;\" ><div class=\"fusion-builder-row fusion-row\"><div class=\"fusion-layout-column fusion_builder_column fusion-builder-column-6 fusion_builder_column_1_1 1_1 fusion-one-full fusion-column-first fusion-column-last fusion-column-no-min-height\" style=\"--awb-bg-size:cover;\"><div class=\"fusion-column-wrapper fusion-flex-column-wrapper-legacy\"><div class=\"shortcode-map fusion-google-map fusion-maps-embed-type\"><iframe width=\"100%\" height=\"400px\" frameborder=\"0\" style=\"border:0\" src=\"https:\/\/www.google.com\/maps\/embed\/v1\/place?key=AIzaSyAg2Oct1uaDBMwW-tMW17nvn0Pje9tC4iw&language=de&q=Templiner+Stra\u00dfe+16,+10119+Berlin&maptype=roadmap&zoom=14\" allowfullscreen><\/iframe><\/div><div class=\"fusion-clearfix\"><\/div><\/div><\/div><\/div><\/div><\/p>\n","protected":false},"excerpt":{"rendered":"","protected":false},"author":1,"featured_media":0,"parent":0,"menu_order":0,"comment_status":"closed","ping_status":"closed","template":"100-width.php","meta":{"_bbp_topic_count":0,"_bbp_reply_count":0,"_bbp_total_topic_count":0,"_bbp_total_reply_count":0,"_bbp_voice_count":0,"_bbp_anonymous_reply_count":0,"_bbp_topic_count_hidden":0,"_bbp_reply_count_hidden":0,"_bbp_forum_subforum_count":0,"footnotes":""},"class_list":["post-1731","page","type-page","status-publish","hentry"],"yoast_head":"<!-- This site is optimized with the Yoast SEO plugin v27.4 - https:\/\/yoast.com\/product\/yoast-seo-wordpress\/ -->\n<title>Werkstudent (m\/w\/d) f\u00fcr Android-Entwicklung - KomRe AG<\/title>\n<meta name=\"robots\" content=\"index, follow, max-snippet:-1, max-image-preview:large, max-video-preview:-1\" \/>\n<link rel=\"canonical\" href=\"https:\/\/komre.de\/index.php\/werkstudent-m-w-d-fuer-android-entwicklung\/\" \/>\n<meta property=\"og:locale\" content=\"de_DE\" \/>\n<meta property=\"og:type\" content=\"article\" \/>\n<meta property=\"og:title\" content=\"Werkstudent (m\/w\/d) f\u00fcr Android-Entwicklung - KomRe AG\" \/>\n<meta property=\"og:url\" content=\"https:\/\/komre.de\/index.php\/werkstudent-m-w-d-fuer-android-entwicklung\/\" \/>\n<meta property=\"og:site_name\" content=\"KomRe AG\" \/>\n<meta property=\"article:modified_time\" content=\"2020-06-02T11:46:18+00:00\" \/>\n<meta name=\"twitter:card\" content=\"summary_large_image\" \/>\n<meta name=\"twitter:label1\" content=\"Gesch\u00e4tzte Lesezeit\" \/>\n\t<meta name=\"twitter:data1\" content=\"1\u00a0Minute\" \/>\n<script type=\"application\/ld+json\" class=\"yoast-schema-graph\">{\"@context\":\"https:\\\/\\\/schema.org\",\"@graph\":[{\"@type\":\"WebPage\",\"@id\":\"https:\\\/\\\/komre.de\\\/index.php\\\/werkstudent-m-w-d-fuer-android-entwicklung\\\/\",\"url\":\"https:\\\/\\\/komre.de\\\/index.php\\\/werkstudent-m-w-d-fuer-android-entwicklung\\\/\",\"name\":\"Werkstudent (m\\\/w\\\/d) f\u00fcr Android-Entwicklung - KomRe AG\",\"isPartOf\":{\"@id\":\"https:\\\/\\\/komre.de\\\/#website\"},\"datePublished\":\"2020-04-17T07:51:25+00:00\",\"dateModified\":\"2020-06-02T11:46:18+00:00\",\"breadcrumb\":{\"@id\":\"https:\\\/\\\/komre.de\\\/index.php\\\/werkstudent-m-w-d-fuer-android-entwicklung\\\/#breadcrumb\"},\"inLanguage\":\"de\",\"potentialAction\":[{\"@type\":\"ReadAction\",\"target\":[\"https:\\\/\\\/komre.de\\\/index.php\\\/werkstudent-m-w-d-fuer-android-entwicklung\\\/\"]}]},{\"@type\":\"BreadcrumbList\",\"@id\":\"https:\\\/\\\/komre.de\\\/index.php\\\/werkstudent-m-w-d-fuer-android-entwicklung\\\/#breadcrumb\",\"itemListElement\":[{\"@type\":\"ListItem\",\"position\":1,\"name\":\"Startseite\",\"item\":\"https:\\\/\\\/komre.de\\\/\"},{\"@type\":\"ListItem\",\"position\":2,\"name\":\"Werkstudent (m\\\/w\\\/d) f\u00fcr Android-Entwicklung\"}]},{\"@type\":\"WebSite\",\"@id\":\"https:\\\/\\\/komre.de\\\/#website\",\"url\":\"https:\\\/\\\/komre.de\\\/\",\"name\":\"KomRe AG\",\"description\":\"Die KomRe AG ist Deutschlands f\u00fchrender Anbieter im Bereich der mobilen Kraftstofflogistik f\u00fcr Notstrom und ausfallgesch\u00fctzter Kommunikation bei Blackout.\",\"potentialAction\":[{\"@type\":\"SearchAction\",\"target\":{\"@type\":\"EntryPoint\",\"urlTemplate\":\"https:\\\/\\\/komre.de\\\/?s={search_term_string}\"},\"query-input\":{\"@type\":\"PropertyValueSpecification\",\"valueRequired\":true,\"valueName\":\"search_term_string\"}}],\"inLanguage\":\"de\"}]}<\/script>\n<!-- \/ Yoast SEO plugin. -->","yoast_head_json":{"title":"Werkstudent (m\/w\/d) f\u00fcr Android-Entwicklung - KomRe AG","robots":{"index":"index","follow":"follow","max-snippet":"max-snippet:-1","max-image-preview":"max-image-preview:large","max-video-preview":"max-video-preview:-1"},"canonical":"https:\/\/komre.de\/index.php\/werkstudent-m-w-d-fuer-android-entwicklung\/","og_locale":"de_DE","og_type":"article","og_title":"Werkstudent (m\/w\/d) f\u00fcr Android-Entwicklung - KomRe AG","og_url":"https:\/\/komre.de\/index.php\/werkstudent-m-w-d-fuer-android-entwicklung\/","og_site_name":"KomRe AG","article_modified_time":"2020-06-02T11:46:18+00:00","twitter_card":"summary_large_image","twitter_misc":{"Gesch\u00e4tzte Lesezeit":"1\u00a0Minute"},"schema":{"@context":"https:\/\/schema.org","@graph":[{"@type":"WebPage","@id":"https:\/\/komre.de\/index.php\/werkstudent-m-w-d-fuer-android-entwicklung\/","url":"https:\/\/komre.de\/index.php\/werkstudent-m-w-d-fuer-android-entwicklung\/","name":"Werkstudent (m\/w\/d) f\u00fcr Android-Entwicklung - KomRe AG","isPartOf":{"@id":"https:\/\/komre.de\/#website"},"datePublished":"2020-04-17T07:51:25+00:00","dateModified":"2020-06-02T11:46:18+00:00","breadcrumb":{"@id":"https:\/\/komre.de\/index.php\/werkstudent-m-w-d-fuer-android-entwicklung\/#breadcrumb"},"inLanguage":"de","potentialAction":[{"@type":"ReadAction","target":["https:\/\/komre.de\/index.php\/werkstudent-m-w-d-fuer-android-entwicklung\/"]}]},{"@type":"BreadcrumbList","@id":"https:\/\/komre.de\/index.php\/werkstudent-m-w-d-fuer-android-entwicklung\/#breadcrumb","itemListElement":[{"@type":"ListItem","position":1,"name":"Startseite","item":"https:\/\/komre.de\/"},{"@type":"ListItem","position":2,"name":"Werkstudent (m\/w\/d) f\u00fcr Android-Entwicklung"}]},{"@type":"WebSite","@id":"https:\/\/komre.de\/#website","url":"https:\/\/komre.de\/","name":"KomRe AG","description":"Die KomRe AG ist Deutschlands f\u00fchrender Anbieter im Bereich der mobilen Kraftstofflogistik f\u00fcr Notstrom und ausfallgesch\u00fctzter Kommunikation bei Blackout.","potentialAction":[{"@type":"SearchAction","target":{"@type":"EntryPoint","urlTemplate":"https:\/\/komre.de\/?s={search_term_string}"},"query-input":{"@type":"PropertyValueSpecification","valueRequired":true,"valueName":"search_term_string"}}],"inLanguage":"de"}]}},"_links":{"self":[{"href":"https:\/\/komre.de\/index.php\/wp-json\/wp\/v2\/pages\/1731","targetHints":{"allow":["GET"]}}],"collection":[{"href":"https:\/\/komre.de\/index.php\/wp-json\/wp\/v2\/pages"}],"about":[{"href":"https:\/\/komre.de\/index.php\/wp-json\/wp\/v2\/types\/page"}],"author":[{"embeddable":true,"href":"https:\/\/komre.de\/index.php\/wp-json\/wp\/v2\/users\/1"}],"replies":[{"embeddable":true,"href":"https:\/\/komre.de\/index.php\/wp-json\/wp\/v2\/comments?post=1731"}],"version-history":[{"count":6,"href":"https:\/\/komre.de\/index.php\/wp-json\/wp\/v2\/pages\/1731\/revisions"}],"predecessor-version":[{"id":1897,"href":"https:\/\/komre.de\/index.php\/wp-json\/wp\/v2\/pages\/1731\/revisions\/1897"}],"wp:attachment":[{"href":"https:\/\/komre.de\/index.php\/wp-json\/wp\/v2\/media?parent=1731"}],"curies":[{"name":"wp","href":"https:\/\/api.w.org\/{rel}","templated":true}]}}