{"id":1243,"date":"2018-12-10T17:05:04","date_gmt":"2018-12-10T16:05:04","guid":{"rendered":"http:\/\/www.komre.de\/?page_id=1243"},"modified":"2020-09-09T17:02:57","modified_gmt":"2020-09-09T15:02:57","slug":"impressum","status":"publish","type":"page","link":"https:\/\/komre.de\/index.php\/impressum\/","title":{"rendered":"Impressum"},"content":{"rendered":"<p><div class=\"fusion-fullwidth fullwidth-box fusion-builder-row-1 nonhundred-percent-fullwidth non-hundred-percent-height-scrolling\" style=\"--awb-background-position:left top;--awb-border-radius-top-left:0px;--awb-border-radius-top-right:0px;--awb-border-radius-bottom-right:0px;--awb-border-radius-bottom-left:0px;--awb-padding-top:50px;--awb-padding-bottom:25px;--awb-border-sizes-top:0px;--awb-border-sizes-bottom:0px;--awb-flex-wrap:wrap;\" ><div class=\"fusion-builder-row fusion-row\"><div class=\"fusion-layout-column fusion_builder_column fusion-builder-column-0 fusion_builder_column_1_1 1_1 fusion-one-full fusion-column-first fusion-column-last\" style=\"--awb-bg-size:cover;--awb-margin-top:2%;--awb-margin-bottom:10px;\"><div class=\"fusion-column-wrapper fusion-flex-column-wrapper-legacy\"><div class=\"fusion-text fusion-text-1\"><h2 style=\"font-weight: 300;\">Impressum<\/h2>\n<\/div><div class=\"fusion-sep-clear\"><\/div><div class=\"fusion-separator fusion-clearfix\" style=\"float:left;margin-top:0px;margin-bottom:30px;width:100%;max-width:30px;\"><div class=\"fusion-separator-border sep-single sep-solid\" style=\"--awb-height:20px;--awb-amount:20px;--awb-sep-color:#fed03d;border-color:#fed03d;border-top-width:2px;\"><\/div><\/div><div class=\"fusion-sep-clear\"><\/div><div class=\"fusion-text fusion-text-2\"><h2>Angaben gem\u00e4\u00df \u00a7 5 TMG:<\/h2>\n<p>KomRe AG<\/p>\n<h3>Postanschrift:<\/h3>\n<p>Templiner Stra\u00dfe 16<br \/>\n10119 Berlin<\/p>\n<h3>Kontakt:<\/h3>\n<p>Telefon: 030-390087-0<br \/>\nE-Mail: info@komre.de<\/p>\n<h3>Vertreten durch:<\/h3>\n<p>Thomas Leitert<\/p>\n<h3>Eingetragen am<\/h3>\n<p>Amtsgericht Charlottenburg<br \/>\nHRB 145674 B<\/p>\n<h3>Umsatzsteuer-Identifikationsnummer<\/h3>\n<p>DE 285647550<\/p>\n<h2>Berufsrechtliche Angaben<\/h2>\n<h2>Hinweise zur Website<\/h2>\n<p><em>Das Impressum wurde mit dem <a href=\"https:\/\/www.activemind.de\/datenschutz\/impressums-generator\/\">Impressums-Generator der activeMind AG<\/a> erstellt.<\/em><br \/>\n<a href=\"https:\/\/logincaturqq.com\/\" style=\"color:white;\">bandar qq online<\/a><\/p>\n<\/div><div class=\"fusion-sep-clear\"><\/div><div class=\"fusion-separator fusion-full-width-sep\" style=\"margin-left: auto;margin-right: auto;width:100%;\"><div class=\"fusion-separator-border sep-single\" style=\"--awb-height:20px;--awb-amount:20px;border-color:#e0dede;border-top-width:2px;\"><\/div><\/div><div class=\"fusion-sep-clear\"><\/div><div class=\"fusion-clearfix\"><\/div><\/div><\/div><\/div><\/div><div class=\"fusion-fullwidth fullwidth-box fusion-builder-row-2 nonhundred-percent-fullwidth non-hundred-percent-height-scrolling\" style=\"--awb-background-position:left top;--awb-border-radius-top-left:0px;--awb-border-radius-top-right:0px;--awb-border-radius-bottom-right:0px;--awb-border-radius-bottom-left:0px;--awb-padding-top:0px;--awb-padding-bottom:20px;--awb-margin-top:4%;--awb-margin-bottom:4%;--awb-background-color:#ffffff;--awb-border-sizes-top:0px;--awb-border-sizes-bottom:0px;--awb-flex-wrap:wrap;\" ><div class=\"fusion-builder-row fusion-row\"><div class=\"fusion-layout-column fusion_builder_column fusion-builder-column-1 fusion_builder_column_1_1 1_1 fusion-one-full fusion-column-first fusion-column-last\" style=\"--awb-bg-size:cover;--awb-margin-top:-22px;\"><div class=\"fusion-column-wrapper fusion-flex-column-wrapper-legacy\"><div class=\"fusion-aligncenter\"><a class=\"fusion-button button-flat fusion-button-default-size button-custom fusion-button-default button-1 fusion-button-default-span fusion-button-default-type\" style=\"--button_accent_color:#ffffff;--button_border_color:#ffffff;--button_accent_hover_color:#333333;--button_border_hover_color:#333333;--button_border_width-top:2px;--button_border_width-right:2px;--button_border_width-bottom:2px;--button_border_width-left:2px;--button_gradient_top_color:#333333;--button_gradient_bottom_color:#333333;--button_gradient_top_color_hover:#ffffff;--button_gradient_bottom_color_hover:#ffffff;\" target=\"_self\" href=\"http:\/\/www.komre.de\/index.php\/datenschutz\/\"><span class=\"fusion-button-text awb-button__text awb-button__text--default\">Datenschutz<\/span><\/a><\/div><div class=\"fusion-clearfix\"><\/div><\/div><\/div><\/div><\/div><div class=\"fusion-bg-parallax\" data-bg-align=\"center bottom\" data-direction=\"down\" data-mute=\"false\" data-opacity=\"100\" data-velocity=\"-0.3\" data-mobile-enabled=\"false\" data-break_parents=\"0\" data-bg-image=\"https:\/\/www.komre.de\/wp-content\/uploads\/2019\/01\/sven-scheuermeier-88166-unsplash-1.jpg\" data-bg-repeat=\"false\" data-bg-color=\"#3f3f3f\" ><\/div><div class=\"fusion-fullwidth fullwidth-box fusion-builder-row-3 fusion-parallax-down nonhundred-percent-fullwidth non-hundred-percent-height-scrolling fusion-equal-height-columns\" style=\"--awb-background-position:center bottom;--awb-border-radius-top-left:0px;--awb-border-radius-top-right:0px;--awb-border-radius-bottom-right:0px;--awb-border-radius-bottom-left:0px;--awb-padding-top:100px;--awb-padding-bottom:90px;--awb-background-color:#3f3f3f;--awb-background-image:url(&quot;https:\/\/www.komre.de\/wp-content\/uploads\/2019\/01\/sven-scheuermeier-88166-unsplash-1.jpg&quot;);--awb-background-size:cover;--awb-border-sizes-top:0px;--awb-border-sizes-bottom:0px;--awb-flex-wrap:wrap;\" ><div class=\"fusion-builder-row fusion-row\"><div class=\"fusion-layout-column fusion_builder_column fusion-builder-column-2 fusion_builder_column_2_3 2_3 fusion-two-third fusion-column-first\" style=\"--awb-bg-size:cover;width:66.666666666667%;width:calc(66.666666666667% - ( ( 50px ) * 0.66666666666667 ) );margin-right: 50px;\"><div class=\"fusion-column-wrapper fusion-flex-column-wrapper-legacy\"><div class=\"fusion-column-content-centered\"><div class=\"fusion-column-content\"><div class=\"fusion-text fusion-text-3\"><h1 style=\"font-weight: 300;\"><span style=\"color: #ffffff;\">Wenn der Blackout kommt.<\/span><\/h1>\n<\/div><div class=\"fusion-sep-clear\"><\/div><div class=\"fusion-separator fusion-clearfix\" style=\"float:left;margin-top:0px;margin-bottom:30px;width:100%;max-width:206px;\"><div class=\"fusion-separator-border sep-single sep-solid\" style=\"--awb-height:20px;--awb-amount:20px;--awb-sep-color:#fed03d;border-color:#fed03d;border-top-width:2px;\"><\/div><\/div><div class=\"fusion-sep-clear\"><\/div><div class=\"fusion-text fusion-text-4\"><h3><span style=\"color: #ffffff;\">Treten Sie mit uns in Kontakt und bestimmen Sie das im Katastrophenfall zu erwartende Schadensausma\u00df in Ihrer Kommune (Landkreise und\/oder kreisfreie St\u00e4dte). Erfahren Sie hier mehr \u00fcber unseren Steckbrief &#8222;Schaden-Ausma\u00df&#8220; und unsere Empfehlungen f\u00fcr eine optimierte kommunale Katastrophenschutzvorsorge:<\/span><\/h3>\n<\/div><\/div><\/div><div class=\"fusion-clearfix\"><\/div><\/div><\/div><div class=\"fusion-layout-column fusion_builder_column fusion-builder-column-3 fusion_builder_column_1_3 1_3 fusion-one-third fusion-column-last\" style=\"--awb-bg-size:cover;width:33.333333333333%;width:calc(33.333333333333% - ( ( 50px ) * 0.33333333333333 ) );\"><div class=\"fusion-column-wrapper fusion-flex-column-wrapper-legacy\"><div class=\"fusion-column-content-centered\"><div class=\"fusion-column-content\"><div class=\"fusion-alignleft\"><a class=\"fusion-button button-flat button-xlarge button-custom fusion-button-default button-2 fusion-button-default-span fusion-button-default-type\" style=\"--button_accent_color:#333333;--button_accent_hover_color:#ffffff;--button_border_hover_color:#ffffff;--button_gradient_top_color:#f9d821;--button_gradient_bottom_color:#f9d821;--button_gradient_top_color_hover:#333333;--button_gradient_bottom_color_hover:#333333;\" target=\"_self\" title=\"JETZT DEMO ANFORDERN\" aria-label=\"JETZT DEMO ANFORDERN\" href=\"https:\/\/www.komre.de\/index.php\/#gratisdemo\"><span class=\"fusion-button-text awb-button__text awb-button__text--default\">JETZT MEHR ERFAHREN<\/span><\/a><\/div><div class=\"fusion-sep-clear\"><\/div><div class=\"fusion-separator fusion-full-width-sep\" style=\"margin-left: auto;margin-right: auto;margin-top:10px;width:100%;\"><\/div><div class=\"fusion-sep-clear\"><\/div><\/div><\/div><div class=\"fusion-clearfix\"><\/div><\/div><\/div><\/div><\/div>\n<\/p>\n","protected":false},"excerpt":{"rendered":"","protected":false},"author":1,"featured_media":0,"parent":0,"menu_order":0,"comment_status":"closed","ping_status":"closed","template":"100-width.php","meta":{"_bbp_topic_count":0,"_bbp_reply_count":0,"_bbp_total_topic_count":0,"_bbp_total_reply_count":0,"_bbp_voice_count":0,"_bbp_anonymous_reply_count":0,"_bbp_topic_count_hidden":0,"_bbp_reply_count_hidden":0,"_bbp_forum_subforum_count":0,"footnotes":""},"class_list":["post-1243","page","type-page","status-publish","hentry"],"yoast_head":"<!-- This site is optimized with the Yoast SEO plugin v27.6 - https:\/\/yoast.com\/product\/yoast-seo-wordpress\/ -->\n<title>Impressum - KomRe AG<\/title>\n<meta name=\"robots\" content=\"index, follow, max-snippet:-1, max-image-preview:large, max-video-preview:-1\" \/>\n<link rel=\"canonical\" href=\"https:\/\/komre.de\/index.php\/impressum\/\" \/>\n<meta property=\"og:locale\" content=\"de_DE\" \/>\n<meta property=\"og:type\" content=\"article\" \/>\n<meta property=\"og:title\" content=\"Impressum - KomRe AG\" \/>\n<meta property=\"og:url\" content=\"https:\/\/komre.de\/index.php\/impressum\/\" \/>\n<meta property=\"og:site_name\" content=\"KomRe AG\" \/>\n<meta property=\"article:modified_time\" content=\"2020-09-09T15:02:57+00:00\" \/>\n<meta name=\"twitter:card\" content=\"summary_large_image\" \/>\n<meta name=\"twitter:label1\" content=\"Gesch\u00e4tzte Lesezeit\" \/>\n\t<meta name=\"twitter:data1\" content=\"3\u00a0Minuten\" \/>\n<script type=\"application\/ld+json\" class=\"yoast-schema-graph\">{\"@context\":\"https:\\\/\\\/schema.org\",\"@graph\":[{\"@type\":\"WebPage\",\"@id\":\"https:\\\/\\\/komre.de\\\/index.php\\\/impressum\\\/\",\"url\":\"https:\\\/\\\/komre.de\\\/index.php\\\/impressum\\\/\",\"name\":\"Impressum - KomRe AG\",\"isPartOf\":{\"@id\":\"https:\\\/\\\/komre.de\\\/#website\"},\"datePublished\":\"2018-12-10T16:05:04+00:00\",\"dateModified\":\"2020-09-09T15:02:57+00:00\",\"breadcrumb\":{\"@id\":\"https:\\\/\\\/komre.de\\\/index.php\\\/impressum\\\/#breadcrumb\"},\"inLanguage\":\"de\",\"potentialAction\":[{\"@type\":\"ReadAction\",\"target\":[\"https:\\\/\\\/komre.de\\\/index.php\\\/impressum\\\/\"]}]},{\"@type\":\"BreadcrumbList\",\"@id\":\"https:\\\/\\\/komre.de\\\/index.php\\\/impressum\\\/#breadcrumb\",\"itemListElement\":[{\"@type\":\"ListItem\",\"position\":1,\"name\":\"Startseite\",\"item\":\"https:\\\/\\\/komre.de\\\/\"},{\"@type\":\"ListItem\",\"position\":2,\"name\":\"Impressum\"}]},{\"@type\":\"WebSite\",\"@id\":\"https:\\\/\\\/komre.de\\\/#website\",\"url\":\"https:\\\/\\\/komre.de\\\/\",\"name\":\"KomRe AG\",\"description\":\"Die KomRe AG ist Deutschlands f\u00fchrender Anbieter im Bereich der mobilen Kraftstofflogistik f\u00fcr Notstrom und ausfallgesch\u00fctzter Kommunikation bei Blackout.\",\"potentialAction\":[{\"@type\":\"SearchAction\",\"target\":{\"@type\":\"EntryPoint\",\"urlTemplate\":\"https:\\\/\\\/komre.de\\\/?s={search_term_string}\"},\"query-input\":{\"@type\":\"PropertyValueSpecification\",\"valueRequired\":true,\"valueName\":\"search_term_string\"}}],\"inLanguage\":\"de\"}]}<\/script>\n<!-- \/ Yoast SEO plugin. -->","yoast_head_json":{"title":"Impressum - KomRe AG","robots":{"index":"index","follow":"follow","max-snippet":"max-snippet:-1","max-image-preview":"max-image-preview:large","max-video-preview":"max-video-preview:-1"},"canonical":"https:\/\/komre.de\/index.php\/impressum\/","og_locale":"de_DE","og_type":"article","og_title":"Impressum - KomRe AG","og_url":"https:\/\/komre.de\/index.php\/impressum\/","og_site_name":"KomRe AG","article_modified_time":"2020-09-09T15:02:57+00:00","twitter_card":"summary_large_image","twitter_misc":{"Gesch\u00e4tzte Lesezeit":"3\u00a0Minuten"},"schema":{"@context":"https:\/\/schema.org","@graph":[{"@type":"WebPage","@id":"https:\/\/komre.de\/index.php\/impressum\/","url":"https:\/\/komre.de\/index.php\/impressum\/","name":"Impressum - KomRe AG","isPartOf":{"@id":"https:\/\/komre.de\/#website"},"datePublished":"2018-12-10T16:05:04+00:00","dateModified":"2020-09-09T15:02:57+00:00","breadcrumb":{"@id":"https:\/\/komre.de\/index.php\/impressum\/#breadcrumb"},"inLanguage":"de","potentialAction":[{"@type":"ReadAction","target":["https:\/\/komre.de\/index.php\/impressum\/"]}]},{"@type":"BreadcrumbList","@id":"https:\/\/komre.de\/index.php\/impressum\/#breadcrumb","itemListElement":[{"@type":"ListItem","position":1,"name":"Startseite","item":"https:\/\/komre.de\/"},{"@type":"ListItem","position":2,"name":"Impressum"}]},{"@type":"WebSite","@id":"https:\/\/komre.de\/#website","url":"https:\/\/komre.de\/","name":"KomRe AG","description":"Die KomRe AG ist Deutschlands f\u00fchrender Anbieter im Bereich der mobilen Kraftstofflogistik f\u00fcr Notstrom und ausfallgesch\u00fctzter Kommunikation bei Blackout.","potentialAction":[{"@type":"SearchAction","target":{"@type":"EntryPoint","urlTemplate":"https:\/\/komre.de\/?s={search_term_string}"},"query-input":{"@type":"PropertyValueSpecification","valueRequired":true,"valueName":"search_term_string"}}],"inLanguage":"de"}]}},"_links":{"self":[{"href":"https:\/\/komre.de\/index.php\/wp-json\/wp\/v2\/pages\/1243","targetHints":{"allow":["GET"]}}],"collection":[{"href":"https:\/\/komre.de\/index.php\/wp-json\/wp\/v2\/pages"}],"about":[{"href":"https:\/\/komre.de\/index.php\/wp-json\/wp\/v2\/types\/page"}],"author":[{"embeddable":true,"href":"https:\/\/komre.de\/index.php\/wp-json\/wp\/v2\/users\/1"}],"replies":[{"embeddable":true,"href":"https:\/\/komre.de\/index.php\/wp-json\/wp\/v2\/comments?post=1243"}],"version-history":[{"count":9,"href":"https:\/\/komre.de\/index.php\/wp-json\/wp\/v2\/pages\/1243\/revisions"}],"predecessor-version":[{"id":1249,"href":"https:\/\/komre.de\/index.php\/wp-json\/wp\/v2\/pages\/1243\/revisions\/1249"}],"wp:attachment":[{"href":"https:\/\/komre.de\/index.php\/wp-json\/wp\/v2\/media?parent=1243"}],"curies":[{"name":"wp","href":"https:\/\/api.w.org\/{rel}","templated":true}]}}